{"id":6924,"date":"2021-01-28T14:14:52","date_gmt":"2021-01-28T13:14:52","guid":{"rendered":"https:\/\/fittwear.nl\/?post_type=product&#038;p=6924"},"modified":"2026-04-16T00:55:37","modified_gmt":"2026-04-15T22:55:37","slug":"brave-top-noir","status":"publish","type":"product","link":"https:\/\/fittwear.nl\/fr\/product\/brave-top-zwart\/","title":{"rendered":"Brave Top Noir"},"content":{"rendered":"<p>- Top de sport tendance<\/p>\n<p>- Les favoris de toujours<\/p>\n<p>- Coussinets amovibles<\/p>\n<p>- Peut \u00eatre port\u00e9 sans soutien-gorge<\/p>\n<p>- Respirabilit\u00e9<\/p>\n<p>- Tissu \u00e0 s\u00e9chage rapide<\/p>\n<p>- 100% polyester<\/p>\n<p>- Couleur : noir<\/p>\n<p>- Le mod\u00e8le Donna mesure 1,82 et porte la taille M.<\/p>","protected":false},"excerpt":{"rendered":"<p>Un haut de sport pr\u00e9f\u00e9r\u00e9 de tous les temps. Facile \u00e0 combiner avec tout ! Extr\u00eamement confortable \u00e0 porter gr\u00e2ce \u00e0 un tissu agr\u00e9able aux propri\u00e9t\u00e9s respirantes et \u00e0 s\u00e9chage rapide. Gr\u00e2ce aux coussinets, ce haut peut \u00eatre port\u00e9 sans soutien-gorge de sport.<\/p>\n<p><strong>Le mod\u00e8le Donna mesure 1,82 et porte la taille M.<\/strong><\/p>","protected":false},"featured_media":6931,"template":"","meta":{"_acf_changed":false},"product_brand":[],"product_cat":[4836,4791,4812,27,79,114,61],"product_tag":[102],"class_list":{"0":"post-6924","1":"product","2":"type-product","3":"status-publish","4":"has-post-thumbnail","6":"product_cat-sleeveless-tanktops-dames","7":"product_cat-city-vibes","8":"product_cat-forever-favorites-categorie","9":"product_cat-dames","10":"product_cat-tanktops-dames","11":"product_cat-best-sellers","12":"product_cat-shoppen-op-stijl","13":"product_tag-sport-bh-effen","15":"first","16":"instock","17":"taxable","18":"shipping-taxable","19":"purchasable","20":"product-type-variable","21":"has-default-attributes"},"acf":[],"yoast_head":"<!-- This site is optimized with the Yoast SEO plugin v27.1.1 - https:\/\/yoast.com\/product\/yoast-seo-wordpress\/ -->\n<title>Brave Top Black - Dames Sport Tops - FITTwear.nl<\/title>\n<meta name=\"description\" content=\"Een all time favourite sport top. Gemakkelijk bij alles te combineren! Een enorm prettig draagcomfort dankzij de aangename stof met een ademend en sneldrogend vermogen. Dankzij de pads is deze top prima zonder sport BH te dragen.  model donna is 1.82 en draagt maat M\" \/>\n<meta name=\"robots\" content=\"index, follow, max-snippet:-1, max-image-preview:large, max-video-preview:-1\" \/>\n<link rel=\"canonical\" href=\"https:\/\/fittwear.nl\/fr\/produit-2\/brave-top-noir\/\" \/>\n<meta property=\"og:locale\" content=\"fr_FR\" \/>\n<meta property=\"og:type\" content=\"article\" \/>\n<meta property=\"og:title\" content=\"Brave Top Black - Dames Sport Tops - FITTwear.nl\" \/>\n<meta property=\"og:description\" content=\"Een all time favourite sport top. Gemakkelijk bij alles te combineren! Een enorm prettig draagcomfort dankzij de aangename stof met een ademend en sneldrogend vermogen. Dankzij de pads is deze top prima zonder sport BH te dragen.  model donna is 1.82 en draagt maat M\" \/>\n<meta property=\"og:url\" content=\"https:\/\/fittwear.nl\/fr\/produit-2\/brave-top-noir\/\" \/>\n<meta property=\"og:site_name\" content=\"FITTwear.nl\" \/>\n<meta property=\"article:modified_time\" content=\"2026-04-15T22:55:37+00:00\" \/>\n<meta property=\"og:image\" content=\"https:\/\/fittwear.nl\/wp-content\/uploads\/2021\/01\/ultra-high-waste-legging-top-nieuw_Bovenkant-voor_jpg_2-1.jpg\" \/>\n\t<meta property=\"og:image:width\" content=\"1030\" \/>\n\t<meta property=\"og:image:height\" content=\"1544\" \/>\n\t<meta property=\"og:image:type\" content=\"image\/jpeg\" \/>\n<meta name=\"twitter:card\" content=\"summary_large_image\" \/>\n<meta name=\"twitter:label1\" content=\"Dur\u00e9e de lecture estim\u00e9e\" \/>\n\t<meta name=\"twitter:data1\" content=\"1 minute\" \/>\n<script type=\"application\/ld+json\" class=\"yoast-schema-graph\">{\"@context\":\"https:\/\/schema.org\",\"@graph\":[{\"@type\":\"WebPage\",\"@id\":\"https:\/\/fittwear.nl\/product\/brave-top-zwart\/\",\"url\":\"https:\/\/fittwear.nl\/product\/brave-top-zwart\/\",\"name\":\"Brave Top Black - Dames Sport Tops - FITTwear.nl\",\"isPartOf\":{\"@id\":\"https:\/\/fittwear.nl\/#website\"},\"primaryImageOfPage\":{\"@id\":\"https:\/\/fittwear.nl\/product\/brave-top-zwart\/#primaryimage\"},\"image\":{\"@id\":\"https:\/\/fittwear.nl\/product\/brave-top-zwart\/#primaryimage\"},\"thumbnailUrl\":\"https:\/\/fittwear.nl\/wp-content\/uploads\/2021\/01\/ultra-high-waste-legging-top-nieuw_Bovenkant-voor_jpg_2-1.jpg\",\"datePublished\":\"2021-01-28T13:14:52+00:00\",\"dateModified\":\"2026-04-15T22:55:37+00:00\",\"description\":\"Een all time favourite sport top. Gemakkelijk bij alles te combineren! Een enorm prettig draagcomfort dankzij de aangename stof met een ademend en sneldrogend vermogen. Dankzij de pads is deze top prima zonder sport BH te dragen. model donna is 1.82 en draagt maat M\",\"breadcrumb\":{\"@id\":\"https:\/\/fittwear.nl\/product\/brave-top-zwart\/#breadcrumb\"},\"inLanguage\":\"fr-FR\",\"potentialAction\":[{\"@type\":\"ReadAction\",\"target\":[\"https:\/\/fittwear.nl\/product\/brave-top-zwart\/\"]}]},{\"@type\":\"ImageObject\",\"inLanguage\":\"fr-FR\",\"@id\":\"https:\/\/fittwear.nl\/product\/brave-top-zwart\/#primaryimage\",\"url\":\"https:\/\/fittwear.nl\/wp-content\/uploads\/2021\/01\/ultra-high-waste-legging-top-nieuw_Bovenkant-voor_jpg_2-1.jpg\",\"contentUrl\":\"https:\/\/fittwear.nl\/wp-content\/uploads\/2021\/01\/ultra-high-waste-legging-top-nieuw_Bovenkant-voor_jpg_2-1.jpg\",\"width\":1030,\"height\":1544},{\"@type\":\"BreadcrumbList\",\"@id\":\"https:\/\/fittwear.nl\/product\/brave-top-zwart\/#breadcrumb\",\"itemListElement\":[{\"@type\":\"ListItem\",\"position\":1,\"name\":\"Home\",\"item\":\"https:\/\/fittwear.nl\/\"},{\"@type\":\"ListItem\",\"position\":2,\"name\":\"Shop\",\"item\":\"https:\/\/fittwear.nl\/shop\/\"},{\"@type\":\"ListItem\",\"position\":3,\"name\":\"Brave Top Black\"}]},{\"@type\":\"WebSite\",\"@id\":\"https:\/\/fittwear.nl\/#website\",\"url\":\"https:\/\/fittwear.nl\/\",\"name\":\"FITTwear.nl\",\"description\":\"Time to shine!\",\"publisher\":{\"@id\":\"https:\/\/fittwear.nl\/#organization\"},\"potentialAction\":[{\"@type\":\"SearchAction\",\"target\":{\"@type\":\"EntryPoint\",\"urlTemplate\":\"https:\/\/fittwear.nl\/?s={search_term_string}\"},\"query-input\":{\"@type\":\"PropertyValueSpecification\",\"valueRequired\":true,\"valueName\":\"search_term_string\"}}],\"inLanguage\":\"fr-FR\"},{\"@type\":\"Organization\",\"@id\":\"https:\/\/fittwear.nl\/#organization\",\"name\":\"FITTwear.nl\",\"url\":\"https:\/\/fittwear.nl\/\",\"logo\":{\"@type\":\"ImageObject\",\"inLanguage\":\"fr-FR\",\"@id\":\"https:\/\/fittwear.nl\/#\/schema\/logo\/image\/\",\"url\":\"https:\/\/fittwear.nl\/wp-content\/uploads\/2024\/07\/FITT-Logo-BeYOUtiful-website-homepage_Tekengebied-1-scaled.jpg\",\"contentUrl\":\"https:\/\/fittwear.nl\/wp-content\/uploads\/2024\/07\/FITT-Logo-BeYOUtiful-website-homepage_Tekengebied-1-scaled.jpg\",\"width\":2560,\"height\":599,\"caption\":\"FITTwear.nl\"},\"image\":{\"@id\":\"https:\/\/fittwear.nl\/#\/schema\/logo\/image\/\"}}]}<\/script>\n<!-- \/ Yoast SEO plugin. -->","yoast_head_json":{"title":"Brave Top Noir - Hauts de sport pour femmes - FITTwear.com","description":"Un haut de sport pr\u00e9f\u00e9r\u00e9 de tous les temps. Facile \u00e0 combiner avec tout ! Tr\u00e8s agr\u00e9able \u00e0 porter gr\u00e2ce \u00e0 son tissu agr\u00e9able, respirant et \u00e0 s\u00e9chage rapide. Gr\u00e2ce aux coussinets, ce haut peut \u00eatre port\u00e9 sans soutien-gorge de sport. Le mod\u00e8le donna mesure 1,82 et porte la taille M.","robots":{"index":"index","follow":"follow","max-snippet":"max-snippet:-1","max-image-preview":"max-image-preview:large","max-video-preview":"max-video-preview:-1"},"canonical":"https:\/\/fittwear.nl\/fr\/produit-2\/brave-top-noir\/","og_locale":"fr_FR","og_type":"article","og_title":"Brave Top Black - Dames Sport Tops - FITTwear.nl","og_description":"Een all time favourite sport top. Gemakkelijk bij alles te combineren! Een enorm prettig draagcomfort dankzij de aangename stof met een ademend en sneldrogend vermogen. Dankzij de pads is deze top prima zonder sport BH te dragen.  model donna is 1.82 en draagt maat M","og_url":"https:\/\/fittwear.nl\/fr\/produit-2\/brave-top-noir\/","og_site_name":"FITTwear.nl","article_modified_time":"2026-04-15T22:55:37+00:00","og_image":[{"width":1030,"height":1544,"url":"https:\/\/fittwear.nl\/wp-content\/uploads\/2021\/01\/ultra-high-waste-legging-top-nieuw_Bovenkant-voor_jpg_2-1.jpg","type":"image\/jpeg"}],"twitter_card":"summary_large_image","twitter_misc":{"Dur\u00e9e de lecture estim\u00e9e":"1 minute"},"schema":{"@context":"https:\/\/schema.org","@graph":[{"@type":"WebPage","@id":"https:\/\/fittwear.nl\/product\/brave-top-zwart\/","url":"https:\/\/fittwear.nl\/product\/brave-top-zwart\/","name":"Brave Top Noir - Hauts de sport pour femmes - FITTwear.com","isPartOf":{"@id":"https:\/\/fittwear.nl\/#website"},"primaryImageOfPage":{"@id":"https:\/\/fittwear.nl\/product\/brave-top-zwart\/#primaryimage"},"image":{"@id":"https:\/\/fittwear.nl\/product\/brave-top-zwart\/#primaryimage"},"thumbnailUrl":"https:\/\/fittwear.nl\/wp-content\/uploads\/2021\/01\/ultra-high-waste-legging-top-nieuw_Bovenkant-voor_jpg_2-1.jpg","datePublished":"2021-01-28T13:14:52+00:00","dateModified":"2026-04-15T22:55:37+00:00","description":"Un haut de sport pr\u00e9f\u00e9r\u00e9 de tous les temps. Facile \u00e0 combiner avec tout ! Tr\u00e8s agr\u00e9able \u00e0 porter gr\u00e2ce \u00e0 son tissu agr\u00e9able, respirant et \u00e0 s\u00e9chage rapide. Gr\u00e2ce aux coussinets, ce haut peut \u00eatre port\u00e9 sans soutien-gorge de sport. Le mod\u00e8le donna mesure 1,82 et porte la taille M.","breadcrumb":{"@id":"https:\/\/fittwear.nl\/product\/brave-top-zwart\/#breadcrumb"},"inLanguage":"fr-FR","potentialAction":[{"@type":"ReadAction","target":["https:\/\/fittwear.nl\/product\/brave-top-zwart\/"]}]},{"@type":"ImageObject","inLanguage":"fr-FR","@id":"https:\/\/fittwear.nl\/product\/brave-top-zwart\/#primaryimage","url":"https:\/\/fittwear.nl\/wp-content\/uploads\/2021\/01\/ultra-high-waste-legging-top-nieuw_Bovenkant-voor_jpg_2-1.jpg","contentUrl":"https:\/\/fittwear.nl\/wp-content\/uploads\/2021\/01\/ultra-high-waste-legging-top-nieuw_Bovenkant-voor_jpg_2-1.jpg","width":1030,"height":1544},{"@type":"BreadcrumbList","@id":"https:\/\/fittwear.nl\/product\/brave-top-zwart\/#breadcrumb","itemListElement":[{"@type":"ListItem","position":1,"name":"Home","item":"https:\/\/fittwear.nl\/"},{"@type":"ListItem","position":2,"name":"Shop","item":"https:\/\/fittwear.nl\/shop\/"},{"@type":"ListItem","position":3,"name":"Brave Top Black"}]},{"@type":"WebSite","@id":"https:\/\/fittwear.nl\/#website","url":"https:\/\/fittwear.nl\/","name":"FITTwear.co.uk","description":"C'est le moment de briller !","publisher":{"@id":"https:\/\/fittwear.nl\/#organization"},"potentialAction":[{"@type":"SearchAction","target":{"@type":"EntryPoint","urlTemplate":"https:\/\/fittwear.nl\/?s={search_term_string}"},"query-input":{"@type":"PropertyValueSpecification","valueRequired":true,"valueName":"search_term_string"}}],"inLanguage":"fr-FR"},{"@type":"Organization","@id":"https:\/\/fittwear.nl\/#organization","name":"FITTwear.co.uk","url":"https:\/\/fittwear.nl\/","logo":{"@type":"ImageObject","inLanguage":"fr-FR","@id":"https:\/\/fittwear.nl\/#\/schema\/logo\/image\/","url":"https:\/\/fittwear.nl\/wp-content\/uploads\/2024\/07\/FITT-Logo-BeYOUtiful-website-homepage_Tekengebied-1-scaled.jpg","contentUrl":"https:\/\/fittwear.nl\/wp-content\/uploads\/2024\/07\/FITT-Logo-BeYOUtiful-website-homepage_Tekengebied-1-scaled.jpg","width":2560,"height":599,"caption":"FITTwear.nl"},"image":{"@id":"https:\/\/fittwear.nl\/#\/schema\/logo\/image\/"}}]}},"_links":{"self":[{"href":"https:\/\/fittwear.nl\/fr\/wp-json\/wp\/v2\/product\/6924","targetHints":{"allow":["GET"]}}],"collection":[{"href":"https:\/\/fittwear.nl\/fr\/wp-json\/wp\/v2\/product"}],"about":[{"href":"https:\/\/fittwear.nl\/fr\/wp-json\/wp\/v2\/types\/product"}],"wp:featuredmedia":[{"embeddable":true,"href":"https:\/\/fittwear.nl\/fr\/wp-json\/wp\/v2\/media\/6931"}],"wp:attachment":[{"href":"https:\/\/fittwear.nl\/fr\/wp-json\/wp\/v2\/media?parent=6924"}],"wp:term":[{"taxonomy":"product_brand","embeddable":true,"href":"https:\/\/fittwear.nl\/fr\/wp-json\/wp\/v2\/product_brand?post=6924"},{"taxonomy":"product_cat","embeddable":true,"href":"https:\/\/fittwear.nl\/fr\/wp-json\/wp\/v2\/product_cat?post=6924"},{"taxonomy":"product_tag","embeddable":true,"href":"https:\/\/fittwear.nl\/fr\/wp-json\/wp\/v2\/product_tag?post=6924"}],"curies":[{"name":"wp","href":"https:\/\/api.w.org\/{rel}","templated":true}]}}