{"id":69630,"date":"2023-07-18T15:51:45","date_gmt":"2023-07-18T13:51:45","guid":{"rendered":"https:\/\/fittwear.nl\/?post_type=product&#038;p=69630"},"modified":"2026-04-07T12:58:25","modified_gmt":"2026-04-07T10:58:25","slug":"ultimate-top-black","status":"publish","type":"product","link":"https:\/\/fittwear.nl\/fr\/product\/ultimate-top-black\/","title":{"rendered":"Ultimate Top Noir"},"content":{"rendered":"<p>- Tissu extensible<\/p>\n\n\n\n<p>&#8211; Brede band onder de buste<\/p>\n\n\n\n<p>- Coussinets amovibles<\/p>\n\n\n\n<p>&#8211; Stevige en stylish schouderbanden<\/p>\n\n\n\n<p>&#8211; Bedrukt logo aan de voorkant<\/p>\n\n\n\n<p>- Couleur : noir<\/p>\n\n\n\n<p>- 68% Nylon, 32% Elasthanne<\/p>\n\n\n\n<p>&#8211; Wasbaar tot 30\u2103 <\/p>\n\n\n\n<p>- Le mod\u00e8le Sophie mesure 1,75 et porte la taille S.<\/p>","protected":false},"excerpt":{"rendered":"<p>Notre Ultimate Top est le soutien-gorge id\u00e9al pour les femmes qui ne veulent pas faire de compromis. Vous \u00eates toujours \u00e0 la recherche du haut id\u00e9al, confortable, absorbant les chocs, renfor\u00e7ant, adapt\u00e9 \u00e0 une course matinale, \u00e0 un entra\u00eenement solide \u00e0 la salle de sport, \u00e0 un HIIT intensif ou, par exemple, \u00e0 une s\u00e9ance de yoga stimulante ? Alors faites l'exp\u00e9rience de la libert\u00e9 ultime et insouciante de notre Top Ultimate. \u00c0 la mode, confortable, pratique et irr\u00e9sistible. Et une fois que vous aurez fait l'exp\u00e9rience de l'Ultimate Top, vous pourrez \u00e9largir votre garde-robe avec les couleurs les plus tendance ! Que vous choisissiez de m\u00e9langer les couleurs les plus gaies ou que vous pr\u00e9f\u00e9riez l'ensemble, ce haut est la touche finale ! Le Top Ultimate peut \u00eatre assorti au legging assorti ou m\u00eame m\u00e9lang\u00e9 aux autres couleurs de la gamme. Les bretelles sont robustes et apportent la touche finale aux d\u00e9tails les plus jolis. Avec la couleur, le mod\u00e8le du top et les leggings assortis, cet article est indispensable dans votre collection !<\/p>","protected":false},"featured_media":70964,"template":"","meta":{"_acf_changed":false},"product_brand":[],"product_cat":[4812,4800,52,88],"product_tag":[],"class_list":{"0":"post-69630","1":"product","2":"type-product","3":"status-publish","4":"has-post-thumbnail","6":"product_cat-forever-favorites-categorie","7":"product_cat-running-collection","8":"product_cat-sport-bhs","9":"product_cat-effen-sport-bhs","11":"first","12":"instock","13":"taxable","14":"shipping-taxable","15":"purchasable","16":"product-type-variable","17":"has-default-attributes"},"acf":[],"yoast_head":"<!-- This site is optimized with the Yoast SEO plugin v27.1.1 - https:\/\/yoast.com\/product\/yoast-seo-wordpress\/ -->\n<title>Ultimate Top Black - FITTwear.nl<\/title>\n<meta name=\"description\" content=\"Onze Ultimate Top is d\u00e9 ultieme BH voor vrouwen die geen concessies willen doen. Ben jij nog steeds op zoek naar de ideale top die comfortabel zit, shockdempend is, versteviging biedt, geschikt is voor een morning run, een stevige work-out in de gym, intensieve HIIT of bijv. een empowering yoga sessie? Ervaar dan nu de ultieme, zorgeloze vrijheid van onze Ultimate Top . Fashionable, comfortable, practical en irresistible. En als je de Ultimate Top ervaren hebt, kun je jouw garderode uitbreiden met de meest trendy kleuren! Ga jij voor het mixen van de meest vrolijke kleuren of heb je toch liever de gehele set, dan is deze top de finishing touch! De Ultimate Top is te matchen met de bijpassende legging of zelfs te mixen met de andere kleuren die er zijn in het assortiment. De schouderbandjes geven net die ene touch voor de mooiste details en zijn ook nog eens stevig. Samen met de kleur, het model van de top en de bijpassende leggings is dit item onmisbaar binnen jouw collectie!\" \/>\n<meta name=\"robots\" content=\"index, follow, max-snippet:-1, max-image-preview:large, max-video-preview:-1\" \/>\n<link rel=\"canonical\" href=\"https:\/\/fittwear.nl\/fr\/produit-2\/ultimate-top-black\/\" \/>\n<meta property=\"og:locale\" content=\"fr_FR\" \/>\n<meta property=\"og:type\" content=\"article\" \/>\n<meta property=\"og:title\" content=\"Ultimate Top Black - FITTwear.nl\" \/>\n<meta property=\"og:description\" content=\"Onze Ultimate Top is d\u00e9 ultieme BH voor vrouwen die geen concessies willen doen. Ben jij nog steeds op zoek naar de ideale top die comfortabel zit, shockdempend is, versteviging biedt, geschikt is voor een morning run, een stevige work-out in de gym, intensieve HIIT of bijv. een empowering yoga sessie? Ervaar dan nu de ultieme, zorgeloze vrijheid van onze Ultimate Top . Fashionable, comfortable, practical en irresistible. En als je de Ultimate Top ervaren hebt, kun je jouw garderode uitbreiden met de meest trendy kleuren! Ga jij voor het mixen van de meest vrolijke kleuren of heb je toch liever de gehele set, dan is deze top de finishing touch! De Ultimate Top is te matchen met de bijpassende legging of zelfs te mixen met de andere kleuren die er zijn in het assortiment. De schouderbandjes geven net die ene touch voor de mooiste details en zijn ook nog eens stevig. Samen met de kleur, het model van de top en de bijpassende leggings is dit item onmisbaar binnen jouw collectie!\" \/>\n<meta property=\"og:url\" content=\"https:\/\/fittwear.nl\/fr\/produit-2\/ultimate-top-black\/\" \/>\n<meta property=\"og:site_name\" content=\"FITTwear.nl\" \/>\n<meta property=\"article:modified_time\" content=\"2026-04-07T10:58:25+00:00\" \/>\n<meta property=\"og:image\" content=\"https:\/\/fittwear.nl\/wp-content\/uploads\/2023\/08\/ultimate-zwart_Voorkant-boven_jpg_1-kopieren.jpg\" \/>\n\t<meta property=\"og:image:width\" content=\"1200\" \/>\n\t<meta property=\"og:image:height\" content=\"1800\" \/>\n\t<meta property=\"og:image:type\" content=\"image\/jpeg\" \/>\n<meta name=\"twitter:card\" content=\"summary_large_image\" \/>\n<meta name=\"twitter:label1\" content=\"Dur\u00e9e de lecture estim\u00e9e\" \/>\n\t<meta name=\"twitter:data1\" content=\"1 minute\" \/>\n<script type=\"application\/ld+json\" class=\"yoast-schema-graph\">{\"@context\":\"https:\/\/schema.org\",\"@graph\":[{\"@type\":\"WebPage\",\"@id\":\"https:\/\/fittwear.nl\/product\/ultimate-top-black\/\",\"url\":\"https:\/\/fittwear.nl\/product\/ultimate-top-black\/\",\"name\":\"Ultimate Top Black - FITTwear.nl\",\"isPartOf\":{\"@id\":\"https:\/\/fittwear.nl\/#website\"},\"primaryImageOfPage\":{\"@id\":\"https:\/\/fittwear.nl\/product\/ultimate-top-black\/#primaryimage\"},\"image\":{\"@id\":\"https:\/\/fittwear.nl\/product\/ultimate-top-black\/#primaryimage\"},\"thumbnailUrl\":\"https:\/\/fittwear.nl\/wp-content\/uploads\/2023\/08\/ultimate-zwart_Voorkant-boven_jpg_1-kopieren.jpg\",\"datePublished\":\"2023-07-18T13:51:45+00:00\",\"dateModified\":\"2026-04-07T10:58:25+00:00\",\"description\":\"Onze Ultimate Top is d\u00e9 ultieme BH voor vrouwen die geen concessies willen doen. Ben jij nog steeds op zoek naar de ideale top die comfortabel zit, shockdempend is, versteviging biedt, geschikt is voor een morning run, een stevige work-out in de gym, intensieve HIIT of bijv. een empowering yoga sessie? Ervaar dan nu de ultieme, zorgeloze vrijheid van onze Ultimate Top . Fashionable, comfortable, practical en irresistible. En als je de Ultimate Top ervaren hebt, kun je jouw garderode uitbreiden met de meest trendy kleuren! Ga jij voor het mixen van de meest vrolijke kleuren of heb je toch liever de gehele set, dan is deze top de finishing touch! De Ultimate Top is te matchen met de bijpassende legging of zelfs te mixen met de andere kleuren die er zijn in het assortiment. De schouderbandjes geven net die ene touch voor de mooiste details en zijn ook nog eens stevig. Samen met de kleur, het model van de top en de bijpassende leggings is dit item onmisbaar binnen jouw collectie!\",\"breadcrumb\":{\"@id\":\"https:\/\/fittwear.nl\/product\/ultimate-top-black\/#breadcrumb\"},\"inLanguage\":\"fr-FR\",\"potentialAction\":[{\"@type\":\"ReadAction\",\"target\":[\"https:\/\/fittwear.nl\/product\/ultimate-top-black\/\"]}]},{\"@type\":\"ImageObject\",\"inLanguage\":\"fr-FR\",\"@id\":\"https:\/\/fittwear.nl\/product\/ultimate-top-black\/#primaryimage\",\"url\":\"https:\/\/fittwear.nl\/wp-content\/uploads\/2023\/08\/ultimate-zwart_Voorkant-boven_jpg_1-kopieren.jpg\",\"contentUrl\":\"https:\/\/fittwear.nl\/wp-content\/uploads\/2023\/08\/ultimate-zwart_Voorkant-boven_jpg_1-kopieren.jpg\",\"width\":1200,\"height\":1800},{\"@type\":\"BreadcrumbList\",\"@id\":\"https:\/\/fittwear.nl\/product\/ultimate-top-black\/#breadcrumb\",\"itemListElement\":[{\"@type\":\"ListItem\",\"position\":1,\"name\":\"Home\",\"item\":\"https:\/\/fittwear.nl\/\"},{\"@type\":\"ListItem\",\"position\":2,\"name\":\"Shop\",\"item\":\"https:\/\/fittwear.nl\/shop\/\"},{\"@type\":\"ListItem\",\"position\":3,\"name\":\"Ultimate Top Black\"}]},{\"@type\":\"WebSite\",\"@id\":\"https:\/\/fittwear.nl\/#website\",\"url\":\"https:\/\/fittwear.nl\/\",\"name\":\"FITTwear.nl\",\"description\":\"Time to shine!\",\"publisher\":{\"@id\":\"https:\/\/fittwear.nl\/#organization\"},\"potentialAction\":[{\"@type\":\"SearchAction\",\"target\":{\"@type\":\"EntryPoint\",\"urlTemplate\":\"https:\/\/fittwear.nl\/?s={search_term_string}\"},\"query-input\":{\"@type\":\"PropertyValueSpecification\",\"valueRequired\":true,\"valueName\":\"search_term_string\"}}],\"inLanguage\":\"fr-FR\"},{\"@type\":\"Organization\",\"@id\":\"https:\/\/fittwear.nl\/#organization\",\"name\":\"FITTwear.nl\",\"url\":\"https:\/\/fittwear.nl\/\",\"logo\":{\"@type\":\"ImageObject\",\"inLanguage\":\"fr-FR\",\"@id\":\"https:\/\/fittwear.nl\/#\/schema\/logo\/image\/\",\"url\":\"https:\/\/fittwear.nl\/wp-content\/uploads\/2024\/07\/FITT-Logo-BeYOUtiful-website-homepage_Tekengebied-1-scaled.jpg\",\"contentUrl\":\"https:\/\/fittwear.nl\/wp-content\/uploads\/2024\/07\/FITT-Logo-BeYOUtiful-website-homepage_Tekengebied-1-scaled.jpg\",\"width\":2560,\"height\":599,\"caption\":\"FITTwear.nl\"},\"image\":{\"@id\":\"https:\/\/fittwear.nl\/#\/schema\/logo\/image\/\"}}]}<\/script>\n<!-- \/ Yoast SEO plugin. -->","yoast_head_json":{"title":"Top Ultimate Noir - FITTwear.fr","description":"Notre Ultimate Top est le soutien-gorge id\u00e9al pour les femmes qui ne veulent pas faire de compromis. Vous \u00eates toujours \u00e0 la recherche du haut id\u00e9al, confortable, absorbant les chocs, renfor\u00e7ant, adapt\u00e9 \u00e0 une course matinale, \u00e0 un entra\u00eenement solide \u00e0 la salle de sport, \u00e0 un HIIT intensif ou, par exemple, \u00e0 une s\u00e9ance de yoga stimulante ? Alors faites l'exp\u00e9rience de la libert\u00e9 ultime et insouciante de notre Top Ultimate. \u00c0 la mode, confortable, pratique et irr\u00e9sistible. Et une fois que vous aurez fait l'exp\u00e9rience de l'Ultimate Top, vous pourrez \u00e9largir votre garde-robe avec les couleurs les plus tendance ! Que vous choisissiez de m\u00e9langer les couleurs les plus gaies ou que vous pr\u00e9f\u00e9riez l'ensemble, ce haut est la touche finale ! Le Top Ultimate peut \u00eatre assorti au legging assorti ou m\u00eame m\u00e9lang\u00e9 aux autres couleurs de la gamme. Les bretelles sont robustes et apportent la touche finale aux d\u00e9tails les plus jolis. Avec la couleur, le mod\u00e8le du top et les leggings assortis, cet article est indispensable dans votre collection !","robots":{"index":"index","follow":"follow","max-snippet":"max-snippet:-1","max-image-preview":"max-image-preview:large","max-video-preview":"max-video-preview:-1"},"canonical":"https:\/\/fittwear.nl\/fr\/produit-2\/ultimate-top-black\/","og_locale":"fr_FR","og_type":"article","og_title":"Ultimate Top Black - FITTwear.nl","og_description":"Onze Ultimate Top is d\u00e9 ultieme BH voor vrouwen die geen concessies willen doen. Ben jij nog steeds op zoek naar de ideale top die comfortabel zit, shockdempend is, versteviging biedt, geschikt is voor een morning run, een stevige work-out in de gym, intensieve HIIT of bijv. een empowering yoga sessie? Ervaar dan nu de ultieme, zorgeloze vrijheid van onze Ultimate Top . Fashionable, comfortable, practical en irresistible. En als je de Ultimate Top ervaren hebt, kun je jouw garderode uitbreiden met de meest trendy kleuren! Ga jij voor het mixen van de meest vrolijke kleuren of heb je toch liever de gehele set, dan is deze top de finishing touch! De Ultimate Top is te matchen met de bijpassende legging of zelfs te mixen met de andere kleuren die er zijn in het assortiment. De schouderbandjes geven net die ene touch voor de mooiste details en zijn ook nog eens stevig. Samen met de kleur, het model van de top en de bijpassende leggings is dit item onmisbaar binnen jouw collectie!","og_url":"https:\/\/fittwear.nl\/fr\/produit-2\/ultimate-top-black\/","og_site_name":"FITTwear.nl","article_modified_time":"2026-04-07T10:58:25+00:00","og_image":[{"width":1200,"height":1800,"url":"https:\/\/fittwear.nl\/wp-content\/uploads\/2023\/08\/ultimate-zwart_Voorkant-boven_jpg_1-kopieren.jpg","type":"image\/jpeg"}],"twitter_card":"summary_large_image","twitter_misc":{"Dur\u00e9e de lecture estim\u00e9e":"1 minute"},"schema":{"@context":"https:\/\/schema.org","@graph":[{"@type":"WebPage","@id":"https:\/\/fittwear.nl\/product\/ultimate-top-black\/","url":"https:\/\/fittwear.nl\/product\/ultimate-top-black\/","name":"Top Ultimate Noir - FITTwear.fr","isPartOf":{"@id":"https:\/\/fittwear.nl\/#website"},"primaryImageOfPage":{"@id":"https:\/\/fittwear.nl\/product\/ultimate-top-black\/#primaryimage"},"image":{"@id":"https:\/\/fittwear.nl\/product\/ultimate-top-black\/#primaryimage"},"thumbnailUrl":"https:\/\/fittwear.nl\/wp-content\/uploads\/2023\/08\/ultimate-zwart_Voorkant-boven_jpg_1-kopieren.jpg","datePublished":"2023-07-18T13:51:45+00:00","dateModified":"2026-04-07T10:58:25+00:00","description":"Notre Ultimate Top est le soutien-gorge id\u00e9al pour les femmes qui ne veulent pas faire de compromis. Vous \u00eates toujours \u00e0 la recherche du haut id\u00e9al, confortable, absorbant les chocs, renfor\u00e7ant, adapt\u00e9 \u00e0 une course matinale, \u00e0 un entra\u00eenement solide \u00e0 la salle de sport, \u00e0 un HIIT intensif ou, par exemple, \u00e0 une s\u00e9ance de yoga stimulante ? Alors faites l'exp\u00e9rience de la libert\u00e9 ultime et insouciante de notre Top Ultimate. \u00c0 la mode, confortable, pratique et irr\u00e9sistible. Et une fois que vous aurez fait l'exp\u00e9rience de l'Ultimate Top, vous pourrez \u00e9largir votre garde-robe avec les couleurs les plus tendance ! Que vous choisissiez de m\u00e9langer les couleurs les plus gaies ou que vous pr\u00e9f\u00e9riez l'ensemble, ce haut est la touche finale ! Le Top Ultimate peut \u00eatre assorti au legging assorti ou m\u00eame m\u00e9lang\u00e9 aux autres couleurs de la gamme. Les bretelles sont robustes et apportent la touche finale aux d\u00e9tails les plus jolis. Avec la couleur, le mod\u00e8le du top et les leggings assortis, cet article est indispensable dans votre collection !","breadcrumb":{"@id":"https:\/\/fittwear.nl\/product\/ultimate-top-black\/#breadcrumb"},"inLanguage":"fr-FR","potentialAction":[{"@type":"ReadAction","target":["https:\/\/fittwear.nl\/product\/ultimate-top-black\/"]}]},{"@type":"ImageObject","inLanguage":"fr-FR","@id":"https:\/\/fittwear.nl\/product\/ultimate-top-black\/#primaryimage","url":"https:\/\/fittwear.nl\/wp-content\/uploads\/2023\/08\/ultimate-zwart_Voorkant-boven_jpg_1-kopieren.jpg","contentUrl":"https:\/\/fittwear.nl\/wp-content\/uploads\/2023\/08\/ultimate-zwart_Voorkant-boven_jpg_1-kopieren.jpg","width":1200,"height":1800},{"@type":"BreadcrumbList","@id":"https:\/\/fittwear.nl\/product\/ultimate-top-black\/#breadcrumb","itemListElement":[{"@type":"ListItem","position":1,"name":"Home","item":"https:\/\/fittwear.nl\/"},{"@type":"ListItem","position":2,"name":"Shop","item":"https:\/\/fittwear.nl\/shop\/"},{"@type":"ListItem","position":3,"name":"Ultimate Top Black"}]},{"@type":"WebSite","@id":"https:\/\/fittwear.nl\/#website","url":"https:\/\/fittwear.nl\/","name":"FITTwear.co.uk","description":"C'est le moment de briller !","publisher":{"@id":"https:\/\/fittwear.nl\/#organization"},"potentialAction":[{"@type":"SearchAction","target":{"@type":"EntryPoint","urlTemplate":"https:\/\/fittwear.nl\/?s={search_term_string}"},"query-input":{"@type":"PropertyValueSpecification","valueRequired":true,"valueName":"search_term_string"}}],"inLanguage":"fr-FR"},{"@type":"Organization","@id":"https:\/\/fittwear.nl\/#organization","name":"FITTwear.co.uk","url":"https:\/\/fittwear.nl\/","logo":{"@type":"ImageObject","inLanguage":"fr-FR","@id":"https:\/\/fittwear.nl\/#\/schema\/logo\/image\/","url":"https:\/\/fittwear.nl\/wp-content\/uploads\/2024\/07\/FITT-Logo-BeYOUtiful-website-homepage_Tekengebied-1-scaled.jpg","contentUrl":"https:\/\/fittwear.nl\/wp-content\/uploads\/2024\/07\/FITT-Logo-BeYOUtiful-website-homepage_Tekengebied-1-scaled.jpg","width":2560,"height":599,"caption":"FITTwear.nl"},"image":{"@id":"https:\/\/fittwear.nl\/#\/schema\/logo\/image\/"}}]}},"_links":{"self":[{"href":"https:\/\/fittwear.nl\/fr\/wp-json\/wp\/v2\/product\/69630","targetHints":{"allow":["GET"]}}],"collection":[{"href":"https:\/\/fittwear.nl\/fr\/wp-json\/wp\/v2\/product"}],"about":[{"href":"https:\/\/fittwear.nl\/fr\/wp-json\/wp\/v2\/types\/product"}],"wp:featuredmedia":[{"embeddable":true,"href":"https:\/\/fittwear.nl\/fr\/wp-json\/wp\/v2\/media\/70964"}],"wp:attachment":[{"href":"https:\/\/fittwear.nl\/fr\/wp-json\/wp\/v2\/media?parent=69630"}],"wp:term":[{"taxonomy":"product_brand","embeddable":true,"href":"https:\/\/fittwear.nl\/fr\/wp-json\/wp\/v2\/product_brand?post=69630"},{"taxonomy":"product_cat","embeddable":true,"href":"https:\/\/fittwear.nl\/fr\/wp-json\/wp\/v2\/product_cat?post=69630"},{"taxonomy":"product_tag","embeddable":true,"href":"https:\/\/fittwear.nl\/fr\/wp-json\/wp\/v2\/product_tag?post=69630"}],"curies":[{"name":"wp","href":"https:\/\/api.w.org\/{rel}","templated":true}]}}