{"id":69696,"date":"2023-07-19T08:47:54","date_gmt":"2023-07-19T06:47:54","guid":{"rendered":"https:\/\/fittwear.nl\/?post_type=product&#038;p=69696"},"modified":"2026-04-26T13:45:18","modified_gmt":"2026-04-26T11:45:18","slug":"short-taille-haute-lilas","status":"publish","type":"product","link":"https:\/\/fittwear.nl\/fr\/product\/high-waist-skort-lilac\/","title":{"rendered":"Jupe taille haute Lilas"},"content":{"rendered":"<p>- Taille haute<\/p>\n\n\n\n<p>- Taille ferme<\/p>\n\n\n\n<p>&#8211; Met broekje onder het rokje<\/p>\n\n\n\n<p>- 2 poches lat\u00e9rales<\/p>\n\n\n\n<p>- Logo imprim\u00e9 au dos<\/p>\n\n\n\n<p>&#8211; Kleur: Lilac<\/p>\n\n\n\n<p>&#8211; 75% Polyester, 25% Spandex<\/p>\n\n\n\n<p>&#8211; Wasbaar tot 30\u2103<\/p>\n\n\n\n<p>- Le mod\u00e8le Sophie mesure 1,75 et porte la taille S.<\/p>","protected":false},"excerpt":{"rendered":"<p>La jupe taille haute est l'article ultime de votre garde-robe si vous \u00eates une adepte du tennis, du squash, du paddle ou du badminton. La mati\u00e8re extensible, le bas de la jupe, la taille haute et les deux poches lat\u00e9rales vous garantissent une libert\u00e9 de mouvement optimale pendant votre activit\u00e9 ! Faites l'exp\u00e9rience du confort, de la confiance et de l'aisance avec notre jupe taille haute. Avec ses nombreux avantages et libert\u00e9s, la jupe est un \u00e9l\u00e9ment essentiel de votre garde-robe.<\/p>","protected":false},"featured_media":71062,"template":"","meta":{"_acf_changed":true},"product_brand":[],"product_cat":[93,4744,4760,63,64,65],"product_tag":[],"class_list":{"0":"post-69696","1":"product","2":"type-product","3":"status-publish","4":"has-post-thumbnail","6":"product_cat-shorts","7":"product_cat-geen-scrunch-shorts","8":"product_cat-pocket-shorts","9":"product_cat-curves","10":"product_cat-hardloopkleding","11":"product_cat-yogakleding","13":"first","14":"instock","15":"sale","16":"taxable","17":"shipping-taxable","18":"purchasable","19":"product-type-variable","20":"has-default-attributes"},"acf":[],"yoast_head":"<!-- This site is optimized with the Yoast SEO plugin v27.1.1 - https:\/\/yoast.com\/product\/yoast-seo-wordpress\/ -->\n<title>High Waist Skort Lilac - FITTwear.nl<\/title>\n<meta name=\"description\" content=\"De High Waist Skort is het ultieme item voor in jouw garderobe wanneer je een liefhebber bent van tennissen, squashen, paddelen of badmintonnen. Het stretchy materiaal, het broekje onder het rokje, de high waist fit en de 2 zakken aan de zijkanten zorgen voor ultieme bewegingsvrijheid tijdens jouw activiteit! Ervaar het gevoel van comfort, confidence en gemak met onze High Waist Skort. Door de vele voordelen en vrijheden die de skort biedt is deze onmisbaar binnen jouw kledingkast.\" \/>\n<meta name=\"robots\" content=\"index, follow, max-snippet:-1, max-image-preview:large, max-video-preview:-1\" \/>\n<link rel=\"canonical\" href=\"https:\/\/fittwear.nl\/fr\/produit-2\/short-taille-haute-lilas\/\" \/>\n<meta property=\"og:locale\" content=\"fr_FR\" \/>\n<meta property=\"og:type\" content=\"article\" \/>\n<meta property=\"og:title\" content=\"High Waist Skort Lilac - FITTwear.nl\" \/>\n<meta property=\"og:description\" content=\"De High Waist Skort is het ultieme item voor in jouw garderobe wanneer je een liefhebber bent van tennissen, squashen, paddelen of badmintonnen. Het stretchy materiaal, het broekje onder het rokje, de high waist fit en de 2 zakken aan de zijkanten zorgen voor ultieme bewegingsvrijheid tijdens jouw activiteit! Ervaar het gevoel van comfort, confidence en gemak met onze High Waist Skort. Door de vele voordelen en vrijheden die de skort biedt is deze onmisbaar binnen jouw kledingkast.\" \/>\n<meta property=\"og:url\" content=\"https:\/\/fittwear.nl\/fr\/produit-2\/short-taille-haute-lilas\/\" \/>\n<meta property=\"og:site_name\" content=\"FITTwear.nl\" \/>\n<meta property=\"article:modified_time\" content=\"2026-04-26T11:45:18+00:00\" \/>\n<meta property=\"og:image\" content=\"https:\/\/fittwear.nl\/wp-content\/uploads\/2023\/08\/polo-wit-skort-lila_Voorkant-onder_jpg_6.jpg\" \/>\n\t<meta property=\"og:image:width\" content=\"1200\" \/>\n\t<meta property=\"og:image:height\" content=\"1800\" \/>\n\t<meta property=\"og:image:type\" content=\"image\/jpeg\" \/>\n<meta name=\"twitter:card\" content=\"summary_large_image\" \/>\n<meta name=\"twitter:label1\" content=\"Dur\u00e9e de lecture estim\u00e9e\" \/>\n\t<meta name=\"twitter:data1\" content=\"1 minute\" \/>\n<script type=\"application\/ld+json\" class=\"yoast-schema-graph\">{\"@context\":\"https:\/\/schema.org\",\"@graph\":[{\"@type\":\"WebPage\",\"@id\":\"https:\/\/fittwear.nl\/product\/high-waist-skort-lilac\/\",\"url\":\"https:\/\/fittwear.nl\/product\/high-waist-skort-lilac\/\",\"name\":\"High Waist Skort Lilac - FITTwear.nl\",\"isPartOf\":{\"@id\":\"https:\/\/fittwear.nl\/#website\"},\"primaryImageOfPage\":{\"@id\":\"https:\/\/fittwear.nl\/product\/high-waist-skort-lilac\/#primaryimage\"},\"image\":{\"@id\":\"https:\/\/fittwear.nl\/product\/high-waist-skort-lilac\/#primaryimage\"},\"thumbnailUrl\":\"https:\/\/fittwear.nl\/wp-content\/uploads\/2023\/08\/polo-wit-skort-lila_Voorkant-onder_jpg_6.jpg\",\"datePublished\":\"2023-07-19T06:47:54+00:00\",\"dateModified\":\"2026-04-26T11:45:18+00:00\",\"description\":\"De High Waist Skort is het ultieme item voor in jouw garderobe wanneer je een liefhebber bent van tennissen, squashen, paddelen of badmintonnen. Het stretchy materiaal, het broekje onder het rokje, de high waist fit en de 2 zakken aan de zijkanten zorgen voor ultieme bewegingsvrijheid tijdens jouw activiteit! Ervaar het gevoel van comfort, confidence en gemak met onze High Waist Skort. Door de vele voordelen en vrijheden die de skort biedt is deze onmisbaar binnen jouw kledingkast.\",\"breadcrumb\":{\"@id\":\"https:\/\/fittwear.nl\/product\/high-waist-skort-lilac\/#breadcrumb\"},\"inLanguage\":\"fr-FR\",\"potentialAction\":[{\"@type\":\"ReadAction\",\"target\":[\"https:\/\/fittwear.nl\/product\/high-waist-skort-lilac\/\"]}]},{\"@type\":\"ImageObject\",\"inLanguage\":\"fr-FR\",\"@id\":\"https:\/\/fittwear.nl\/product\/high-waist-skort-lilac\/#primaryimage\",\"url\":\"https:\/\/fittwear.nl\/wp-content\/uploads\/2023\/08\/polo-wit-skort-lila_Voorkant-onder_jpg_6.jpg\",\"contentUrl\":\"https:\/\/fittwear.nl\/wp-content\/uploads\/2023\/08\/polo-wit-skort-lila_Voorkant-onder_jpg_6.jpg\",\"width\":1200,\"height\":1800},{\"@type\":\"BreadcrumbList\",\"@id\":\"https:\/\/fittwear.nl\/product\/high-waist-skort-lilac\/#breadcrumb\",\"itemListElement\":[{\"@type\":\"ListItem\",\"position\":1,\"name\":\"Home\",\"item\":\"https:\/\/fittwear.nl\/\"},{\"@type\":\"ListItem\",\"position\":2,\"name\":\"Shop\",\"item\":\"https:\/\/fittwear.nl\/shop\/\"},{\"@type\":\"ListItem\",\"position\":3,\"name\":\"High Waist Skort Lilac\"}]},{\"@type\":\"WebSite\",\"@id\":\"https:\/\/fittwear.nl\/#website\",\"url\":\"https:\/\/fittwear.nl\/\",\"name\":\"FITTwear.nl\",\"description\":\"Time to shine!\",\"publisher\":{\"@id\":\"https:\/\/fittwear.nl\/#organization\"},\"potentialAction\":[{\"@type\":\"SearchAction\",\"target\":{\"@type\":\"EntryPoint\",\"urlTemplate\":\"https:\/\/fittwear.nl\/?s={search_term_string}\"},\"query-input\":{\"@type\":\"PropertyValueSpecification\",\"valueRequired\":true,\"valueName\":\"search_term_string\"}}],\"inLanguage\":\"fr-FR\"},{\"@type\":\"Organization\",\"@id\":\"https:\/\/fittwear.nl\/#organization\",\"name\":\"FITTwear.nl\",\"url\":\"https:\/\/fittwear.nl\/\",\"logo\":{\"@type\":\"ImageObject\",\"inLanguage\":\"fr-FR\",\"@id\":\"https:\/\/fittwear.nl\/#\/schema\/logo\/image\/\",\"url\":\"https:\/\/fittwear.nl\/wp-content\/uploads\/2024\/07\/FITT-Logo-BeYOUtiful-website-homepage_Tekengebied-1-scaled.jpg\",\"contentUrl\":\"https:\/\/fittwear.nl\/wp-content\/uploads\/2024\/07\/FITT-Logo-BeYOUtiful-website-homepage_Tekengebied-1-scaled.jpg\",\"width\":2560,\"height\":599,\"caption\":\"FITTwear.nl\"},\"image\":{\"@id\":\"https:\/\/fittwear.nl\/#\/schema\/logo\/image\/\"}}]}<\/script>\n<!-- \/ Yoast SEO plugin. -->","yoast_head_json":{"title":"Jupe taille haute Lilas - FITTwear.com","description":"La jupe taille haute est l'article ultime de votre garde-robe si vous \u00eates une adepte du tennis, du squash, du paddle ou du badminton. La mati\u00e8re extensible, le bas de la jupe, la taille haute et les deux poches lat\u00e9rales vous garantissent une libert\u00e9 de mouvement optimale pendant votre activit\u00e9 ! Faites l'exp\u00e9rience du confort, de la confiance et de l'aisance avec notre jupe taille haute. Avec ses nombreux avantages et libert\u00e9s, la jupe est un \u00e9l\u00e9ment essentiel de votre garde-robe.","robots":{"index":"index","follow":"follow","max-snippet":"max-snippet:-1","max-image-preview":"max-image-preview:large","max-video-preview":"max-video-preview:-1"},"canonical":"https:\/\/fittwear.nl\/fr\/produit-2\/short-taille-haute-lilas\/","og_locale":"fr_FR","og_type":"article","og_title":"High Waist Skort Lilac - FITTwear.nl","og_description":"De High Waist Skort is het ultieme item voor in jouw garderobe wanneer je een liefhebber bent van tennissen, squashen, paddelen of badmintonnen. Het stretchy materiaal, het broekje onder het rokje, de high waist fit en de 2 zakken aan de zijkanten zorgen voor ultieme bewegingsvrijheid tijdens jouw activiteit! Ervaar het gevoel van comfort, confidence en gemak met onze High Waist Skort. Door de vele voordelen en vrijheden die de skort biedt is deze onmisbaar binnen jouw kledingkast.","og_url":"https:\/\/fittwear.nl\/fr\/produit-2\/short-taille-haute-lilas\/","og_site_name":"FITTwear.nl","article_modified_time":"2026-04-26T11:45:18+00:00","og_image":[{"width":1200,"height":1800,"url":"https:\/\/fittwear.nl\/wp-content\/uploads\/2023\/08\/polo-wit-skort-lila_Voorkant-onder_jpg_6.jpg","type":"image\/jpeg"}],"twitter_card":"summary_large_image","twitter_misc":{"Dur\u00e9e de lecture estim\u00e9e":"1 minute"},"schema":{"@context":"https:\/\/schema.org","@graph":[{"@type":"WebPage","@id":"https:\/\/fittwear.nl\/product\/high-waist-skort-lilac\/","url":"https:\/\/fittwear.nl\/product\/high-waist-skort-lilac\/","name":"Jupe taille haute Lilas - FITTwear.com","isPartOf":{"@id":"https:\/\/fittwear.nl\/#website"},"primaryImageOfPage":{"@id":"https:\/\/fittwear.nl\/product\/high-waist-skort-lilac\/#primaryimage"},"image":{"@id":"https:\/\/fittwear.nl\/product\/high-waist-skort-lilac\/#primaryimage"},"thumbnailUrl":"https:\/\/fittwear.nl\/wp-content\/uploads\/2023\/08\/polo-wit-skort-lila_Voorkant-onder_jpg_6.jpg","datePublished":"2023-07-19T06:47:54+00:00","dateModified":"2026-04-26T11:45:18+00:00","description":"La jupe taille haute est l'article ultime de votre garde-robe si vous \u00eates une adepte du tennis, du squash, du paddle ou du badminton. La mati\u00e8re extensible, le bas de la jupe, la taille haute et les deux poches lat\u00e9rales vous garantissent une libert\u00e9 de mouvement optimale pendant votre activit\u00e9 ! Faites l'exp\u00e9rience du confort, de la confiance et de l'aisance avec notre jupe taille haute. Avec ses nombreux avantages et libert\u00e9s, la jupe est un \u00e9l\u00e9ment essentiel de votre garde-robe.","breadcrumb":{"@id":"https:\/\/fittwear.nl\/product\/high-waist-skort-lilac\/#breadcrumb"},"inLanguage":"fr-FR","potentialAction":[{"@type":"ReadAction","target":["https:\/\/fittwear.nl\/product\/high-waist-skort-lilac\/"]}]},{"@type":"ImageObject","inLanguage":"fr-FR","@id":"https:\/\/fittwear.nl\/product\/high-waist-skort-lilac\/#primaryimage","url":"https:\/\/fittwear.nl\/wp-content\/uploads\/2023\/08\/polo-wit-skort-lila_Voorkant-onder_jpg_6.jpg","contentUrl":"https:\/\/fittwear.nl\/wp-content\/uploads\/2023\/08\/polo-wit-skort-lila_Voorkant-onder_jpg_6.jpg","width":1200,"height":1800},{"@type":"BreadcrumbList","@id":"https:\/\/fittwear.nl\/product\/high-waist-skort-lilac\/#breadcrumb","itemListElement":[{"@type":"ListItem","position":1,"name":"Home","item":"https:\/\/fittwear.nl\/"},{"@type":"ListItem","position":2,"name":"Shop","item":"https:\/\/fittwear.nl\/shop\/"},{"@type":"ListItem","position":3,"name":"High Waist Skort Lilac"}]},{"@type":"WebSite","@id":"https:\/\/fittwear.nl\/#website","url":"https:\/\/fittwear.nl\/","name":"FITTwear.co.uk","description":"C'est le moment de briller !","publisher":{"@id":"https:\/\/fittwear.nl\/#organization"},"potentialAction":[{"@type":"SearchAction","target":{"@type":"EntryPoint","urlTemplate":"https:\/\/fittwear.nl\/?s={search_term_string}"},"query-input":{"@type":"PropertyValueSpecification","valueRequired":true,"valueName":"search_term_string"}}],"inLanguage":"fr-FR"},{"@type":"Organization","@id":"https:\/\/fittwear.nl\/#organization","name":"FITTwear.co.uk","url":"https:\/\/fittwear.nl\/","logo":{"@type":"ImageObject","inLanguage":"fr-FR","@id":"https:\/\/fittwear.nl\/#\/schema\/logo\/image\/","url":"https:\/\/fittwear.nl\/wp-content\/uploads\/2024\/07\/FITT-Logo-BeYOUtiful-website-homepage_Tekengebied-1-scaled.jpg","contentUrl":"https:\/\/fittwear.nl\/wp-content\/uploads\/2024\/07\/FITT-Logo-BeYOUtiful-website-homepage_Tekengebied-1-scaled.jpg","width":2560,"height":599,"caption":"FITTwear.nl"},"image":{"@id":"https:\/\/fittwear.nl\/#\/schema\/logo\/image\/"}}]}},"_links":{"self":[{"href":"https:\/\/fittwear.nl\/fr\/wp-json\/wp\/v2\/product\/69696","targetHints":{"allow":["GET"]}}],"collection":[{"href":"https:\/\/fittwear.nl\/fr\/wp-json\/wp\/v2\/product"}],"about":[{"href":"https:\/\/fittwear.nl\/fr\/wp-json\/wp\/v2\/types\/product"}],"wp:featuredmedia":[{"embeddable":true,"href":"https:\/\/fittwear.nl\/fr\/wp-json\/wp\/v2\/media\/71062"}],"wp:attachment":[{"href":"https:\/\/fittwear.nl\/fr\/wp-json\/wp\/v2\/media?parent=69696"}],"wp:term":[{"taxonomy":"product_brand","embeddable":true,"href":"https:\/\/fittwear.nl\/fr\/wp-json\/wp\/v2\/product_brand?post=69696"},{"taxonomy":"product_cat","embeddable":true,"href":"https:\/\/fittwear.nl\/fr\/wp-json\/wp\/v2\/product_cat?post=69696"},{"taxonomy":"product_tag","embeddable":true,"href":"https:\/\/fittwear.nl\/fr\/wp-json\/wp\/v2\/product_tag?post=69696"}],"curies":[{"name":"wp","href":"https:\/\/api.w.org\/{rel}","templated":true}]}}