{"id":69721,"date":"2023-07-19T09:31:16","date_gmt":"2023-07-19T07:31:16","guid":{"rendered":"https:\/\/fittwear.nl\/?post_type=product&#038;p=69721"},"modified":"2026-04-26T13:45:48","modified_gmt":"2026-04-26T11:45:48","slug":"court-circuit-piece-petrole","status":"publish","type":"product","link":"https:\/\/fittwear.nl\/fr\/product\/short-rib-one-piece-petrol\/","title":{"rendered":"Short Rib One Piece Petrol"},"content":{"rendered":"<p>- Tissu extensible<\/p>\n\n\n\n<p>&#8211; Rib stof<\/p>\n\n\n\n<p>&#8211; Extra slimming waist<\/p>\n\n\n\n<p>- Coussinets amovibles<\/p>\n\n\n\n<p>&#8211; Subtiel logo aan de achterzijde<\/p>\n\n\n\n<p>- Couleur : essence<\/p>\n\n\n\n<p>&#8211; 13% Spandex, 87% Nylon<\/p>\n\n\n\n<p>&#8211; Wasbaar tot 30\u2103<\/p>\n\n\n\n<p>- Le mod\u00e8le Sophie mesure 1,75 et porte la taille S.<\/p>","protected":false},"excerpt":{"rendered":"<p>Combinaison tendance, \u00e9l\u00e9gante et confortable \u00e0 la fois pour votre entra\u00eenement ou lorsque vous la portez dans la vie de tous les jours. Le Short Rib One Piece est un ajout \u00e0 votre garde-robe, non seulement un excellent article pour votre entra\u00eenement, mais aussi tr\u00e8s \u00e9l\u00e9gant lorsque vous le portez dans la vie de tous les jours et que vous le terminez \u00e9ventuellement avec un blazer. Extensible, confortable, amincissant et ne glissant pas pendant votre entra\u00eenement intense, que voulez-vous de plus ? Exp\u00e9rimentez le sentiment de libert\u00e9 dans ce que vous faites avec cette superbe pi\u00e8ce courte. Id\u00e9ale pour l'\u00e9t\u00e9 ou pour les s\u00e9ances d'entra\u00eenement intenses qui vous donnent chaud. Les coussinets amovibles, l'extensibilit\u00e9 et l'effet amincissant garantissent un ajustement parfait \u00e0 votre corps !<\/p>","protected":false},"featured_media":73497,"template":"","meta":{"_acf_changed":false},"product_brand":[],"product_cat":[4791,63,4744,4794,93,4868,4799],"product_tag":[],"class_list":{"0":"post-69721","1":"product","2":"type-product","3":"status-publish","4":"has-post-thumbnail","6":"product_cat-city-vibes","7":"product_cat-curves","8":"product_cat-geen-scrunch-shorts","9":"product_cat-mindful-movement","10":"product_cat-shorts","11":"product_cat-sportjumpsuits","12":"product_cat-structures","14":"first","15":"instock","16":"sale","17":"taxable","18":"shipping-taxable","19":"purchasable","20":"product-type-variable","21":"has-default-attributes"},"acf":[],"yoast_head":"<!-- This site is optimized with the Yoast SEO plugin v27.1.1 - https:\/\/yoast.com\/product\/yoast-seo-wordpress\/ -->\n<title>Short Rib One Piece Petrol - FITTwear.nl<\/title>\n<meta name=\"description\" content=\"Trendy jumpsuit, stylish en comfort in een voor tijdens jouw workout of wanneer je hem draagt in je dagelijkse routine. De Short Rib One Piece is een toevoeging voor in jouw kledingkast, niet alleen is het een fantastisch item voor tijdens het sporten, maar ook erg stylish door hem te dragen in het dagelijks leven en eventueel af te stijlen met een blazer. Stretchy, comfort, slimming en zakt niet af tijdens jouw intensieve workout, wat wil je nog meer? Ervaar het gevoel van vrijheid in hetgeen wat je doet met deze geweldige Short One Piece. Ideaal voor in de zomer of tijdens de intensieve workouts waar je het warm van krijgt. De uitneembare pads, de stretch en het slimming effect zorgen voor de perfecte pasvorm voor jouw lichaam!\" \/>\n<meta name=\"robots\" content=\"index, follow, max-snippet:-1, max-image-preview:large, max-video-preview:-1\" \/>\n<link rel=\"canonical\" href=\"https:\/\/fittwear.nl\/fr\/produit-2\/court-circuit-piece-petrole\/\" \/>\n<meta property=\"og:locale\" content=\"fr_FR\" \/>\n<meta property=\"og:type\" content=\"article\" \/>\n<meta property=\"og:title\" content=\"Short Rib One Piece Petrol - FITTwear.nl\" \/>\n<meta property=\"og:description\" content=\"Trendy jumpsuit, stylish en comfort in een voor tijdens jouw workout of wanneer je hem draagt in je dagelijkse routine. De Short Rib One Piece is een toevoeging voor in jouw kledingkast, niet alleen is het een fantastisch item voor tijdens het sporten, maar ook erg stylish door hem te dragen in het dagelijks leven en eventueel af te stijlen met een blazer. Stretchy, comfort, slimming en zakt niet af tijdens jouw intensieve workout, wat wil je nog meer? Ervaar het gevoel van vrijheid in hetgeen wat je doet met deze geweldige Short One Piece. Ideaal voor in de zomer of tijdens de intensieve workouts waar je het warm van krijgt. De uitneembare pads, de stretch en het slimming effect zorgen voor de perfecte pasvorm voor jouw lichaam!\" \/>\n<meta property=\"og:url\" content=\"https:\/\/fittwear.nl\/fr\/produit-2\/court-circuit-piece-petrole\/\" \/>\n<meta property=\"og:site_name\" content=\"FITTwear.nl\" \/>\n<meta property=\"article:modified_time\" content=\"2026-04-26T11:45:48+00:00\" \/>\n<meta property=\"og:image\" content=\"https:\/\/fittwear.nl\/wp-content\/uploads\/2023\/07\/jumpsuit-kort-petrol_Fullbody_jpg_22.jpg\" \/>\n\t<meta property=\"og:image:width\" content=\"1200\" \/>\n\t<meta property=\"og:image:height\" content=\"1800\" \/>\n\t<meta property=\"og:image:type\" content=\"image\/jpeg\" \/>\n<meta name=\"twitter:card\" content=\"summary_large_image\" \/>\n<meta name=\"twitter:label1\" content=\"Dur\u00e9e de lecture estim\u00e9e\" \/>\n\t<meta name=\"twitter:data1\" content=\"1 minute\" \/>\n<script type=\"application\/ld+json\" class=\"yoast-schema-graph\">{\"@context\":\"https:\/\/schema.org\",\"@graph\":[{\"@type\":\"WebPage\",\"@id\":\"https:\/\/fittwear.nl\/product\/short-rib-one-piece-petrol\/\",\"url\":\"https:\/\/fittwear.nl\/product\/short-rib-one-piece-petrol\/\",\"name\":\"Short Rib One Piece Petrol - FITTwear.nl\",\"isPartOf\":{\"@id\":\"https:\/\/fittwear.nl\/#website\"},\"primaryImageOfPage\":{\"@id\":\"https:\/\/fittwear.nl\/product\/short-rib-one-piece-petrol\/#primaryimage\"},\"image\":{\"@id\":\"https:\/\/fittwear.nl\/product\/short-rib-one-piece-petrol\/#primaryimage\"},\"thumbnailUrl\":\"https:\/\/fittwear.nl\/wp-content\/uploads\/2023\/07\/jumpsuit-kort-petrol_Fullbody_jpg_22.jpg\",\"datePublished\":\"2023-07-19T07:31:16+00:00\",\"dateModified\":\"2026-04-26T11:45:48+00:00\",\"description\":\"Trendy jumpsuit, stylish en comfort in een voor tijdens jouw workout of wanneer je hem draagt in je dagelijkse routine. De Short Rib One Piece is een toevoeging voor in jouw kledingkast, niet alleen is het een fantastisch item voor tijdens het sporten, maar ook erg stylish door hem te dragen in het dagelijks leven en eventueel af te stijlen met een blazer. Stretchy, comfort, slimming en zakt niet af tijdens jouw intensieve workout, wat wil je nog meer? Ervaar het gevoel van vrijheid in hetgeen wat je doet met deze geweldige Short One Piece. Ideaal voor in de zomer of tijdens de intensieve workouts waar je het warm van krijgt. De uitneembare pads, de stretch en het slimming effect zorgen voor de perfecte pasvorm voor jouw lichaam!\",\"breadcrumb\":{\"@id\":\"https:\/\/fittwear.nl\/product\/short-rib-one-piece-petrol\/#breadcrumb\"},\"inLanguage\":\"fr-FR\",\"potentialAction\":[{\"@type\":\"ReadAction\",\"target\":[\"https:\/\/fittwear.nl\/product\/short-rib-one-piece-petrol\/\"]}]},{\"@type\":\"ImageObject\",\"inLanguage\":\"fr-FR\",\"@id\":\"https:\/\/fittwear.nl\/product\/short-rib-one-piece-petrol\/#primaryimage\",\"url\":\"https:\/\/fittwear.nl\/wp-content\/uploads\/2023\/07\/jumpsuit-kort-petrol_Fullbody_jpg_22.jpg\",\"contentUrl\":\"https:\/\/fittwear.nl\/wp-content\/uploads\/2023\/07\/jumpsuit-kort-petrol_Fullbody_jpg_22.jpg\",\"width\":1200,\"height\":1800},{\"@type\":\"BreadcrumbList\",\"@id\":\"https:\/\/fittwear.nl\/product\/short-rib-one-piece-petrol\/#breadcrumb\",\"itemListElement\":[{\"@type\":\"ListItem\",\"position\":1,\"name\":\"Home\",\"item\":\"https:\/\/fittwear.nl\/\"},{\"@type\":\"ListItem\",\"position\":2,\"name\":\"Shop\",\"item\":\"https:\/\/fittwear.nl\/shop\/\"},{\"@type\":\"ListItem\",\"position\":3,\"name\":\"Short Rib One Piece Petrol\"}]},{\"@type\":\"WebSite\",\"@id\":\"https:\/\/fittwear.nl\/#website\",\"url\":\"https:\/\/fittwear.nl\/\",\"name\":\"FITTwear.nl\",\"description\":\"Time to shine!\",\"publisher\":{\"@id\":\"https:\/\/fittwear.nl\/#organization\"},\"potentialAction\":[{\"@type\":\"SearchAction\",\"target\":{\"@type\":\"EntryPoint\",\"urlTemplate\":\"https:\/\/fittwear.nl\/?s={search_term_string}\"},\"query-input\":{\"@type\":\"PropertyValueSpecification\",\"valueRequired\":true,\"valueName\":\"search_term_string\"}}],\"inLanguage\":\"fr-FR\"},{\"@type\":\"Organization\",\"@id\":\"https:\/\/fittwear.nl\/#organization\",\"name\":\"FITTwear.nl\",\"url\":\"https:\/\/fittwear.nl\/\",\"logo\":{\"@type\":\"ImageObject\",\"inLanguage\":\"fr-FR\",\"@id\":\"https:\/\/fittwear.nl\/#\/schema\/logo\/image\/\",\"url\":\"https:\/\/fittwear.nl\/wp-content\/uploads\/2024\/07\/FITT-Logo-BeYOUtiful-website-homepage_Tekengebied-1-scaled.jpg\",\"contentUrl\":\"https:\/\/fittwear.nl\/wp-content\/uploads\/2024\/07\/FITT-Logo-BeYOUtiful-website-homepage_Tekengebied-1-scaled.jpg\",\"width\":2560,\"height\":599,\"caption\":\"FITTwear.nl\"},\"image\":{\"@id\":\"https:\/\/fittwear.nl\/#\/schema\/logo\/image\/\"}}]}<\/script>\n<!-- \/ Yoast SEO plugin. -->","yoast_head_json":{"title":"Monopi\u00e8ce \u00e0 c\u00f4tes courtes P\u00e9trole - FITTwear.fr","description":"Combinaison tendance, \u00e9l\u00e9gante et confortable \u00e0 la fois pour votre entra\u00eenement ou lorsque vous la portez dans la vie de tous les jours. Le Short Rib One Piece est un ajout \u00e0 votre garde-robe, non seulement un excellent article pour votre entra\u00eenement, mais aussi tr\u00e8s \u00e9l\u00e9gant lorsque vous le portez dans la vie de tous les jours et que vous le terminez \u00e9ventuellement avec un blazer. Extensible, confortable, amincissant et ne glissant pas pendant votre entra\u00eenement intense, que voulez-vous de plus ? Exp\u00e9rimentez le sentiment de libert\u00e9 dans ce que vous faites avec cette superbe pi\u00e8ce courte. Id\u00e9ale pour l'\u00e9t\u00e9 ou pour les s\u00e9ances d'entra\u00eenement intenses qui vous donnent chaud. Les coussinets amovibles, l'extensibilit\u00e9 et l'effet amincissant garantissent un ajustement parfait \u00e0 votre corps !","robots":{"index":"index","follow":"follow","max-snippet":"max-snippet:-1","max-image-preview":"max-image-preview:large","max-video-preview":"max-video-preview:-1"},"canonical":"https:\/\/fittwear.nl\/fr\/produit-2\/court-circuit-piece-petrole\/","og_locale":"fr_FR","og_type":"article","og_title":"Short Rib One Piece Petrol - FITTwear.nl","og_description":"Trendy jumpsuit, stylish en comfort in een voor tijdens jouw workout of wanneer je hem draagt in je dagelijkse routine. De Short Rib One Piece is een toevoeging voor in jouw kledingkast, niet alleen is het een fantastisch item voor tijdens het sporten, maar ook erg stylish door hem te dragen in het dagelijks leven en eventueel af te stijlen met een blazer. Stretchy, comfort, slimming en zakt niet af tijdens jouw intensieve workout, wat wil je nog meer? Ervaar het gevoel van vrijheid in hetgeen wat je doet met deze geweldige Short One Piece. Ideaal voor in de zomer of tijdens de intensieve workouts waar je het warm van krijgt. De uitneembare pads, de stretch en het slimming effect zorgen voor de perfecte pasvorm voor jouw lichaam!","og_url":"https:\/\/fittwear.nl\/fr\/produit-2\/court-circuit-piece-petrole\/","og_site_name":"FITTwear.nl","article_modified_time":"2026-04-26T11:45:48+00:00","og_image":[{"width":1200,"height":1800,"url":"https:\/\/fittwear.nl\/wp-content\/uploads\/2023\/07\/jumpsuit-kort-petrol_Fullbody_jpg_22.jpg","type":"image\/jpeg"}],"twitter_card":"summary_large_image","twitter_misc":{"Dur\u00e9e de lecture estim\u00e9e":"1 minute"},"schema":{"@context":"https:\/\/schema.org","@graph":[{"@type":"WebPage","@id":"https:\/\/fittwear.nl\/product\/short-rib-one-piece-petrol\/","url":"https:\/\/fittwear.nl\/product\/short-rib-one-piece-petrol\/","name":"Monopi\u00e8ce \u00e0 c\u00f4tes courtes P\u00e9trole - FITTwear.fr","isPartOf":{"@id":"https:\/\/fittwear.nl\/#website"},"primaryImageOfPage":{"@id":"https:\/\/fittwear.nl\/product\/short-rib-one-piece-petrol\/#primaryimage"},"image":{"@id":"https:\/\/fittwear.nl\/product\/short-rib-one-piece-petrol\/#primaryimage"},"thumbnailUrl":"https:\/\/fittwear.nl\/wp-content\/uploads\/2023\/07\/jumpsuit-kort-petrol_Fullbody_jpg_22.jpg","datePublished":"2023-07-19T07:31:16+00:00","dateModified":"2026-04-26T11:45:48+00:00","description":"Combinaison tendance, \u00e9l\u00e9gante et confortable \u00e0 la fois pour votre entra\u00eenement ou lorsque vous la portez dans la vie de tous les jours. Le Short Rib One Piece est un ajout \u00e0 votre garde-robe, non seulement un excellent article pour votre entra\u00eenement, mais aussi tr\u00e8s \u00e9l\u00e9gant lorsque vous le portez dans la vie de tous les jours et que vous le terminez \u00e9ventuellement avec un blazer. Extensible, confortable, amincissant et ne glissant pas pendant votre entra\u00eenement intense, que voulez-vous de plus ? Exp\u00e9rimentez le sentiment de libert\u00e9 dans ce que vous faites avec cette superbe pi\u00e8ce courte. Id\u00e9ale pour l'\u00e9t\u00e9 ou pour les s\u00e9ances d'entra\u00eenement intenses qui vous donnent chaud. Les coussinets amovibles, l'extensibilit\u00e9 et l'effet amincissant garantissent un ajustement parfait \u00e0 votre corps !","breadcrumb":{"@id":"https:\/\/fittwear.nl\/product\/short-rib-one-piece-petrol\/#breadcrumb"},"inLanguage":"fr-FR","potentialAction":[{"@type":"ReadAction","target":["https:\/\/fittwear.nl\/product\/short-rib-one-piece-petrol\/"]}]},{"@type":"ImageObject","inLanguage":"fr-FR","@id":"https:\/\/fittwear.nl\/product\/short-rib-one-piece-petrol\/#primaryimage","url":"https:\/\/fittwear.nl\/wp-content\/uploads\/2023\/07\/jumpsuit-kort-petrol_Fullbody_jpg_22.jpg","contentUrl":"https:\/\/fittwear.nl\/wp-content\/uploads\/2023\/07\/jumpsuit-kort-petrol_Fullbody_jpg_22.jpg","width":1200,"height":1800},{"@type":"BreadcrumbList","@id":"https:\/\/fittwear.nl\/product\/short-rib-one-piece-petrol\/#breadcrumb","itemListElement":[{"@type":"ListItem","position":1,"name":"Home","item":"https:\/\/fittwear.nl\/"},{"@type":"ListItem","position":2,"name":"Shop","item":"https:\/\/fittwear.nl\/shop\/"},{"@type":"ListItem","position":3,"name":"Short Rib One Piece Petrol"}]},{"@type":"WebSite","@id":"https:\/\/fittwear.nl\/#website","url":"https:\/\/fittwear.nl\/","name":"FITTwear.co.uk","description":"C'est le moment de briller !","publisher":{"@id":"https:\/\/fittwear.nl\/#organization"},"potentialAction":[{"@type":"SearchAction","target":{"@type":"EntryPoint","urlTemplate":"https:\/\/fittwear.nl\/?s={search_term_string}"},"query-input":{"@type":"PropertyValueSpecification","valueRequired":true,"valueName":"search_term_string"}}],"inLanguage":"fr-FR"},{"@type":"Organization","@id":"https:\/\/fittwear.nl\/#organization","name":"FITTwear.co.uk","url":"https:\/\/fittwear.nl\/","logo":{"@type":"ImageObject","inLanguage":"fr-FR","@id":"https:\/\/fittwear.nl\/#\/schema\/logo\/image\/","url":"https:\/\/fittwear.nl\/wp-content\/uploads\/2024\/07\/FITT-Logo-BeYOUtiful-website-homepage_Tekengebied-1-scaled.jpg","contentUrl":"https:\/\/fittwear.nl\/wp-content\/uploads\/2024\/07\/FITT-Logo-BeYOUtiful-website-homepage_Tekengebied-1-scaled.jpg","width":2560,"height":599,"caption":"FITTwear.nl"},"image":{"@id":"https:\/\/fittwear.nl\/#\/schema\/logo\/image\/"}}]}},"_links":{"self":[{"href":"https:\/\/fittwear.nl\/fr\/wp-json\/wp\/v2\/product\/69721","targetHints":{"allow":["GET"]}}],"collection":[{"href":"https:\/\/fittwear.nl\/fr\/wp-json\/wp\/v2\/product"}],"about":[{"href":"https:\/\/fittwear.nl\/fr\/wp-json\/wp\/v2\/types\/product"}],"wp:featuredmedia":[{"embeddable":true,"href":"https:\/\/fittwear.nl\/fr\/wp-json\/wp\/v2\/media\/73497"}],"wp:attachment":[{"href":"https:\/\/fittwear.nl\/fr\/wp-json\/wp\/v2\/media?parent=69721"}],"wp:term":[{"taxonomy":"product_brand","embeddable":true,"href":"https:\/\/fittwear.nl\/fr\/wp-json\/wp\/v2\/product_brand?post=69721"},{"taxonomy":"product_cat","embeddable":true,"href":"https:\/\/fittwear.nl\/fr\/wp-json\/wp\/v2\/product_cat?post=69721"},{"taxonomy":"product_tag","embeddable":true,"href":"https:\/\/fittwear.nl\/fr\/wp-json\/wp\/v2\/product_tag?post=69721"}],"curies":[{"name":"wp","href":"https:\/\/api.w.org\/{rel}","templated":true}]}}