{"id":72115,"date":"2023-08-18T09:36:45","date_gmt":"2023-08-18T07:36:45","guid":{"rendered":"https:\/\/fittwear.nl\/?post_type=product&#038;p=72115"},"modified":"2026-04-19T04:03:11","modified_gmt":"2026-04-19T02:03:11","slug":"combinaison-croisee-marron","status":"publish","type":"product","link":"https:\/\/fittwear.nl\/fr\/product\/criss-cross-jumpsuit-brown\/","title":{"rendered":"Criss Cross Jumpsuit Brown"},"content":{"rendered":"<p>&#8211; Stretchy one piece<\/p>\n\n\n\n<p>&#8211; Mooie rugdetails<\/p>\n\n\n\n<p>&#8211; Ademende en sneldrogende stof<\/p>\n\n\n\n<p>- Coussinets amovibles<\/p>\n\n\n\n<p>&#8211; Kleur: Brown<\/p>\n\n\n\n<p>- Lavable jusqu'\u00e0 30\u00b0.<\/p>\n\n\n\n<p>- Le mod\u00e8le Sophie mesure 1,75 et porte la taille S.<\/p>","protected":false},"excerpt":{"rendered":"<p>Vous avez \u00e9galement du mal \u00e0 trouver les articles assortis \u00e0 mettre ? Alors cette combinaison crois\u00e9e est exactement ce qu'il vous faut. Vous n'avez plus \u00e0 vous soucier du haut ou des leggings qui formeront la tenue parfaite, vous \u00eates pr\u00eate en un seul coup ! La mati\u00e8re extensible, le tissu mobile et \u00e0 s\u00e9chage rapide, les coussinets amovibles et les d\u00e9tails font de cette combinaison un article indispensable dans votre garde-robe. D\u00e9couvrez le confort de cette pi\u00e8ce unique en l'utilisant lors de toutes vos activit\u00e9s. Que vous partiez en randonn\u00e9e, que vous fassiez du cardio ou que vous vous d\u00e9tendiez lors d'une s\u00e9ance de yoga, cette combinaison tendance peut tout faire.<\/p>","protected":false},"featured_media":72121,"template":"","meta":{"_acf_changed":false},"product_brand":[],"product_cat":[4791,4796,4794,4868],"product_tag":[],"class_list":{"0":"post-72115","1":"product","2":"type-product","3":"status-publish","4":"has-post-thumbnail","6":"product_cat-city-vibes","7":"product_cat-cute-in-neutrals","8":"product_cat-mindful-movement","9":"product_cat-sportjumpsuits","11":"first","12":"instock","13":"taxable","14":"shipping-taxable","15":"purchasable","16":"product-type-variable","17":"has-default-attributes"},"acf":[],"yoast_head":"<!-- This site is optimized with the Yoast SEO plugin v27.1.1 - https:\/\/yoast.com\/product\/yoast-seo-wordpress\/ -->\n<title>Criss Cross Jumpsuit Brown - FITTwear.nl<\/title>\n<meta name=\"description\" content=\"Vind jij het ook zo lastig om te bedenken welke matchende items je moet aantrekken? Dan is deze Criss Cross Jumpsuit echt iets voor jou. Geen stress over welke top of legging de perfecte outfit maken, nu ben je in een keer klaar! Door het stretchy materiaal, de meebewegende en sneldrogende stof, de uitneembare pads en de details is dit het item wat onmisbaar is binnen jouw garderobe. Ervaar het comfort van deze one piece door hem in te zetten tijdens al jouw activiteiten. Of je nu gaat hiken, een cardiotraining aangaat of gaat ontspannen tijdens een yoga-sessie, met deze trendy jumpsuit kan het allemaal.\" \/>\n<meta name=\"robots\" content=\"index, follow, max-snippet:-1, max-image-preview:large, max-video-preview:-1\" \/>\n<link rel=\"canonical\" href=\"https:\/\/fittwear.nl\/fr\/produit-2\/combinaison-croisee-marron\/\" \/>\n<meta property=\"og:locale\" content=\"fr_FR\" \/>\n<meta property=\"og:type\" content=\"article\" \/>\n<meta property=\"og:title\" content=\"Criss Cross Jumpsuit Brown - FITTwear.nl\" \/>\n<meta property=\"og:description\" content=\"Vind jij het ook zo lastig om te bedenken welke matchende items je moet aantrekken? Dan is deze Criss Cross Jumpsuit echt iets voor jou. Geen stress over welke top of legging de perfecte outfit maken, nu ben je in een keer klaar! Door het stretchy materiaal, de meebewegende en sneldrogende stof, de uitneembare pads en de details is dit het item wat onmisbaar is binnen jouw garderobe. Ervaar het comfort van deze one piece door hem in te zetten tijdens al jouw activiteiten. Of je nu gaat hiken, een cardiotraining aangaat of gaat ontspannen tijdens een yoga-sessie, met deze trendy jumpsuit kan het allemaal.\" \/>\n<meta property=\"og:url\" content=\"https:\/\/fittwear.nl\/fr\/produit-2\/combinaison-croisee-marron\/\" \/>\n<meta property=\"og:site_name\" content=\"FITTwear.nl\" \/>\n<meta property=\"article:modified_time\" content=\"2026-04-19T02:03:11+00:00\" \/>\n<meta property=\"og:image\" content=\"https:\/\/fittwear.nl\/wp-content\/uploads\/2023\/08\/jumpsuit-bruin_Fullbody_jpg_21-kopieren-scaled.jpg\" \/>\n\t<meta property=\"og:image:width\" content=\"1707\" \/>\n\t<meta property=\"og:image:height\" content=\"2560\" \/>\n\t<meta property=\"og:image:type\" content=\"image\/jpeg\" \/>\n<meta name=\"twitter:card\" content=\"summary_large_image\" \/>\n<meta name=\"twitter:label1\" content=\"Dur\u00e9e de lecture estim\u00e9e\" \/>\n\t<meta name=\"twitter:data1\" content=\"1 minute\" \/>\n<script type=\"application\/ld+json\" class=\"yoast-schema-graph\">{\"@context\":\"https:\/\/schema.org\",\"@graph\":[{\"@type\":\"WebPage\",\"@id\":\"https:\/\/fittwear.nl\/product\/criss-cross-jumpsuit-brown\/\",\"url\":\"https:\/\/fittwear.nl\/product\/criss-cross-jumpsuit-brown\/\",\"name\":\"Criss Cross Jumpsuit Brown - FITTwear.nl\",\"isPartOf\":{\"@id\":\"https:\/\/fittwear.nl\/#website\"},\"primaryImageOfPage\":{\"@id\":\"https:\/\/fittwear.nl\/product\/criss-cross-jumpsuit-brown\/#primaryimage\"},\"image\":{\"@id\":\"https:\/\/fittwear.nl\/product\/criss-cross-jumpsuit-brown\/#primaryimage\"},\"thumbnailUrl\":\"https:\/\/fittwear.nl\/wp-content\/uploads\/2023\/08\/jumpsuit-bruin_Fullbody_jpg_21-kopieren-scaled.jpg\",\"datePublished\":\"2023-08-18T07:36:45+00:00\",\"dateModified\":\"2026-04-19T02:03:11+00:00\",\"description\":\"Vind jij het ook zo lastig om te bedenken welke matchende items je moet aantrekken? Dan is deze Criss Cross Jumpsuit echt iets voor jou. Geen stress over welke top of legging de perfecte outfit maken, nu ben je in een keer klaar! Door het stretchy materiaal, de meebewegende en sneldrogende stof, de uitneembare pads en de details is dit het item wat onmisbaar is binnen jouw garderobe. Ervaar het comfort van deze one piece door hem in te zetten tijdens al jouw activiteiten. Of je nu gaat hiken, een cardiotraining aangaat of gaat ontspannen tijdens een yoga-sessie, met deze trendy jumpsuit kan het allemaal.\",\"breadcrumb\":{\"@id\":\"https:\/\/fittwear.nl\/product\/criss-cross-jumpsuit-brown\/#breadcrumb\"},\"inLanguage\":\"fr-FR\",\"potentialAction\":[{\"@type\":\"ReadAction\",\"target\":[\"https:\/\/fittwear.nl\/product\/criss-cross-jumpsuit-brown\/\"]}]},{\"@type\":\"ImageObject\",\"inLanguage\":\"fr-FR\",\"@id\":\"https:\/\/fittwear.nl\/product\/criss-cross-jumpsuit-brown\/#primaryimage\",\"url\":\"https:\/\/fittwear.nl\/wp-content\/uploads\/2023\/08\/jumpsuit-bruin_Fullbody_jpg_21-kopieren-scaled.jpg\",\"contentUrl\":\"https:\/\/fittwear.nl\/wp-content\/uploads\/2023\/08\/jumpsuit-bruin_Fullbody_jpg_21-kopieren-scaled.jpg\",\"width\":1707,\"height\":2560},{\"@type\":\"BreadcrumbList\",\"@id\":\"https:\/\/fittwear.nl\/product\/criss-cross-jumpsuit-brown\/#breadcrumb\",\"itemListElement\":[{\"@type\":\"ListItem\",\"position\":1,\"name\":\"Home\",\"item\":\"https:\/\/fittwear.nl\/\"},{\"@type\":\"ListItem\",\"position\":2,\"name\":\"Shop\",\"item\":\"https:\/\/fittwear.nl\/shop\/\"},{\"@type\":\"ListItem\",\"position\":3,\"name\":\"Criss Cross Jumpsuit Brown\"}]},{\"@type\":\"WebSite\",\"@id\":\"https:\/\/fittwear.nl\/#website\",\"url\":\"https:\/\/fittwear.nl\/\",\"name\":\"FITTwear.nl\",\"description\":\"Time to shine!\",\"publisher\":{\"@id\":\"https:\/\/fittwear.nl\/#organization\"},\"potentialAction\":[{\"@type\":\"SearchAction\",\"target\":{\"@type\":\"EntryPoint\",\"urlTemplate\":\"https:\/\/fittwear.nl\/?s={search_term_string}\"},\"query-input\":{\"@type\":\"PropertyValueSpecification\",\"valueRequired\":true,\"valueName\":\"search_term_string\"}}],\"inLanguage\":\"fr-FR\"},{\"@type\":\"Organization\",\"@id\":\"https:\/\/fittwear.nl\/#organization\",\"name\":\"FITTwear.nl\",\"url\":\"https:\/\/fittwear.nl\/\",\"logo\":{\"@type\":\"ImageObject\",\"inLanguage\":\"fr-FR\",\"@id\":\"https:\/\/fittwear.nl\/#\/schema\/logo\/image\/\",\"url\":\"https:\/\/fittwear.nl\/wp-content\/uploads\/2024\/07\/FITT-Logo-BeYOUtiful-website-homepage_Tekengebied-1-scaled.jpg\",\"contentUrl\":\"https:\/\/fittwear.nl\/wp-content\/uploads\/2024\/07\/FITT-Logo-BeYOUtiful-website-homepage_Tekengebied-1-scaled.jpg\",\"width\":2560,\"height\":599,\"caption\":\"FITTwear.nl\"},\"image\":{\"@id\":\"https:\/\/fittwear.nl\/#\/schema\/logo\/image\/\"}}]}<\/script>\n<!-- \/ Yoast SEO plugin. -->","yoast_head_json":{"title":"Combinaison crois\u00e9e Marron - FITTwear.fr","description":"Vous avez \u00e9galement du mal \u00e0 trouver les articles assortis \u00e0 mettre ? Alors cette combinaison crois\u00e9e est exactement ce qu'il vous faut. Vous n'avez plus \u00e0 vous soucier du haut ou des leggings qui formeront la tenue parfaite, vous \u00eates pr\u00eate en un seul coup ! La mati\u00e8re extensible, le tissu mobile et \u00e0 s\u00e9chage rapide, les coussinets amovibles et les d\u00e9tails font de cette combinaison un article indispensable dans votre garde-robe. D\u00e9couvrez le confort de cette pi\u00e8ce unique en l'utilisant lors de toutes vos activit\u00e9s. Que vous partiez en randonn\u00e9e, que vous fassiez du cardio ou que vous vous d\u00e9tendiez lors d'une s\u00e9ance de yoga, cette combinaison tendance peut tout faire.","robots":{"index":"index","follow":"follow","max-snippet":"max-snippet:-1","max-image-preview":"max-image-preview:large","max-video-preview":"max-video-preview:-1"},"canonical":"https:\/\/fittwear.nl\/fr\/produit-2\/combinaison-croisee-marron\/","og_locale":"fr_FR","og_type":"article","og_title":"Criss Cross Jumpsuit Brown - FITTwear.nl","og_description":"Vind jij het ook zo lastig om te bedenken welke matchende items je moet aantrekken? Dan is deze Criss Cross Jumpsuit echt iets voor jou. Geen stress over welke top of legging de perfecte outfit maken, nu ben je in een keer klaar! Door het stretchy materiaal, de meebewegende en sneldrogende stof, de uitneembare pads en de details is dit het item wat onmisbaar is binnen jouw garderobe. Ervaar het comfort van deze one piece door hem in te zetten tijdens al jouw activiteiten. Of je nu gaat hiken, een cardiotraining aangaat of gaat ontspannen tijdens een yoga-sessie, met deze trendy jumpsuit kan het allemaal.","og_url":"https:\/\/fittwear.nl\/fr\/produit-2\/combinaison-croisee-marron\/","og_site_name":"FITTwear.nl","article_modified_time":"2026-04-19T02:03:11+00:00","og_image":[{"width":1707,"height":2560,"url":"https:\/\/fittwear.nl\/wp-content\/uploads\/2023\/08\/jumpsuit-bruin_Fullbody_jpg_21-kopieren-scaled.jpg","type":"image\/jpeg"}],"twitter_card":"summary_large_image","twitter_misc":{"Dur\u00e9e de lecture estim\u00e9e":"1 minute"},"schema":{"@context":"https:\/\/schema.org","@graph":[{"@type":"WebPage","@id":"https:\/\/fittwear.nl\/product\/criss-cross-jumpsuit-brown\/","url":"https:\/\/fittwear.nl\/product\/criss-cross-jumpsuit-brown\/","name":"Combinaison crois\u00e9e Marron - FITTwear.fr","isPartOf":{"@id":"https:\/\/fittwear.nl\/#website"},"primaryImageOfPage":{"@id":"https:\/\/fittwear.nl\/product\/criss-cross-jumpsuit-brown\/#primaryimage"},"image":{"@id":"https:\/\/fittwear.nl\/product\/criss-cross-jumpsuit-brown\/#primaryimage"},"thumbnailUrl":"https:\/\/fittwear.nl\/wp-content\/uploads\/2023\/08\/jumpsuit-bruin_Fullbody_jpg_21-kopieren-scaled.jpg","datePublished":"2023-08-18T07:36:45+00:00","dateModified":"2026-04-19T02:03:11+00:00","description":"Vous avez \u00e9galement du mal \u00e0 trouver les articles assortis \u00e0 mettre ? Alors cette combinaison crois\u00e9e est exactement ce qu'il vous faut. Vous n'avez plus \u00e0 vous soucier du haut ou des leggings qui formeront la tenue parfaite, vous \u00eates pr\u00eate en un seul coup ! La mati\u00e8re extensible, le tissu mobile et \u00e0 s\u00e9chage rapide, les coussinets amovibles et les d\u00e9tails font de cette combinaison un article indispensable dans votre garde-robe. D\u00e9couvrez le confort de cette pi\u00e8ce unique en l'utilisant lors de toutes vos activit\u00e9s. Que vous partiez en randonn\u00e9e, que vous fassiez du cardio ou que vous vous d\u00e9tendiez lors d'une s\u00e9ance de yoga, cette combinaison tendance peut tout faire.","breadcrumb":{"@id":"https:\/\/fittwear.nl\/product\/criss-cross-jumpsuit-brown\/#breadcrumb"},"inLanguage":"fr-FR","potentialAction":[{"@type":"ReadAction","target":["https:\/\/fittwear.nl\/product\/criss-cross-jumpsuit-brown\/"]}]},{"@type":"ImageObject","inLanguage":"fr-FR","@id":"https:\/\/fittwear.nl\/product\/criss-cross-jumpsuit-brown\/#primaryimage","url":"https:\/\/fittwear.nl\/wp-content\/uploads\/2023\/08\/jumpsuit-bruin_Fullbody_jpg_21-kopieren-scaled.jpg","contentUrl":"https:\/\/fittwear.nl\/wp-content\/uploads\/2023\/08\/jumpsuit-bruin_Fullbody_jpg_21-kopieren-scaled.jpg","width":1707,"height":2560},{"@type":"BreadcrumbList","@id":"https:\/\/fittwear.nl\/product\/criss-cross-jumpsuit-brown\/#breadcrumb","itemListElement":[{"@type":"ListItem","position":1,"name":"Home","item":"https:\/\/fittwear.nl\/"},{"@type":"ListItem","position":2,"name":"Shop","item":"https:\/\/fittwear.nl\/shop\/"},{"@type":"ListItem","position":3,"name":"Criss Cross Jumpsuit Brown"}]},{"@type":"WebSite","@id":"https:\/\/fittwear.nl\/#website","url":"https:\/\/fittwear.nl\/","name":"FITTwear.co.uk","description":"C'est le moment de briller !","publisher":{"@id":"https:\/\/fittwear.nl\/#organization"},"potentialAction":[{"@type":"SearchAction","target":{"@type":"EntryPoint","urlTemplate":"https:\/\/fittwear.nl\/?s={search_term_string}"},"query-input":{"@type":"PropertyValueSpecification","valueRequired":true,"valueName":"search_term_string"}}],"inLanguage":"fr-FR"},{"@type":"Organization","@id":"https:\/\/fittwear.nl\/#organization","name":"FITTwear.co.uk","url":"https:\/\/fittwear.nl\/","logo":{"@type":"ImageObject","inLanguage":"fr-FR","@id":"https:\/\/fittwear.nl\/#\/schema\/logo\/image\/","url":"https:\/\/fittwear.nl\/wp-content\/uploads\/2024\/07\/FITT-Logo-BeYOUtiful-website-homepage_Tekengebied-1-scaled.jpg","contentUrl":"https:\/\/fittwear.nl\/wp-content\/uploads\/2024\/07\/FITT-Logo-BeYOUtiful-website-homepage_Tekengebied-1-scaled.jpg","width":2560,"height":599,"caption":"FITTwear.nl"},"image":{"@id":"https:\/\/fittwear.nl\/#\/schema\/logo\/image\/"}}]}},"_links":{"self":[{"href":"https:\/\/fittwear.nl\/fr\/wp-json\/wp\/v2\/product\/72115","targetHints":{"allow":["GET"]}}],"collection":[{"href":"https:\/\/fittwear.nl\/fr\/wp-json\/wp\/v2\/product"}],"about":[{"href":"https:\/\/fittwear.nl\/fr\/wp-json\/wp\/v2\/types\/product"}],"wp:featuredmedia":[{"embeddable":true,"href":"https:\/\/fittwear.nl\/fr\/wp-json\/wp\/v2\/media\/72121"}],"wp:attachment":[{"href":"https:\/\/fittwear.nl\/fr\/wp-json\/wp\/v2\/media?parent=72115"}],"wp:term":[{"taxonomy":"product_brand","embeddable":true,"href":"https:\/\/fittwear.nl\/fr\/wp-json\/wp\/v2\/product_brand?post=72115"},{"taxonomy":"product_cat","embeddable":true,"href":"https:\/\/fittwear.nl\/fr\/wp-json\/wp\/v2\/product_cat?post=72115"},{"taxonomy":"product_tag","embeddable":true,"href":"https:\/\/fittwear.nl\/fr\/wp-json\/wp\/v2\/product_tag?post=72115"}],"curies":[{"name":"wp","href":"https:\/\/api.w.org\/{rel}","templated":true}]}}