{"id":7370,"date":"2021-02-18T14:40:15","date_gmt":"2021-02-18T13:40:15","guid":{"rendered":"https:\/\/fittwear.nl\/?post_type=product&#038;p=7370"},"modified":"2026-04-26T14:40:26","modified_gmt":"2026-04-26T12:40:26","slug":"velours-bh-blush","status":"publish","type":"product","link":"https:\/\/fittwear.nl\/fr\/product\/velvet-bh-blush\/","title":{"rendered":"Soutien-gorge en velours Blush"},"content":{"rendered":"<p>Soutien-gorge de sport<\/p>\n<p>-Tissu velours<\/p>\n<p>-Impact \u00e9lev\u00e9<\/p>\n<p>-Rembourrage amovible<\/p>\n<p>-R\u00e9gulation de l'humidit\u00e9<\/p>\n<p>-Respirable<\/p>\n<p>-Polyamide 85%<\/p>\n<p>-15% Elastane<\/p>\n<p>-Lavable jusqu'\u00e0 30\u00b0.<\/p>\n<p>-Couleur : Blush<\/p>\n<p>-Le mod\u00e8le doete mesure 1.76 et porte la taille S<\/p>","protected":false},"excerpt":{"rendered":"<p>Velours \u00e0 la mode et sport ? FITT les r\u00e9unit. La collection Velvet est con\u00e7ue pour \u00eatre extr\u00eamement adapt\u00e9e au sport. L'int\u00e9rieur du soutien-gorge poss\u00e8de des propri\u00e9t\u00e9s de r\u00e9gulation de l'humidit\u00e9 et de respirabilit\u00e9. L'ext\u00e9rieur est constitu\u00e9 d'un tissu Velvet extr\u00eamement vaporeux. La ligne Velvet est merveilleusement l\u00e9g\u00e8re, comme une seconde peau !<\/p>\n<p>Le mod\u00e8le Doete mesure 1,76 et porte la taille S.<\/p>","protected":false},"featured_media":7367,"template":"","meta":{"_acf_changed":false},"product_brand":[],"product_cat":[27],"product_tag":[102],"class_list":{"0":"post-7370","1":"product","2":"type-product","3":"status-publish","4":"has-post-thumbnail","6":"product_cat-dames","7":"product_tag-sport-bh-effen","9":"first","10":"instock","11":"sale","12":"taxable","13":"shipping-taxable","14":"purchasable","15":"product-type-variable","16":"has-default-attributes"},"acf":[],"yoast_head":"<!-- This site is optimized with the Yoast SEO plugin v27.1.1 - https:\/\/yoast.com\/product\/yoast-seo-wordpress\/ -->\n<title>Velvet BH Blush - Dames Sport Bh&#039;s - FITTwear.nl<\/title>\n<meta name=\"description\" content=\"Modieus Velvet en sport? FITT brengt dit samen. De Velvet collectie is zo ontwikkeld dat deze uitermate geschikt is om in te sporten. De binnenzijde van de BH heeft een vochtregulerend en ademend vermogen. De buitenzijde is gemaakt van een enorm stetchy Velvet-stof. De Velvet lijn\u00a0 voelt heerlijk licht aan, net een second skin!  Model Doete is 1.76 en draagt maat S\" \/>\n<meta name=\"robots\" content=\"index, follow, max-snippet:-1, max-image-preview:large, max-video-preview:-1\" \/>\n<link rel=\"canonical\" href=\"https:\/\/fittwear.nl\/fr\/produit-2\/velours-bh-blush\/\" \/>\n<meta property=\"og:locale\" content=\"fr_FR\" \/>\n<meta property=\"og:type\" content=\"article\" \/>\n<meta property=\"og:title\" content=\"Velvet BH Blush - Dames Sport Bh&#039;s - FITTwear.nl\" \/>\n<meta property=\"og:description\" content=\"Modieus Velvet en sport? FITT brengt dit samen. De Velvet collectie is zo ontwikkeld dat deze uitermate geschikt is om in te sporten. De binnenzijde van de BH heeft een vochtregulerend en ademend vermogen. De buitenzijde is gemaakt van een enorm stetchy Velvet-stof. De Velvet lijn\u00a0 voelt heerlijk licht aan, net een second skin!  Model Doete is 1.76 en draagt maat S\" \/>\n<meta property=\"og:url\" content=\"https:\/\/fittwear.nl\/fr\/produit-2\/velours-bh-blush\/\" \/>\n<meta property=\"og:site_name\" content=\"FITTwear.nl\" \/>\n<meta property=\"article:modified_time\" content=\"2026-04-26T12:40:26+00:00\" \/>\n<meta property=\"og:image\" content=\"https:\/\/fittwear.nl\/wp-content\/uploads\/2021\/02\/P210217093102_Voorkant-boven_jpg_3-1.jpg\" \/>\n\t<meta property=\"og:image:width\" content=\"1020\" \/>\n\t<meta property=\"og:image:height\" content=\"1531\" \/>\n\t<meta property=\"og:image:type\" content=\"image\/jpeg\" \/>\n<meta name=\"twitter:card\" content=\"summary_large_image\" \/>\n<meta name=\"twitter:label1\" content=\"Dur\u00e9e de lecture estim\u00e9e\" \/>\n\t<meta name=\"twitter:data1\" content=\"1 minute\" \/>\n<script type=\"application\/ld+json\" class=\"yoast-schema-graph\">{\"@context\":\"https:\/\/schema.org\",\"@graph\":[{\"@type\":\"WebPage\",\"@id\":\"https:\/\/fittwear.nl\/product\/velvet-bh-blush\/\",\"url\":\"https:\/\/fittwear.nl\/product\/velvet-bh-blush\/\",\"name\":\"Velvet BH Blush - Dames Sport Bh's - FITTwear.nl\",\"isPartOf\":{\"@id\":\"https:\/\/fittwear.nl\/#website\"},\"primaryImageOfPage\":{\"@id\":\"https:\/\/fittwear.nl\/product\/velvet-bh-blush\/#primaryimage\"},\"image\":{\"@id\":\"https:\/\/fittwear.nl\/product\/velvet-bh-blush\/#primaryimage\"},\"thumbnailUrl\":\"https:\/\/fittwear.nl\/wp-content\/uploads\/2021\/02\/P210217093102_Voorkant-boven_jpg_3-1.jpg\",\"datePublished\":\"2021-02-18T13:40:15+00:00\",\"dateModified\":\"2026-04-26T12:40:26+00:00\",\"description\":\"Modieus Velvet en sport? FITT brengt dit samen. De Velvet collectie is zo ontwikkeld dat deze uitermate geschikt is om in te sporten. De binnenzijde van de BH heeft een vochtregulerend en ademend vermogen. De buitenzijde is gemaakt van een enorm stetchy Velvet-stof. De Velvet lijn\u00a0 voelt heerlijk licht aan, net een second skin! Model Doete is 1.76 en draagt maat S\",\"breadcrumb\":{\"@id\":\"https:\/\/fittwear.nl\/product\/velvet-bh-blush\/#breadcrumb\"},\"inLanguage\":\"fr-FR\",\"potentialAction\":[{\"@type\":\"ReadAction\",\"target\":[\"https:\/\/fittwear.nl\/product\/velvet-bh-blush\/\"]}]},{\"@type\":\"ImageObject\",\"inLanguage\":\"fr-FR\",\"@id\":\"https:\/\/fittwear.nl\/product\/velvet-bh-blush\/#primaryimage\",\"url\":\"https:\/\/fittwear.nl\/wp-content\/uploads\/2021\/02\/P210217093102_Voorkant-boven_jpg_3-1.jpg\",\"contentUrl\":\"https:\/\/fittwear.nl\/wp-content\/uploads\/2021\/02\/P210217093102_Voorkant-boven_jpg_3-1.jpg\",\"width\":1020,\"height\":1531},{\"@type\":\"BreadcrumbList\",\"@id\":\"https:\/\/fittwear.nl\/product\/velvet-bh-blush\/#breadcrumb\",\"itemListElement\":[{\"@type\":\"ListItem\",\"position\":1,\"name\":\"Home\",\"item\":\"https:\/\/fittwear.nl\/\"},{\"@type\":\"ListItem\",\"position\":2,\"name\":\"Shop\",\"item\":\"https:\/\/fittwear.nl\/shop\/\"},{\"@type\":\"ListItem\",\"position\":3,\"name\":\"Velvet BH Blush\"}]},{\"@type\":\"WebSite\",\"@id\":\"https:\/\/fittwear.nl\/#website\",\"url\":\"https:\/\/fittwear.nl\/\",\"name\":\"FITTwear.nl\",\"description\":\"Time to shine!\",\"publisher\":{\"@id\":\"https:\/\/fittwear.nl\/#organization\"},\"potentialAction\":[{\"@type\":\"SearchAction\",\"target\":{\"@type\":\"EntryPoint\",\"urlTemplate\":\"https:\/\/fittwear.nl\/?s={search_term_string}\"},\"query-input\":{\"@type\":\"PropertyValueSpecification\",\"valueRequired\":true,\"valueName\":\"search_term_string\"}}],\"inLanguage\":\"fr-FR\"},{\"@type\":\"Organization\",\"@id\":\"https:\/\/fittwear.nl\/#organization\",\"name\":\"FITTwear.nl\",\"url\":\"https:\/\/fittwear.nl\/\",\"logo\":{\"@type\":\"ImageObject\",\"inLanguage\":\"fr-FR\",\"@id\":\"https:\/\/fittwear.nl\/#\/schema\/logo\/image\/\",\"url\":\"https:\/\/fittwear.nl\/wp-content\/uploads\/2024\/07\/FITT-Logo-BeYOUtiful-website-homepage_Tekengebied-1-scaled.jpg\",\"contentUrl\":\"https:\/\/fittwear.nl\/wp-content\/uploads\/2024\/07\/FITT-Logo-BeYOUtiful-website-homepage_Tekengebied-1-scaled.jpg\",\"width\":2560,\"height\":599,\"caption\":\"FITTwear.nl\"},\"image\":{\"@id\":\"https:\/\/fittwear.nl\/#\/schema\/logo\/image\/\"}}]}<\/script>\n<!-- \/ Yoast SEO plugin. -->","yoast_head_json":{"title":"Soutien-gorge Velvet Blush - Soutien-gorge de sport pour femme - FITTwear.fr","description":"Velours \u00e0 la mode et sport ? FITT fait le lien entre les deux. La collection Velvet est con\u00e7ue pour convenir parfaitement au sport. L'int\u00e9rieur du soutien-gorge a des propri\u00e9t\u00e9s de r\u00e9gulation de l'humidit\u00e9 et de respirabilit\u00e9. L'ext\u00e9rieur est compos\u00e9 d'un tissu Velvet extr\u00eamement brillant. La ligne Velvet est merveilleusement l\u00e9g\u00e8re, comme une seconde peau !  Le mod\u00e8le Doete mesure 1,76 et porte la taille S.","robots":{"index":"index","follow":"follow","max-snippet":"max-snippet:-1","max-image-preview":"max-image-preview:large","max-video-preview":"max-video-preview:-1"},"canonical":"https:\/\/fittwear.nl\/fr\/produit-2\/velours-bh-blush\/","og_locale":"fr_FR","og_type":"article","og_title":"Velvet BH Blush - Dames Sport Bh's - FITTwear.nl","og_description":"Modieus Velvet en sport? FITT brengt dit samen. De Velvet collectie is zo ontwikkeld dat deze uitermate geschikt is om in te sporten. De binnenzijde van de BH heeft een vochtregulerend en ademend vermogen. De buitenzijde is gemaakt van een enorm stetchy Velvet-stof. De Velvet lijn\u00a0 voelt heerlijk licht aan, net een second skin!  Model Doete is 1.76 en draagt maat S","og_url":"https:\/\/fittwear.nl\/fr\/produit-2\/velours-bh-blush\/","og_site_name":"FITTwear.nl","article_modified_time":"2026-04-26T12:40:26+00:00","og_image":[{"width":1020,"height":1531,"url":"https:\/\/fittwear.nl\/wp-content\/uploads\/2021\/02\/P210217093102_Voorkant-boven_jpg_3-1.jpg","type":"image\/jpeg"}],"twitter_card":"summary_large_image","twitter_misc":{"Dur\u00e9e de lecture estim\u00e9e":"1 minute"},"schema":{"@context":"https:\/\/schema.org","@graph":[{"@type":"WebPage","@id":"https:\/\/fittwear.nl\/product\/velvet-bh-blush\/","url":"https:\/\/fittwear.nl\/product\/velvet-bh-blush\/","name":"Soutien-gorge Velvet Blush - Soutien-gorge de sport pour femme - FITTwear.fr","isPartOf":{"@id":"https:\/\/fittwear.nl\/#website"},"primaryImageOfPage":{"@id":"https:\/\/fittwear.nl\/product\/velvet-bh-blush\/#primaryimage"},"image":{"@id":"https:\/\/fittwear.nl\/product\/velvet-bh-blush\/#primaryimage"},"thumbnailUrl":"https:\/\/fittwear.nl\/wp-content\/uploads\/2021\/02\/P210217093102_Voorkant-boven_jpg_3-1.jpg","datePublished":"2021-02-18T13:40:15+00:00","dateModified":"2026-04-26T12:40:26+00:00","description":"Velours \u00e0 la mode et sport ? FITT fait le lien entre les deux. La collection Velvet est con\u00e7ue pour convenir parfaitement au sport. L'int\u00e9rieur du soutien-gorge a des propri\u00e9t\u00e9s de r\u00e9gulation de l'humidit\u00e9 et de respirabilit\u00e9. L'ext\u00e9rieur est compos\u00e9 d'un tissu Velvet extr\u00eamement brillant. La ligne Velvet est merveilleusement l\u00e9g\u00e8re, comme une seconde peau ! Le mod\u00e8le Doete mesure 1,76 et porte la taille S.","breadcrumb":{"@id":"https:\/\/fittwear.nl\/product\/velvet-bh-blush\/#breadcrumb"},"inLanguage":"fr-FR","potentialAction":[{"@type":"ReadAction","target":["https:\/\/fittwear.nl\/product\/velvet-bh-blush\/"]}]},{"@type":"ImageObject","inLanguage":"fr-FR","@id":"https:\/\/fittwear.nl\/product\/velvet-bh-blush\/#primaryimage","url":"https:\/\/fittwear.nl\/wp-content\/uploads\/2021\/02\/P210217093102_Voorkant-boven_jpg_3-1.jpg","contentUrl":"https:\/\/fittwear.nl\/wp-content\/uploads\/2021\/02\/P210217093102_Voorkant-boven_jpg_3-1.jpg","width":1020,"height":1531},{"@type":"BreadcrumbList","@id":"https:\/\/fittwear.nl\/product\/velvet-bh-blush\/#breadcrumb","itemListElement":[{"@type":"ListItem","position":1,"name":"Home","item":"https:\/\/fittwear.nl\/"},{"@type":"ListItem","position":2,"name":"Shop","item":"https:\/\/fittwear.nl\/shop\/"},{"@type":"ListItem","position":3,"name":"Velvet BH Blush"}]},{"@type":"WebSite","@id":"https:\/\/fittwear.nl\/#website","url":"https:\/\/fittwear.nl\/","name":"FITTwear.co.uk","description":"C'est le moment de briller !","publisher":{"@id":"https:\/\/fittwear.nl\/#organization"},"potentialAction":[{"@type":"SearchAction","target":{"@type":"EntryPoint","urlTemplate":"https:\/\/fittwear.nl\/?s={search_term_string}"},"query-input":{"@type":"PropertyValueSpecification","valueRequired":true,"valueName":"search_term_string"}}],"inLanguage":"fr-FR"},{"@type":"Organization","@id":"https:\/\/fittwear.nl\/#organization","name":"FITTwear.co.uk","url":"https:\/\/fittwear.nl\/","logo":{"@type":"ImageObject","inLanguage":"fr-FR","@id":"https:\/\/fittwear.nl\/#\/schema\/logo\/image\/","url":"https:\/\/fittwear.nl\/wp-content\/uploads\/2024\/07\/FITT-Logo-BeYOUtiful-website-homepage_Tekengebied-1-scaled.jpg","contentUrl":"https:\/\/fittwear.nl\/wp-content\/uploads\/2024\/07\/FITT-Logo-BeYOUtiful-website-homepage_Tekengebied-1-scaled.jpg","width":2560,"height":599,"caption":"FITTwear.nl"},"image":{"@id":"https:\/\/fittwear.nl\/#\/schema\/logo\/image\/"}}]}},"_links":{"self":[{"href":"https:\/\/fittwear.nl\/fr\/wp-json\/wp\/v2\/product\/7370","targetHints":{"allow":["GET"]}}],"collection":[{"href":"https:\/\/fittwear.nl\/fr\/wp-json\/wp\/v2\/product"}],"about":[{"href":"https:\/\/fittwear.nl\/fr\/wp-json\/wp\/v2\/types\/product"}],"wp:featuredmedia":[{"embeddable":true,"href":"https:\/\/fittwear.nl\/fr\/wp-json\/wp\/v2\/media\/7367"}],"wp:attachment":[{"href":"https:\/\/fittwear.nl\/fr\/wp-json\/wp\/v2\/media?parent=7370"}],"wp:term":[{"taxonomy":"product_brand","embeddable":true,"href":"https:\/\/fittwear.nl\/fr\/wp-json\/wp\/v2\/product_brand?post=7370"},{"taxonomy":"product_cat","embeddable":true,"href":"https:\/\/fittwear.nl\/fr\/wp-json\/wp\/v2\/product_cat?post=7370"},{"taxonomy":"product_tag","embeddable":true,"href":"https:\/\/fittwear.nl\/fr\/wp-json\/wp\/v2\/product_tag?post=7370"}],"curies":[{"name":"wp","href":"https:\/\/api.w.org\/{rel}","templated":true}]}}