{"id":7723,"date":"2021-02-25T15:24:20","date_gmt":"2021-02-25T14:24:20","guid":{"rendered":"https:\/\/fittwear.nl\/?post_type=product&#038;p=7723"},"modified":"2026-04-26T14:41:29","modified_gmt":"2026-04-26T12:41:29","slug":"jambieres-cotes-saumon","status":"publish","type":"product","link":"https:\/\/fittwear.nl\/fr\/product\/rib-legging-zalm\/","title":{"rendered":"Legging c\u00f4tel\u00e9 saumon"},"content":{"rendered":"<p>-Les leggings de Rib<\/p>\n<p>-Taille haute<\/p>\n<p>-Tissu uni<\/p>\n<p>-R\u00e9gulation de l'humidit\u00e9<\/p>\n<p>-Respirable<\/p>\n<p>-Squat proof<\/p>\n<p>-88% nylon 12% spandex<\/p>\n<p>-lavable jusqu'\u00e0 30\u00b0.<\/p>\n<p>-Couleur : saumon<\/p>\n<p>-Le mod\u00e8le Doete mesure 1,76 et porte la taille S.<\/p>","protected":false},"excerpt":{"rendered":"<p>Des leggings c\u00f4tel\u00e9s robustes \u00e0 taille haute dans de jolies couleurs douces. Vous vous sentez \u00e0 l'aise dans des leggings de couleur plus claire ? Maintenant, vous le pouvez ! Gr\u00e2ce \u00e0 la solidit\u00e9 du tissu et \u00e0 la structure des c\u00f4tes, ce legging ne tire pas comme le font de nombreux leggings aux couleurs plus claires. La structure des c\u00f4tes et le mat\u00e9riau vous permettront de vous sentir en confiance pendant n'importe quelle s\u00e9ance d'entra\u00eenement. De plus, les leggings sont d\u00e9finitivement \u00e0 l'\u00e9preuve des sqauts !<\/p>\n<p>Le mod\u00e8le Doete mesure 1,76 et porte la taille S.<\/p>","protected":false},"featured_media":7733,"template":"","meta":{"_acf_changed":false},"product_brand":[],"product_cat":[4796,27,4799],"product_tag":[],"class_list":{"0":"post-7723","1":"product","2":"type-product","3":"status-publish","4":"has-post-thumbnail","6":"product_cat-cute-in-neutrals","7":"product_cat-dames","8":"product_cat-structures","10":"first","11":"instock","12":"sale","13":"taxable","14":"shipping-taxable","15":"purchasable","16":"product-type-variable","17":"has-default-attributes"},"acf":[],"yoast_head":"<!-- This site is optimized with the Yoast SEO plugin v27.1.1 - https:\/\/yoast.com\/product\/yoast-seo-wordpress\/ -->\n<title>Rib Legging Salmon - Dames Sportleggings - FITTwear.nl<\/title>\n<meta name=\"description\" content=\"Stevige high waist rib legging in mooie zachte kleuren. Jezelf comfortabel voelen in een lichtere kleur legging? Nu kan het! Door de stevige stof en rib structuur tekent deze legging niet zoals vele leggings in lichtere kleuren dat doen. De rib structuur en het materiaal zorgen er voor dat jij jezelf zeker voelt tijdens elke workout. Daarnaast is de legging zeker sqaut proof!  Model Doete is 1.76 en draagt maat S\" \/>\n<meta name=\"robots\" content=\"index, follow, max-snippet:-1, max-image-preview:large, max-video-preview:-1\" \/>\n<link rel=\"canonical\" href=\"https:\/\/fittwear.nl\/fr\/produit-2\/jambieres-cotes-saumon\/\" \/>\n<meta property=\"og:locale\" content=\"fr_FR\" \/>\n<meta property=\"og:type\" content=\"article\" \/>\n<meta property=\"og:title\" content=\"Rib Legging Salmon - Dames Sportleggings - FITTwear.nl\" \/>\n<meta property=\"og:description\" content=\"Stevige high waist rib legging in mooie zachte kleuren. Jezelf comfortabel voelen in een lichtere kleur legging? Nu kan het! Door de stevige stof en rib structuur tekent deze legging niet zoals vele leggings in lichtere kleuren dat doen. De rib structuur en het materiaal zorgen er voor dat jij jezelf zeker voelt tijdens elke workout. Daarnaast is de legging zeker sqaut proof!  Model Doete is 1.76 en draagt maat S\" \/>\n<meta property=\"og:url\" content=\"https:\/\/fittwear.nl\/fr\/produit-2\/jambieres-cotes-saumon\/\" \/>\n<meta property=\"og:site_name\" content=\"FITTwear.nl\" \/>\n<meta property=\"article:modified_time\" content=\"2026-04-26T12:41:29+00:00\" \/>\n<meta property=\"og:image\" content=\"https:\/\/fittwear.nl\/wp-content\/uploads\/2021\/02\/P210217095042_Voorkant-onder_jpg_1-1.jpg\" \/>\n\t<meta property=\"og:image:width\" content=\"1130\" \/>\n\t<meta property=\"og:image:height\" content=\"1696\" \/>\n\t<meta property=\"og:image:type\" content=\"image\/jpeg\" \/>\n<meta name=\"twitter:card\" content=\"summary_large_image\" \/>\n<meta name=\"twitter:label1\" content=\"Dur\u00e9e de lecture estim\u00e9e\" \/>\n\t<meta name=\"twitter:data1\" content=\"1 minute\" \/>\n<script type=\"application\/ld+json\" class=\"yoast-schema-graph\">{\"@context\":\"https:\/\/schema.org\",\"@graph\":[{\"@type\":\"WebPage\",\"@id\":\"https:\/\/fittwear.nl\/product\/rib-legging-zalm\/\",\"url\":\"https:\/\/fittwear.nl\/product\/rib-legging-zalm\/\",\"name\":\"Rib Legging Salmon - Dames Sportleggings - FITTwear.nl\",\"isPartOf\":{\"@id\":\"https:\/\/fittwear.nl\/#website\"},\"primaryImageOfPage\":{\"@id\":\"https:\/\/fittwear.nl\/product\/rib-legging-zalm\/#primaryimage\"},\"image\":{\"@id\":\"https:\/\/fittwear.nl\/product\/rib-legging-zalm\/#primaryimage\"},\"thumbnailUrl\":\"https:\/\/fittwear.nl\/wp-content\/uploads\/2021\/02\/P210217095042_Voorkant-onder_jpg_1-1.jpg\",\"datePublished\":\"2021-02-25T14:24:20+00:00\",\"dateModified\":\"2026-04-26T12:41:29+00:00\",\"description\":\"Stevige high waist rib legging in mooie zachte kleuren. Jezelf comfortabel voelen in een lichtere kleur legging? Nu kan het! Door de stevige stof en rib structuur tekent deze legging niet zoals vele leggings in lichtere kleuren dat doen. De rib structuur en het materiaal zorgen er voor dat jij jezelf zeker voelt tijdens elke workout. Daarnaast is de legging zeker sqaut proof! Model Doete is 1.76 en draagt maat S\",\"breadcrumb\":{\"@id\":\"https:\/\/fittwear.nl\/product\/rib-legging-zalm\/#breadcrumb\"},\"inLanguage\":\"fr-FR\",\"potentialAction\":[{\"@type\":\"ReadAction\",\"target\":[\"https:\/\/fittwear.nl\/product\/rib-legging-zalm\/\"]}]},{\"@type\":\"ImageObject\",\"inLanguage\":\"fr-FR\",\"@id\":\"https:\/\/fittwear.nl\/product\/rib-legging-zalm\/#primaryimage\",\"url\":\"https:\/\/fittwear.nl\/wp-content\/uploads\/2021\/02\/P210217095042_Voorkant-onder_jpg_1-1.jpg\",\"contentUrl\":\"https:\/\/fittwear.nl\/wp-content\/uploads\/2021\/02\/P210217095042_Voorkant-onder_jpg_1-1.jpg\",\"width\":1130,\"height\":1696,\"caption\":\"Rib Legging zalm\"},{\"@type\":\"BreadcrumbList\",\"@id\":\"https:\/\/fittwear.nl\/product\/rib-legging-zalm\/#breadcrumb\",\"itemListElement\":[{\"@type\":\"ListItem\",\"position\":1,\"name\":\"Home\",\"item\":\"https:\/\/fittwear.nl\/\"},{\"@type\":\"ListItem\",\"position\":2,\"name\":\"Shop\",\"item\":\"https:\/\/fittwear.nl\/shop\/\"},{\"@type\":\"ListItem\",\"position\":3,\"name\":\"Rib Legging Salmon\"}]},{\"@type\":\"WebSite\",\"@id\":\"https:\/\/fittwear.nl\/#website\",\"url\":\"https:\/\/fittwear.nl\/\",\"name\":\"FITTwear.nl\",\"description\":\"Time to shine!\",\"publisher\":{\"@id\":\"https:\/\/fittwear.nl\/#organization\"},\"potentialAction\":[{\"@type\":\"SearchAction\",\"target\":{\"@type\":\"EntryPoint\",\"urlTemplate\":\"https:\/\/fittwear.nl\/?s={search_term_string}\"},\"query-input\":{\"@type\":\"PropertyValueSpecification\",\"valueRequired\":true,\"valueName\":\"search_term_string\"}}],\"inLanguage\":\"fr-FR\"},{\"@type\":\"Organization\",\"@id\":\"https:\/\/fittwear.nl\/#organization\",\"name\":\"FITTwear.nl\",\"url\":\"https:\/\/fittwear.nl\/\",\"logo\":{\"@type\":\"ImageObject\",\"inLanguage\":\"fr-FR\",\"@id\":\"https:\/\/fittwear.nl\/#\/schema\/logo\/image\/\",\"url\":\"https:\/\/fittwear.nl\/wp-content\/uploads\/2024\/07\/FITT-Logo-BeYOUtiful-website-homepage_Tekengebied-1-scaled.jpg\",\"contentUrl\":\"https:\/\/fittwear.nl\/wp-content\/uploads\/2024\/07\/FITT-Logo-BeYOUtiful-website-homepage_Tekengebied-1-scaled.jpg\",\"width\":2560,\"height\":599,\"caption\":\"FITTwear.nl\"},\"image\":{\"@id\":\"https:\/\/fittwear.nl\/#\/schema\/logo\/image\/\"}}]}<\/script>\n<!-- \/ Yoast SEO plugin. -->","yoast_head_json":{"title":"Legging c\u00f4tel\u00e9 saumon - Leggings de sport pour femme - FITTwear.fr","description":"Des leggings c\u00f4tel\u00e9s robustes \u00e0 taille haute dans de jolies couleurs douces. Vous vous sentez \u00e0 l'aise dans des leggings de couleur plus claire ? Maintenant, vous le pouvez ! Gr\u00e2ce \u00e0 la solidit\u00e9 du tissu et \u00e0 la structure des c\u00f4tes, ce legging ne tire pas comme le font de nombreux leggings aux couleurs plus claires. La structure des c\u00f4tes et le mat\u00e9riau vous permettront de vous sentir en confiance pendant n'importe quelle s\u00e9ance d'entra\u00eenement. De plus, les leggings sont d\u00e9finitivement \u00e0 l'\u00e9preuve des sqauts !  Le mod\u00e8le Doete mesure 1,76 et porte la taille S.","robots":{"index":"index","follow":"follow","max-snippet":"max-snippet:-1","max-image-preview":"max-image-preview:large","max-video-preview":"max-video-preview:-1"},"canonical":"https:\/\/fittwear.nl\/fr\/produit-2\/jambieres-cotes-saumon\/","og_locale":"fr_FR","og_type":"article","og_title":"Rib Legging Salmon - Dames Sportleggings - FITTwear.nl","og_description":"Stevige high waist rib legging in mooie zachte kleuren. Jezelf comfortabel voelen in een lichtere kleur legging? Nu kan het! Door de stevige stof en rib structuur tekent deze legging niet zoals vele leggings in lichtere kleuren dat doen. De rib structuur en het materiaal zorgen er voor dat jij jezelf zeker voelt tijdens elke workout. Daarnaast is de legging zeker sqaut proof!  Model Doete is 1.76 en draagt maat S","og_url":"https:\/\/fittwear.nl\/fr\/produit-2\/jambieres-cotes-saumon\/","og_site_name":"FITTwear.nl","article_modified_time":"2026-04-26T12:41:29+00:00","og_image":[{"width":1130,"height":1696,"url":"https:\/\/fittwear.nl\/wp-content\/uploads\/2021\/02\/P210217095042_Voorkant-onder_jpg_1-1.jpg","type":"image\/jpeg"}],"twitter_card":"summary_large_image","twitter_misc":{"Dur\u00e9e de lecture estim\u00e9e":"1 minute"},"schema":{"@context":"https:\/\/schema.org","@graph":[{"@type":"WebPage","@id":"https:\/\/fittwear.nl\/product\/rib-legging-zalm\/","url":"https:\/\/fittwear.nl\/product\/rib-legging-zalm\/","name":"Legging c\u00f4tel\u00e9 saumon - Leggings de sport pour femme - FITTwear.fr","isPartOf":{"@id":"https:\/\/fittwear.nl\/#website"},"primaryImageOfPage":{"@id":"https:\/\/fittwear.nl\/product\/rib-legging-zalm\/#primaryimage"},"image":{"@id":"https:\/\/fittwear.nl\/product\/rib-legging-zalm\/#primaryimage"},"thumbnailUrl":"https:\/\/fittwear.nl\/wp-content\/uploads\/2021\/02\/P210217095042_Voorkant-onder_jpg_1-1.jpg","datePublished":"2021-02-25T14:24:20+00:00","dateModified":"2026-04-26T12:41:29+00:00","description":"Des leggings c\u00f4tel\u00e9s robustes \u00e0 taille haute dans de jolies couleurs douces. Vous vous sentez \u00e0 l'aise dans des leggings de couleur plus claire ? Maintenant, vous le pouvez ! Gr\u00e2ce \u00e0 la solidit\u00e9 du tissu et \u00e0 la structure des c\u00f4tes, ce legging ne tire pas comme le font de nombreux leggings aux couleurs plus claires. La structure des c\u00f4tes et le mat\u00e9riau vous permettront de vous sentir en confiance pendant n'importe quelle s\u00e9ance d'entra\u00eenement. De plus, les leggings sont d\u00e9finitivement \u00e0 l'\u00e9preuve des sqauts ! Le mod\u00e8le Doete mesure 1,76 et porte la taille S.","breadcrumb":{"@id":"https:\/\/fittwear.nl\/product\/rib-legging-zalm\/#breadcrumb"},"inLanguage":"fr-FR","potentialAction":[{"@type":"ReadAction","target":["https:\/\/fittwear.nl\/product\/rib-legging-zalm\/"]}]},{"@type":"ImageObject","inLanguage":"fr-FR","@id":"https:\/\/fittwear.nl\/product\/rib-legging-zalm\/#primaryimage","url":"https:\/\/fittwear.nl\/wp-content\/uploads\/2021\/02\/P210217095042_Voorkant-onder_jpg_1-1.jpg","contentUrl":"https:\/\/fittwear.nl\/wp-content\/uploads\/2021\/02\/P210217095042_Voorkant-onder_jpg_1-1.jpg","width":1130,"height":1696,"caption":"Rib Legging zalm"},{"@type":"BreadcrumbList","@id":"https:\/\/fittwear.nl\/product\/rib-legging-zalm\/#breadcrumb","itemListElement":[{"@type":"ListItem","position":1,"name":"Home","item":"https:\/\/fittwear.nl\/"},{"@type":"ListItem","position":2,"name":"Shop","item":"https:\/\/fittwear.nl\/shop\/"},{"@type":"ListItem","position":3,"name":"Rib Legging Salmon"}]},{"@type":"WebSite","@id":"https:\/\/fittwear.nl\/#website","url":"https:\/\/fittwear.nl\/","name":"FITTwear.co.uk","description":"C'est le moment de briller !","publisher":{"@id":"https:\/\/fittwear.nl\/#organization"},"potentialAction":[{"@type":"SearchAction","target":{"@type":"EntryPoint","urlTemplate":"https:\/\/fittwear.nl\/?s={search_term_string}"},"query-input":{"@type":"PropertyValueSpecification","valueRequired":true,"valueName":"search_term_string"}}],"inLanguage":"fr-FR"},{"@type":"Organization","@id":"https:\/\/fittwear.nl\/#organization","name":"FITTwear.co.uk","url":"https:\/\/fittwear.nl\/","logo":{"@type":"ImageObject","inLanguage":"fr-FR","@id":"https:\/\/fittwear.nl\/#\/schema\/logo\/image\/","url":"https:\/\/fittwear.nl\/wp-content\/uploads\/2024\/07\/FITT-Logo-BeYOUtiful-website-homepage_Tekengebied-1-scaled.jpg","contentUrl":"https:\/\/fittwear.nl\/wp-content\/uploads\/2024\/07\/FITT-Logo-BeYOUtiful-website-homepage_Tekengebied-1-scaled.jpg","width":2560,"height":599,"caption":"FITTwear.nl"},"image":{"@id":"https:\/\/fittwear.nl\/#\/schema\/logo\/image\/"}}]}},"_links":{"self":[{"href":"https:\/\/fittwear.nl\/fr\/wp-json\/wp\/v2\/product\/7723","targetHints":{"allow":["GET"]}}],"collection":[{"href":"https:\/\/fittwear.nl\/fr\/wp-json\/wp\/v2\/product"}],"about":[{"href":"https:\/\/fittwear.nl\/fr\/wp-json\/wp\/v2\/types\/product"}],"wp:featuredmedia":[{"embeddable":true,"href":"https:\/\/fittwear.nl\/fr\/wp-json\/wp\/v2\/media\/7733"}],"wp:attachment":[{"href":"https:\/\/fittwear.nl\/fr\/wp-json\/wp\/v2\/media?parent=7723"}],"wp:term":[{"taxonomy":"product_brand","embeddable":true,"href":"https:\/\/fittwear.nl\/fr\/wp-json\/wp\/v2\/product_brand?post=7723"},{"taxonomy":"product_cat","embeddable":true,"href":"https:\/\/fittwear.nl\/fr\/wp-json\/wp\/v2\/product_cat?post=7723"},{"taxonomy":"product_tag","embeddable":true,"href":"https:\/\/fittwear.nl\/fr\/wp-json\/wp\/v2\/product_tag?post=7723"}],"curies":[{"name":"wp","href":"https:\/\/api.w.org\/{rel}","templated":true}]}}