{"id":77520,"date":"2023-11-02T09:23:43","date_gmt":"2023-11-02T08:23:43","guid":{"rendered":"https:\/\/fittwear.nl\/?post_type=product&#038;p=77520"},"modified":"2026-04-27T15:04:27","modified_gmt":"2026-04-27T13:04:27","slug":"pull-oversized-crop-gilet-blanc","status":"publish","type":"product","link":"https:\/\/fittwear.nl\/fr\/product\/oversized-crop-sweater-vest-white\/","title":{"rendered":"Oversized Crop Sweater Vest White"},"content":{"rendered":"<p>&#8211; Cropped vest met aanrijgkoorden<\/p>\n\n\n\n<p>&#8211; Fleece aan de binnenzijde<\/p>\n\n\n\n<p>&#8211; Met capuchon en rits<\/p>\n\n\n\n<p>&#8211; 2 zakken<\/p>\n\n\n\n<p>&#8211; Bedrukt logo op de zak<\/p>\n\n\n\n<p>- 60% coton, 40% polyester recycl\u00e9<\/p>\n\n\n\n<p>- Lavable jusqu'\u00e0 40\u00b0.<\/p>\n\n\n\n<p>- Couleur : blanc<\/p>\n\n\n\n<p>&#8211; Model Sophie is 1.75 en draagt maat S-M<\/p>","protected":false},"excerpt":{"rendered":"<p>Ce pull-over surdimensionn\u00e9 est le v\u00eatement athleisure indispensable. Suivez la tendance athleisure qui permet de porter des v\u00eatements de sport et de d\u00e9tente dans la rue. Sentez-vous \u00e0 l'aise apr\u00e8s votre s\u00e9ance de sport ou pendant votre temps libre dans ce sweat \u00e0 capuche. La chaleur est conserv\u00e9e et la sensation de confort procur\u00e9e par le tissu l\u00e9ger s'associe pour cr\u00e9er un look flatteur ! Le gilet est dot\u00e9 de cordons de serrage au bas qui vous permettent de le raccourcir. Id\u00e9al pour garder vos muscles au chaud sur le chemin de la salle de sport ou pour vous d\u00e9tendre avec le short Lounge Jogg.<\/p>","protected":false},"featured_media":78287,"template":"","meta":{"_acf_changed":false},"product_brand":[],"product_cat":[4802,94,66],"product_tag":[],"class_list":{"0":"post-77520","1":"product","2":"type-product","3":"status-publish","4":"has-post-thumbnail","6":"product_cat-fitt-original","7":"product_cat-hoodies-sweaters","8":"product_cat-loungewear","10":"first","11":"instock","12":"taxable","13":"shipping-taxable","14":"purchasable","15":"product-type-variable","16":"has-default-attributes"},"acf":[],"yoast_head":"<!-- This site is optimized with the Yoast SEO plugin v27.1.1 - https:\/\/yoast.com\/product\/yoast-seo-wordpress\/ -->\n<title>Oversized Crop Sweater Vest White - FITTwear.nl<\/title>\n<meta name=\"description\" content=\"Deze oversized crop sweater vest is h\u00e9t essenti\u00eble athleisure kledingstuk. Volg de athleisure trend waarbij het toegestaan is om sportkleding en loungewear op straat te dragen. Voel je heerlijk comfi na je workout of in je vrije tijd in deze stoere hoody. Warmte wordt vastgehouden en het gevoel van comfort door de lichtgewicht stof vormen samen een flatteuze look! Het vest is voorzien van rijgkoorden aan de onderzijde waarmee je het vest kunt croppen. Ideaal om je spieren warm te houden onderweg naar de gym of om lekker in te loungen samen met de Lounge Jogg Shorts.\" \/>\n<meta name=\"robots\" content=\"index, follow, max-snippet:-1, max-image-preview:large, max-video-preview:-1\" \/>\n<link rel=\"canonical\" href=\"https:\/\/fittwear.nl\/fr\/produit-2\/pull-oversized-crop-gilet-blanc\/\" \/>\n<meta property=\"og:locale\" content=\"fr_FR\" \/>\n<meta property=\"og:type\" content=\"article\" \/>\n<meta property=\"og:title\" content=\"Oversized Crop Sweater Vest White - FITTwear.nl\" \/>\n<meta property=\"og:description\" content=\"Deze oversized crop sweater vest is h\u00e9t essenti\u00eble athleisure kledingstuk. Volg de athleisure trend waarbij het toegestaan is om sportkleding en loungewear op straat te dragen. Voel je heerlijk comfi na je workout of in je vrije tijd in deze stoere hoody. Warmte wordt vastgehouden en het gevoel van comfort door de lichtgewicht stof vormen samen een flatteuze look! Het vest is voorzien van rijgkoorden aan de onderzijde waarmee je het vest kunt croppen. Ideaal om je spieren warm te houden onderweg naar de gym of om lekker in te loungen samen met de Lounge Jogg Shorts.\" \/>\n<meta property=\"og:url\" content=\"https:\/\/fittwear.nl\/fr\/produit-2\/pull-oversized-crop-gilet-blanc\/\" \/>\n<meta property=\"og:site_name\" content=\"FITTwear.nl\" \/>\n<meta property=\"article:modified_time\" content=\"2026-04-27T13:04:27+00:00\" \/>\n<meta property=\"og:image\" content=\"https:\/\/fittwear.nl\/wp-content\/uploads\/2023\/11\/sweat-set-wit_Voorkant-boven_jpg_1.jpg\" \/>\n\t<meta property=\"og:image:width\" content=\"1200\" \/>\n\t<meta property=\"og:image:height\" content=\"1800\" \/>\n\t<meta property=\"og:image:type\" content=\"image\/jpeg\" \/>\n<meta name=\"twitter:card\" content=\"summary_large_image\" \/>\n<meta name=\"twitter:label1\" content=\"Dur\u00e9e de lecture estim\u00e9e\" \/>\n\t<meta name=\"twitter:data1\" content=\"1 minute\" \/>\n<script type=\"application\/ld+json\" class=\"yoast-schema-graph\">{\"@context\":\"https:\/\/schema.org\",\"@graph\":[{\"@type\":\"WebPage\",\"@id\":\"https:\/\/fittwear.nl\/product\/oversized-crop-sweater-vest-white\/\",\"url\":\"https:\/\/fittwear.nl\/product\/oversized-crop-sweater-vest-white\/\",\"name\":\"Oversized Crop Sweater Vest White - FITTwear.nl\",\"isPartOf\":{\"@id\":\"https:\/\/fittwear.nl\/#website\"},\"primaryImageOfPage\":{\"@id\":\"https:\/\/fittwear.nl\/product\/oversized-crop-sweater-vest-white\/#primaryimage\"},\"image\":{\"@id\":\"https:\/\/fittwear.nl\/product\/oversized-crop-sweater-vest-white\/#primaryimage\"},\"thumbnailUrl\":\"https:\/\/fittwear.nl\/wp-content\/uploads\/2023\/11\/sweat-set-wit_Voorkant-boven_jpg_1.jpg\",\"datePublished\":\"2023-11-02T08:23:43+00:00\",\"dateModified\":\"2026-04-27T13:04:27+00:00\",\"description\":\"Deze oversized crop sweater vest is h\u00e9t essenti\u00eble athleisure kledingstuk. Volg de athleisure trend waarbij het toegestaan is om sportkleding en loungewear op straat te dragen. Voel je heerlijk comfi na je workout of in je vrije tijd in deze stoere hoody. Warmte wordt vastgehouden en het gevoel van comfort door de lichtgewicht stof vormen samen een flatteuze look! Het vest is voorzien van rijgkoorden aan de onderzijde waarmee je het vest kunt croppen. Ideaal om je spieren warm te houden onderweg naar de gym of om lekker in te loungen samen met de Lounge Jogg Shorts.\",\"breadcrumb\":{\"@id\":\"https:\/\/fittwear.nl\/product\/oversized-crop-sweater-vest-white\/#breadcrumb\"},\"inLanguage\":\"fr-FR\",\"potentialAction\":[{\"@type\":\"ReadAction\",\"target\":[\"https:\/\/fittwear.nl\/product\/oversized-crop-sweater-vest-white\/\"]}]},{\"@type\":\"ImageObject\",\"inLanguage\":\"fr-FR\",\"@id\":\"https:\/\/fittwear.nl\/product\/oversized-crop-sweater-vest-white\/#primaryimage\",\"url\":\"https:\/\/fittwear.nl\/wp-content\/uploads\/2023\/11\/sweat-set-wit_Voorkant-boven_jpg_1.jpg\",\"contentUrl\":\"https:\/\/fittwear.nl\/wp-content\/uploads\/2023\/11\/sweat-set-wit_Voorkant-boven_jpg_1.jpg\",\"width\":1200,\"height\":1800},{\"@type\":\"BreadcrumbList\",\"@id\":\"https:\/\/fittwear.nl\/product\/oversized-crop-sweater-vest-white\/#breadcrumb\",\"itemListElement\":[{\"@type\":\"ListItem\",\"position\":1,\"name\":\"Home\",\"item\":\"https:\/\/fittwear.nl\/\"},{\"@type\":\"ListItem\",\"position\":2,\"name\":\"Shop\",\"item\":\"https:\/\/fittwear.nl\/shop\/\"},{\"@type\":\"ListItem\",\"position\":3,\"name\":\"Oversized Crop Sweater Vest White\"}]},{\"@type\":\"WebSite\",\"@id\":\"https:\/\/fittwear.nl\/#website\",\"url\":\"https:\/\/fittwear.nl\/\",\"name\":\"FITTwear.nl\",\"description\":\"Time to shine!\",\"publisher\":{\"@id\":\"https:\/\/fittwear.nl\/#organization\"},\"potentialAction\":[{\"@type\":\"SearchAction\",\"target\":{\"@type\":\"EntryPoint\",\"urlTemplate\":\"https:\/\/fittwear.nl\/?s={search_term_string}\"},\"query-input\":{\"@type\":\"PropertyValueSpecification\",\"valueRequired\":true,\"valueName\":\"search_term_string\"}}],\"inLanguage\":\"fr-FR\"},{\"@type\":\"Organization\",\"@id\":\"https:\/\/fittwear.nl\/#organization\",\"name\":\"FITTwear.nl\",\"url\":\"https:\/\/fittwear.nl\/\",\"logo\":{\"@type\":\"ImageObject\",\"inLanguage\":\"fr-FR\",\"@id\":\"https:\/\/fittwear.nl\/#\/schema\/logo\/image\/\",\"url\":\"https:\/\/fittwear.nl\/wp-content\/uploads\/2024\/07\/FITT-Logo-BeYOUtiful-website-homepage_Tekengebied-1-scaled.jpg\",\"contentUrl\":\"https:\/\/fittwear.nl\/wp-content\/uploads\/2024\/07\/FITT-Logo-BeYOUtiful-website-homepage_Tekengebied-1-scaled.jpg\",\"width\":2560,\"height\":599,\"caption\":\"FITTwear.nl\"},\"image\":{\"@id\":\"https:\/\/fittwear.nl\/#\/schema\/logo\/image\/\"}}]}<\/script>\n<!-- \/ Yoast SEO plugin. -->","yoast_head_json":{"title":"Gilet pull oversize blanc - FITTwear.fr","description":"Ce pull-over surdimensionn\u00e9 est le v\u00eatement athleisure indispensable. Suivez la tendance athleisure qui permet de porter des v\u00eatements de sport et de d\u00e9tente dans la rue. Sentez-vous \u00e0 l'aise apr\u00e8s votre s\u00e9ance de sport ou pendant votre temps libre dans ce sweat \u00e0 capuche. La chaleur est conserv\u00e9e et la sensation de confort procur\u00e9e par le tissu l\u00e9ger s'associe pour cr\u00e9er un look flatteur ! Le gilet est dot\u00e9 de cordons de serrage au bas qui vous permettent de le raccourcir. Id\u00e9al pour garder vos muscles au chaud sur le chemin de la salle de sport ou pour vous d\u00e9tendre avec le short Lounge Jogg.","robots":{"index":"index","follow":"follow","max-snippet":"max-snippet:-1","max-image-preview":"max-image-preview:large","max-video-preview":"max-video-preview:-1"},"canonical":"https:\/\/fittwear.nl\/fr\/produit-2\/pull-oversized-crop-gilet-blanc\/","og_locale":"fr_FR","og_type":"article","og_title":"Oversized Crop Sweater Vest White - FITTwear.nl","og_description":"Deze oversized crop sweater vest is h\u00e9t essenti\u00eble athleisure kledingstuk. Volg de athleisure trend waarbij het toegestaan is om sportkleding en loungewear op straat te dragen. Voel je heerlijk comfi na je workout of in je vrije tijd in deze stoere hoody. Warmte wordt vastgehouden en het gevoel van comfort door de lichtgewicht stof vormen samen een flatteuze look! Het vest is voorzien van rijgkoorden aan de onderzijde waarmee je het vest kunt croppen. Ideaal om je spieren warm te houden onderweg naar de gym of om lekker in te loungen samen met de Lounge Jogg Shorts.","og_url":"https:\/\/fittwear.nl\/fr\/produit-2\/pull-oversized-crop-gilet-blanc\/","og_site_name":"FITTwear.nl","article_modified_time":"2026-04-27T13:04:27+00:00","og_image":[{"width":1200,"height":1800,"url":"https:\/\/fittwear.nl\/wp-content\/uploads\/2023\/11\/sweat-set-wit_Voorkant-boven_jpg_1.jpg","type":"image\/jpeg"}],"twitter_card":"summary_large_image","twitter_misc":{"Dur\u00e9e de lecture estim\u00e9e":"1 minute"},"schema":{"@context":"https:\/\/schema.org","@graph":[{"@type":"WebPage","@id":"https:\/\/fittwear.nl\/product\/oversized-crop-sweater-vest-white\/","url":"https:\/\/fittwear.nl\/product\/oversized-crop-sweater-vest-white\/","name":"Gilet pull oversize blanc - FITTwear.fr","isPartOf":{"@id":"https:\/\/fittwear.nl\/#website"},"primaryImageOfPage":{"@id":"https:\/\/fittwear.nl\/product\/oversized-crop-sweater-vest-white\/#primaryimage"},"image":{"@id":"https:\/\/fittwear.nl\/product\/oversized-crop-sweater-vest-white\/#primaryimage"},"thumbnailUrl":"https:\/\/fittwear.nl\/wp-content\/uploads\/2023\/11\/sweat-set-wit_Voorkant-boven_jpg_1.jpg","datePublished":"2023-11-02T08:23:43+00:00","dateModified":"2026-04-27T13:04:27+00:00","description":"Ce pull-over surdimensionn\u00e9 est le v\u00eatement athleisure indispensable. Suivez la tendance athleisure qui permet de porter des v\u00eatements de sport et de d\u00e9tente dans la rue. Sentez-vous \u00e0 l'aise apr\u00e8s votre s\u00e9ance de sport ou pendant votre temps libre dans ce sweat \u00e0 capuche. La chaleur est conserv\u00e9e et la sensation de confort procur\u00e9e par le tissu l\u00e9ger s'associe pour cr\u00e9er un look flatteur ! Le gilet est dot\u00e9 de cordons de serrage au bas qui vous permettent de le raccourcir. Id\u00e9al pour garder vos muscles au chaud sur le chemin de la salle de sport ou pour vous d\u00e9tendre avec le short Lounge Jogg.","breadcrumb":{"@id":"https:\/\/fittwear.nl\/product\/oversized-crop-sweater-vest-white\/#breadcrumb"},"inLanguage":"fr-FR","potentialAction":[{"@type":"ReadAction","target":["https:\/\/fittwear.nl\/product\/oversized-crop-sweater-vest-white\/"]}]},{"@type":"ImageObject","inLanguage":"fr-FR","@id":"https:\/\/fittwear.nl\/product\/oversized-crop-sweater-vest-white\/#primaryimage","url":"https:\/\/fittwear.nl\/wp-content\/uploads\/2023\/11\/sweat-set-wit_Voorkant-boven_jpg_1.jpg","contentUrl":"https:\/\/fittwear.nl\/wp-content\/uploads\/2023\/11\/sweat-set-wit_Voorkant-boven_jpg_1.jpg","width":1200,"height":1800},{"@type":"BreadcrumbList","@id":"https:\/\/fittwear.nl\/product\/oversized-crop-sweater-vest-white\/#breadcrumb","itemListElement":[{"@type":"ListItem","position":1,"name":"Home","item":"https:\/\/fittwear.nl\/"},{"@type":"ListItem","position":2,"name":"Shop","item":"https:\/\/fittwear.nl\/shop\/"},{"@type":"ListItem","position":3,"name":"Oversized Crop Sweater Vest White"}]},{"@type":"WebSite","@id":"https:\/\/fittwear.nl\/#website","url":"https:\/\/fittwear.nl\/","name":"FITTwear.co.uk","description":"C'est le moment de briller !","publisher":{"@id":"https:\/\/fittwear.nl\/#organization"},"potentialAction":[{"@type":"SearchAction","target":{"@type":"EntryPoint","urlTemplate":"https:\/\/fittwear.nl\/?s={search_term_string}"},"query-input":{"@type":"PropertyValueSpecification","valueRequired":true,"valueName":"search_term_string"}}],"inLanguage":"fr-FR"},{"@type":"Organization","@id":"https:\/\/fittwear.nl\/#organization","name":"FITTwear.co.uk","url":"https:\/\/fittwear.nl\/","logo":{"@type":"ImageObject","inLanguage":"fr-FR","@id":"https:\/\/fittwear.nl\/#\/schema\/logo\/image\/","url":"https:\/\/fittwear.nl\/wp-content\/uploads\/2024\/07\/FITT-Logo-BeYOUtiful-website-homepage_Tekengebied-1-scaled.jpg","contentUrl":"https:\/\/fittwear.nl\/wp-content\/uploads\/2024\/07\/FITT-Logo-BeYOUtiful-website-homepage_Tekengebied-1-scaled.jpg","width":2560,"height":599,"caption":"FITTwear.nl"},"image":{"@id":"https:\/\/fittwear.nl\/#\/schema\/logo\/image\/"}}]}},"_links":{"self":[{"href":"https:\/\/fittwear.nl\/fr\/wp-json\/wp\/v2\/product\/77520","targetHints":{"allow":["GET"]}}],"collection":[{"href":"https:\/\/fittwear.nl\/fr\/wp-json\/wp\/v2\/product"}],"about":[{"href":"https:\/\/fittwear.nl\/fr\/wp-json\/wp\/v2\/types\/product"}],"wp:featuredmedia":[{"embeddable":true,"href":"https:\/\/fittwear.nl\/fr\/wp-json\/wp\/v2\/media\/78287"}],"wp:attachment":[{"href":"https:\/\/fittwear.nl\/fr\/wp-json\/wp\/v2\/media?parent=77520"}],"wp:term":[{"taxonomy":"product_brand","embeddable":true,"href":"https:\/\/fittwear.nl\/fr\/wp-json\/wp\/v2\/product_brand?post=77520"},{"taxonomy":"product_cat","embeddable":true,"href":"https:\/\/fittwear.nl\/fr\/wp-json\/wp\/v2\/product_cat?post=77520"},{"taxonomy":"product_tag","embeddable":true,"href":"https:\/\/fittwear.nl\/fr\/wp-json\/wp\/v2\/product_tag?post=77520"}],"curies":[{"name":"wp","href":"https:\/\/api.w.org\/{rel}","templated":true}]}}