{"id":77573,"date":"2023-11-02T10:23:45","date_gmt":"2023-11-02T09:23:45","guid":{"rendered":"https:\/\/fittwear.nl\/?post_type=product&#038;p=77573"},"modified":"2026-05-07T04:30:37","modified_gmt":"2026-05-07T02:30:37","slug":"t-shirt-crop-ruched-white","status":"publish","type":"product","link":"https:\/\/fittwear.nl\/fr\/product\/ruched-crop-t-shirt-white\/","title":{"rendered":"T-shirt court fronc\u00e9 blanc"},"content":{"rendered":"<p>&#8211; Cropped t-shirt<\/p>\n\n\n\n<p>&#8211; Met aantrekbare ruches aan de zijkanten<\/p>\n\n\n\n<p>&#8211; Ademende stof<\/p>\n\n\n\n<p>&#8211; Bedrukt logo aan voorzijde<\/p>\n\n\n\n<p>&#8211; 100% katoen<\/p>\n\n\n\n<p>- Lavable jusqu'\u00e0 40\u00b0.<\/p>\n\n\n\n<p>- Couleur : blanc<\/p>\n\n\n\n<p>- Le mod\u00e8le Sophie mesure 1,75 et porte la taille S.<\/p>","protected":false},"excerpt":{"rendered":"<p>Le tee-shirt crop fronc\u00e9 est le v\u00eatement athleisure essentiel. Suivez la tendance athleisure qui permet de porter des v\u00eatements de sport et de d\u00e9tente dans la rue. Id\u00e9al comme haut de sport, ce t-shirt offre une grande libert\u00e9 de mouvement et sa longueur est ajustable gr\u00e2ce aux volants. Portez-la comme bon vous semble ! L'associerez-vous \u00e0 un legging, un jogging ou un short de sport ?<\/p>","protected":false},"featured_media":78437,"template":"","meta":{"_acf_changed":false},"product_brand":[],"product_cat":[4802,4794,79,81,78],"product_tag":[],"class_list":{"0":"post-77573","1":"product","2":"type-product","3":"status-publish","4":"has-post-thumbnail","6":"product_cat-fitt-original","7":"product_cat-mindful-movement","8":"product_cat-tanktops-dames","9":"product_cat-crop-tops","10":"product_cat-t-shirts-dames","12":"first","13":"instock","14":"taxable","15":"shipping-taxable","16":"purchasable","17":"product-type-variable","18":"has-default-attributes"},"acf":[],"yoast_head":"<!-- This site is optimized with the Yoast SEO plugin v27.1.1 - https:\/\/yoast.com\/product\/yoast-seo-wordpress\/ -->\n<title>Ruched Crop T-shirt White - FITTwear.nl<\/title>\n<meta name=\"description\" content=\"De ruched crop T-shirt is h\u00e9t essenti\u00eble athleisure kledingstuk. Volg de athleisure trend waarbij het toegestaan is om sportkleding en loungewear op straat te dragen. Ideaal als sport top, het shirt bied je veel bewegingsvrijheid en is ook nog eens op lengte af te stellen door de ruches. Draag hem hoe jij dat wilt! Combineer jij hem met een sportlegging, jogger of toch de sport shorts?\" \/>\n<meta name=\"robots\" content=\"index, follow, max-snippet:-1, max-image-preview:large, max-video-preview:-1\" \/>\n<link rel=\"canonical\" href=\"https:\/\/fittwear.nl\/fr\/produit-2\/t-shirt-crop-ruched-white\/\" \/>\n<meta property=\"og:locale\" content=\"fr_FR\" \/>\n<meta property=\"og:type\" content=\"article\" \/>\n<meta property=\"og:title\" content=\"Ruched Crop T-shirt White - FITTwear.nl\" \/>\n<meta property=\"og:description\" content=\"De ruched crop T-shirt is h\u00e9t essenti\u00eble athleisure kledingstuk. Volg de athleisure trend waarbij het toegestaan is om sportkleding en loungewear op straat te dragen. Ideaal als sport top, het shirt bied je veel bewegingsvrijheid en is ook nog eens op lengte af te stellen door de ruches. Draag hem hoe jij dat wilt! Combineer jij hem met een sportlegging, jogger of toch de sport shorts?\" \/>\n<meta property=\"og:url\" content=\"https:\/\/fittwear.nl\/fr\/produit-2\/t-shirt-crop-ruched-white\/\" \/>\n<meta property=\"og:site_name\" content=\"FITTwear.nl\" \/>\n<meta property=\"article:modified_time\" content=\"2026-05-07T02:30:37+00:00\" \/>\n<meta property=\"og:image\" content=\"https:\/\/fittwear.nl\/wp-content\/uploads\/2023\/11\/top-wit_Fullbody_jpg_2.jpg\" \/>\n\t<meta property=\"og:image:width\" content=\"1200\" \/>\n\t<meta property=\"og:image:height\" content=\"1800\" \/>\n\t<meta property=\"og:image:type\" content=\"image\/jpeg\" \/>\n<meta name=\"twitter:card\" content=\"summary_large_image\" \/>\n<meta name=\"twitter:label1\" content=\"Dur\u00e9e de lecture estim\u00e9e\" \/>\n\t<meta name=\"twitter:data1\" content=\"1 minute\" \/>\n<script type=\"application\/ld+json\" class=\"yoast-schema-graph\">{\"@context\":\"https:\/\/schema.org\",\"@graph\":[{\"@type\":\"WebPage\",\"@id\":\"https:\/\/fittwear.nl\/product\/ruched-crop-t-shirt-white\/\",\"url\":\"https:\/\/fittwear.nl\/product\/ruched-crop-t-shirt-white\/\",\"name\":\"Ruched Crop T-shirt White - FITTwear.nl\",\"isPartOf\":{\"@id\":\"https:\/\/fittwear.nl\/#website\"},\"primaryImageOfPage\":{\"@id\":\"https:\/\/fittwear.nl\/product\/ruched-crop-t-shirt-white\/#primaryimage\"},\"image\":{\"@id\":\"https:\/\/fittwear.nl\/product\/ruched-crop-t-shirt-white\/#primaryimage\"},\"thumbnailUrl\":\"https:\/\/fittwear.nl\/wp-content\/uploads\/2023\/11\/top-wit_Fullbody_jpg_2.jpg\",\"datePublished\":\"2023-11-02T09:23:45+00:00\",\"dateModified\":\"2026-05-07T02:30:37+00:00\",\"description\":\"De ruched crop T-shirt is h\u00e9t essenti\u00eble athleisure kledingstuk. Volg de athleisure trend waarbij het toegestaan is om sportkleding en loungewear op straat te dragen. Ideaal als sport top, het shirt bied je veel bewegingsvrijheid en is ook nog eens op lengte af te stellen door de ruches. Draag hem hoe jij dat wilt! Combineer jij hem met een sportlegging, jogger of toch de sport shorts?\",\"breadcrumb\":{\"@id\":\"https:\/\/fittwear.nl\/product\/ruched-crop-t-shirt-white\/#breadcrumb\"},\"inLanguage\":\"fr-FR\",\"potentialAction\":[{\"@type\":\"ReadAction\",\"target\":[\"https:\/\/fittwear.nl\/product\/ruched-crop-t-shirt-white\/\"]}]},{\"@type\":\"ImageObject\",\"inLanguage\":\"fr-FR\",\"@id\":\"https:\/\/fittwear.nl\/product\/ruched-crop-t-shirt-white\/#primaryimage\",\"url\":\"https:\/\/fittwear.nl\/wp-content\/uploads\/2023\/11\/top-wit_Fullbody_jpg_2.jpg\",\"contentUrl\":\"https:\/\/fittwear.nl\/wp-content\/uploads\/2023\/11\/top-wit_Fullbody_jpg_2.jpg\",\"width\":1200,\"height\":1800},{\"@type\":\"BreadcrumbList\",\"@id\":\"https:\/\/fittwear.nl\/product\/ruched-crop-t-shirt-white\/#breadcrumb\",\"itemListElement\":[{\"@type\":\"ListItem\",\"position\":1,\"name\":\"Home\",\"item\":\"https:\/\/fittwear.nl\/\"},{\"@type\":\"ListItem\",\"position\":2,\"name\":\"Shop\",\"item\":\"https:\/\/fittwear.nl\/shop\/\"},{\"@type\":\"ListItem\",\"position\":3,\"name\":\"Ruched Crop T-shirt White\"}]},{\"@type\":\"WebSite\",\"@id\":\"https:\/\/fittwear.nl\/#website\",\"url\":\"https:\/\/fittwear.nl\/\",\"name\":\"FITTwear.nl\",\"description\":\"Time to shine!\",\"publisher\":{\"@id\":\"https:\/\/fittwear.nl\/#organization\"},\"potentialAction\":[{\"@type\":\"SearchAction\",\"target\":{\"@type\":\"EntryPoint\",\"urlTemplate\":\"https:\/\/fittwear.nl\/?s={search_term_string}\"},\"query-input\":{\"@type\":\"PropertyValueSpecification\",\"valueRequired\":true,\"valueName\":\"search_term_string\"}}],\"inLanguage\":\"fr-FR\"},{\"@type\":\"Organization\",\"@id\":\"https:\/\/fittwear.nl\/#organization\",\"name\":\"FITTwear.nl\",\"url\":\"https:\/\/fittwear.nl\/\",\"logo\":{\"@type\":\"ImageObject\",\"inLanguage\":\"fr-FR\",\"@id\":\"https:\/\/fittwear.nl\/#\/schema\/logo\/image\/\",\"url\":\"https:\/\/fittwear.nl\/wp-content\/uploads\/2024\/07\/FITT-Logo-BeYOUtiful-website-homepage_Tekengebied-1-scaled.jpg\",\"contentUrl\":\"https:\/\/fittwear.nl\/wp-content\/uploads\/2024\/07\/FITT-Logo-BeYOUtiful-website-homepage_Tekengebied-1-scaled.jpg\",\"width\":2560,\"height\":599,\"caption\":\"FITTwear.nl\"},\"image\":{\"@id\":\"https:\/\/fittwear.nl\/#\/schema\/logo\/image\/\"}}]}<\/script>\n<!-- \/ Yoast SEO plugin. -->","yoast_head_json":{"title":"Tee-shirt cintr\u00e9 blanc - FITTwear.fr","description":"Le tee-shirt crop fronc\u00e9 est le v\u00eatement athleisure essentiel. Suivez la tendance athleisure qui permet de porter des v\u00eatements de sport et de d\u00e9tente dans la rue. Id\u00e9al comme haut de sport, ce t-shirt offre une grande libert\u00e9 de mouvement et sa longueur est ajustable gr\u00e2ce aux volants. Portez-la comme bon vous semble ! L'associerez-vous \u00e0 un legging, un jogging ou un short de sport ?","robots":{"index":"index","follow":"follow","max-snippet":"max-snippet:-1","max-image-preview":"max-image-preview:large","max-video-preview":"max-video-preview:-1"},"canonical":"https:\/\/fittwear.nl\/fr\/produit-2\/t-shirt-crop-ruched-white\/","og_locale":"fr_FR","og_type":"article","og_title":"Ruched Crop T-shirt White - FITTwear.nl","og_description":"De ruched crop T-shirt is h\u00e9t essenti\u00eble athleisure kledingstuk. Volg de athleisure trend waarbij het toegestaan is om sportkleding en loungewear op straat te dragen. Ideaal als sport top, het shirt bied je veel bewegingsvrijheid en is ook nog eens op lengte af te stellen door de ruches. Draag hem hoe jij dat wilt! Combineer jij hem met een sportlegging, jogger of toch de sport shorts?","og_url":"https:\/\/fittwear.nl\/fr\/produit-2\/t-shirt-crop-ruched-white\/","og_site_name":"FITTwear.nl","article_modified_time":"2026-05-07T02:30:37+00:00","og_image":[{"width":1200,"height":1800,"url":"https:\/\/fittwear.nl\/wp-content\/uploads\/2023\/11\/top-wit_Fullbody_jpg_2.jpg","type":"image\/jpeg"}],"twitter_card":"summary_large_image","twitter_misc":{"Dur\u00e9e de lecture estim\u00e9e":"1 minute"},"schema":{"@context":"https:\/\/schema.org","@graph":[{"@type":"WebPage","@id":"https:\/\/fittwear.nl\/product\/ruched-crop-t-shirt-white\/","url":"https:\/\/fittwear.nl\/product\/ruched-crop-t-shirt-white\/","name":"Tee-shirt cintr\u00e9 blanc - FITTwear.fr","isPartOf":{"@id":"https:\/\/fittwear.nl\/#website"},"primaryImageOfPage":{"@id":"https:\/\/fittwear.nl\/product\/ruched-crop-t-shirt-white\/#primaryimage"},"image":{"@id":"https:\/\/fittwear.nl\/product\/ruched-crop-t-shirt-white\/#primaryimage"},"thumbnailUrl":"https:\/\/fittwear.nl\/wp-content\/uploads\/2023\/11\/top-wit_Fullbody_jpg_2.jpg","datePublished":"2023-11-02T09:23:45+00:00","dateModified":"2026-05-07T02:30:37+00:00","description":"Le tee-shirt crop fronc\u00e9 est le v\u00eatement athleisure essentiel. Suivez la tendance athleisure qui permet de porter des v\u00eatements de sport et de d\u00e9tente dans la rue. Id\u00e9al comme haut de sport, ce t-shirt offre une grande libert\u00e9 de mouvement et sa longueur est ajustable gr\u00e2ce aux volants. Portez-la comme bon vous semble ! L'associerez-vous \u00e0 un legging, un jogging ou un short de sport ?","breadcrumb":{"@id":"https:\/\/fittwear.nl\/product\/ruched-crop-t-shirt-white\/#breadcrumb"},"inLanguage":"fr-FR","potentialAction":[{"@type":"ReadAction","target":["https:\/\/fittwear.nl\/product\/ruched-crop-t-shirt-white\/"]}]},{"@type":"ImageObject","inLanguage":"fr-FR","@id":"https:\/\/fittwear.nl\/product\/ruched-crop-t-shirt-white\/#primaryimage","url":"https:\/\/fittwear.nl\/wp-content\/uploads\/2023\/11\/top-wit_Fullbody_jpg_2.jpg","contentUrl":"https:\/\/fittwear.nl\/wp-content\/uploads\/2023\/11\/top-wit_Fullbody_jpg_2.jpg","width":1200,"height":1800},{"@type":"BreadcrumbList","@id":"https:\/\/fittwear.nl\/product\/ruched-crop-t-shirt-white\/#breadcrumb","itemListElement":[{"@type":"ListItem","position":1,"name":"Home","item":"https:\/\/fittwear.nl\/"},{"@type":"ListItem","position":2,"name":"Shop","item":"https:\/\/fittwear.nl\/shop\/"},{"@type":"ListItem","position":3,"name":"Ruched Crop T-shirt White"}]},{"@type":"WebSite","@id":"https:\/\/fittwear.nl\/#website","url":"https:\/\/fittwear.nl\/","name":"FITTwear.co.uk","description":"C'est le moment de briller !","publisher":{"@id":"https:\/\/fittwear.nl\/#organization"},"potentialAction":[{"@type":"SearchAction","target":{"@type":"EntryPoint","urlTemplate":"https:\/\/fittwear.nl\/?s={search_term_string}"},"query-input":{"@type":"PropertyValueSpecification","valueRequired":true,"valueName":"search_term_string"}}],"inLanguage":"fr-FR"},{"@type":"Organization","@id":"https:\/\/fittwear.nl\/#organization","name":"FITTwear.co.uk","url":"https:\/\/fittwear.nl\/","logo":{"@type":"ImageObject","inLanguage":"fr-FR","@id":"https:\/\/fittwear.nl\/#\/schema\/logo\/image\/","url":"https:\/\/fittwear.nl\/wp-content\/uploads\/2024\/07\/FITT-Logo-BeYOUtiful-website-homepage_Tekengebied-1-scaled.jpg","contentUrl":"https:\/\/fittwear.nl\/wp-content\/uploads\/2024\/07\/FITT-Logo-BeYOUtiful-website-homepage_Tekengebied-1-scaled.jpg","width":2560,"height":599,"caption":"FITTwear.nl"},"image":{"@id":"https:\/\/fittwear.nl\/#\/schema\/logo\/image\/"}}]}},"_links":{"self":[{"href":"https:\/\/fittwear.nl\/fr\/wp-json\/wp\/v2\/product\/77573","targetHints":{"allow":["GET"]}}],"collection":[{"href":"https:\/\/fittwear.nl\/fr\/wp-json\/wp\/v2\/product"}],"about":[{"href":"https:\/\/fittwear.nl\/fr\/wp-json\/wp\/v2\/types\/product"}],"wp:featuredmedia":[{"embeddable":true,"href":"https:\/\/fittwear.nl\/fr\/wp-json\/wp\/v2\/media\/78437"}],"wp:attachment":[{"href":"https:\/\/fittwear.nl\/fr\/wp-json\/wp\/v2\/media?parent=77573"}],"wp:term":[{"taxonomy":"product_brand","embeddable":true,"href":"https:\/\/fittwear.nl\/fr\/wp-json\/wp\/v2\/product_brand?post=77573"},{"taxonomy":"product_cat","embeddable":true,"href":"https:\/\/fittwear.nl\/fr\/wp-json\/wp\/v2\/product_cat?post=77573"},{"taxonomy":"product_tag","embeddable":true,"href":"https:\/\/fittwear.nl\/fr\/wp-json\/wp\/v2\/product_tag?post=77573"}],"curies":[{"name":"wp","href":"https:\/\/api.w.org\/{rel}","templated":true}]}}