{"id":77586,"date":"2023-11-09T09:31:47","date_gmt":"2023-11-09T08:31:47","guid":{"rendered":"https:\/\/fittwear.nl\/?post_type=product&#038;p=77586"},"modified":"2026-04-17T01:20:33","modified_gmt":"2026-04-16T23:20:33","slug":"robe-de-sport-athletique-noire","status":"publish","type":"product","link":"https:\/\/fittwear.nl\/fr\/product\/athletic-sports-dress-black\/","title":{"rendered":"Athletic Sports Dress Black"},"content":{"rendered":"<p>&#8211; Stretchy jurk<\/p>\n\n\n\n<p>&#8211; Elegante hals <\/p>\n\n\n\n<p>- Coussinets amovibles<\/p>\n\n\n\n<p>&#8211; Stretchy schouderbanden<\/p>\n\n\n\n<p>&#8211; Split aan de onderkant<\/p>\n\n\n\n<p>- Logo imprim\u00e9 au dos<\/p>\n\n\n\n<p>&#8211; 75% Nylon, 25% Elastaan<\/p>\n\n\n\n<p>- Lavable jusqu'\u00e0 30\u00b0.<\/p>\n\n\n\n<p>- Couleur : noir<\/p>\n\n\n\n<p>- Le mod\u00e8le Sophie mesure 1,75 et porte la taille S.<\/p>","protected":false},"excerpt":{"rendered":"<p>Vous \u00eates une vraie fan de padel ou de tennis ? Alors cet article est le must de votre garde-robe pour \u00eatre \u00e0 la mode sur le court ! D\u00e9couvrez le confort de cette robe gr\u00e2ce \u00e0 son \u00e9lasticit\u00e9 et \u00e0 sa libert\u00e9 de mouvement, en plus d'\u00eatre super styl\u00e9e. Portez-la \u00e9ventuellement avec notre short Stay In Place pour garder vos balles de tennis avec vous. Ou portez-la de fa\u00e7on d\u00e9contract\u00e9e, l'encolure \u00e9l\u00e9gante, la fente en bas et les bretelles joliment finies font de cette robe un v\u00eatement id\u00e9al pour cela aussi !<\/p>","protected":false},"featured_media":78448,"template":"","meta":{"_acf_changed":false},"product_brand":[],"product_cat":[4836,4791,4869,4794,4800,79],"product_tag":[],"class_list":{"0":"post-77586","1":"product","2":"type-product","3":"status-publish","4":"has-post-thumbnail","6":"product_cat-sleeveless-tanktops-dames","7":"product_cat-city-vibes","8":"product_cat-jurkjes","9":"product_cat-mindful-movement","10":"product_cat-running-collection","11":"product_cat-tanktops-dames","13":"first","14":"instock","15":"taxable","16":"shipping-taxable","17":"purchasable","18":"product-type-variable","19":"has-default-attributes"},"acf":[],"yoast_head":"<!-- This site is optimized with the Yoast SEO plugin v27.1.1 - https:\/\/yoast.com\/product\/yoast-seo-wordpress\/ -->\n<title>Athletic Sports Dress Black - FITTwear.nl<\/title>\n<meta name=\"description\" content=\"Ben jij een echte padel of tennisfan? Dan is dit item de musthave in jouw garderobe om trendy op de baan te lopen! Ervaar het comfort van deze jurk door zijn elasticiteit en bewegingsvrijheid, daarnaast is hij ook nog eens super stylish. Draag hem eventueel met onze Stay In Place Short om jouw tennisballen bij je te houden. Of draag hem casual, door de elegante hals, split aan de onderkant en mooi afgewerkte schouderbanden is dit jurkje ook hier ideaal voor!\" \/>\n<meta name=\"robots\" content=\"index, follow, max-snippet:-1, max-image-preview:large, max-video-preview:-1\" \/>\n<link rel=\"canonical\" href=\"https:\/\/fittwear.nl\/fr\/produit-2\/robe-de-sport-athletique-noire\/\" \/>\n<meta property=\"og:locale\" content=\"fr_FR\" \/>\n<meta property=\"og:type\" content=\"article\" \/>\n<meta property=\"og:title\" content=\"Athletic Sports Dress Black - FITTwear.nl\" \/>\n<meta property=\"og:description\" content=\"Ben jij een echte padel of tennisfan? Dan is dit item de musthave in jouw garderobe om trendy op de baan te lopen! Ervaar het comfort van deze jurk door zijn elasticiteit en bewegingsvrijheid, daarnaast is hij ook nog eens super stylish. Draag hem eventueel met onze Stay In Place Short om jouw tennisballen bij je te houden. Of draag hem casual, door de elegante hals, split aan de onderkant en mooi afgewerkte schouderbanden is dit jurkje ook hier ideaal voor!\" \/>\n<meta property=\"og:url\" content=\"https:\/\/fittwear.nl\/fr\/produit-2\/robe-de-sport-athletique-noire\/\" \/>\n<meta property=\"og:site_name\" content=\"FITTwear.nl\" \/>\n<meta property=\"article:modified_time\" content=\"2026-04-16T23:20:33+00:00\" \/>\n<meta property=\"og:image\" content=\"https:\/\/fittwear.nl\/wp-content\/uploads\/2023\/11\/jurkje-zwart_Fullbody_jpg_2.jpg\" \/>\n\t<meta property=\"og:image:width\" content=\"1200\" \/>\n\t<meta property=\"og:image:height\" content=\"1800\" \/>\n\t<meta property=\"og:image:type\" content=\"image\/jpeg\" \/>\n<meta name=\"twitter:card\" content=\"summary_large_image\" \/>\n<meta name=\"twitter:label1\" content=\"Dur\u00e9e de lecture estim\u00e9e\" \/>\n\t<meta name=\"twitter:data1\" content=\"1 minute\" \/>\n<script type=\"application\/ld+json\" class=\"yoast-schema-graph\">{\"@context\":\"https:\/\/schema.org\",\"@graph\":[{\"@type\":\"WebPage\",\"@id\":\"https:\/\/fittwear.nl\/product\/athletic-sports-dress-black\/\",\"url\":\"https:\/\/fittwear.nl\/product\/athletic-sports-dress-black\/\",\"name\":\"Athletic Sports Dress Black - FITTwear.nl\",\"isPartOf\":{\"@id\":\"https:\/\/fittwear.nl\/#website\"},\"primaryImageOfPage\":{\"@id\":\"https:\/\/fittwear.nl\/product\/athletic-sports-dress-black\/#primaryimage\"},\"image\":{\"@id\":\"https:\/\/fittwear.nl\/product\/athletic-sports-dress-black\/#primaryimage\"},\"thumbnailUrl\":\"https:\/\/fittwear.nl\/wp-content\/uploads\/2023\/11\/jurkje-zwart_Fullbody_jpg_2.jpg\",\"datePublished\":\"2023-11-09T08:31:47+00:00\",\"dateModified\":\"2026-04-16T23:20:33+00:00\",\"description\":\"Ben jij een echte padel of tennisfan? Dan is dit item de musthave in jouw garderobe om trendy op de baan te lopen! Ervaar het comfort van deze jurk door zijn elasticiteit en bewegingsvrijheid, daarnaast is hij ook nog eens super stylish. Draag hem eventueel met onze Stay In Place Short om jouw tennisballen bij je te houden. Of draag hem casual, door de elegante hals, split aan de onderkant en mooi afgewerkte schouderbanden is dit jurkje ook hier ideaal voor!\",\"breadcrumb\":{\"@id\":\"https:\/\/fittwear.nl\/product\/athletic-sports-dress-black\/#breadcrumb\"},\"inLanguage\":\"fr-FR\",\"potentialAction\":[{\"@type\":\"ReadAction\",\"target\":[\"https:\/\/fittwear.nl\/product\/athletic-sports-dress-black\/\"]}]},{\"@type\":\"ImageObject\",\"inLanguage\":\"fr-FR\",\"@id\":\"https:\/\/fittwear.nl\/product\/athletic-sports-dress-black\/#primaryimage\",\"url\":\"https:\/\/fittwear.nl\/wp-content\/uploads\/2023\/11\/jurkje-zwart_Fullbody_jpg_2.jpg\",\"contentUrl\":\"https:\/\/fittwear.nl\/wp-content\/uploads\/2023\/11\/jurkje-zwart_Fullbody_jpg_2.jpg\",\"width\":1200,\"height\":1800},{\"@type\":\"BreadcrumbList\",\"@id\":\"https:\/\/fittwear.nl\/product\/athletic-sports-dress-black\/#breadcrumb\",\"itemListElement\":[{\"@type\":\"ListItem\",\"position\":1,\"name\":\"Home\",\"item\":\"https:\/\/fittwear.nl\/\"},{\"@type\":\"ListItem\",\"position\":2,\"name\":\"Shop\",\"item\":\"https:\/\/fittwear.nl\/shop\/\"},{\"@type\":\"ListItem\",\"position\":3,\"name\":\"Athletic Sports Dress Black\"}]},{\"@type\":\"WebSite\",\"@id\":\"https:\/\/fittwear.nl\/#website\",\"url\":\"https:\/\/fittwear.nl\/\",\"name\":\"FITTwear.nl\",\"description\":\"Time to shine!\",\"publisher\":{\"@id\":\"https:\/\/fittwear.nl\/#organization\"},\"potentialAction\":[{\"@type\":\"SearchAction\",\"target\":{\"@type\":\"EntryPoint\",\"urlTemplate\":\"https:\/\/fittwear.nl\/?s={search_term_string}\"},\"query-input\":{\"@type\":\"PropertyValueSpecification\",\"valueRequired\":true,\"valueName\":\"search_term_string\"}}],\"inLanguage\":\"fr-FR\"},{\"@type\":\"Organization\",\"@id\":\"https:\/\/fittwear.nl\/#organization\",\"name\":\"FITTwear.nl\",\"url\":\"https:\/\/fittwear.nl\/\",\"logo\":{\"@type\":\"ImageObject\",\"inLanguage\":\"fr-FR\",\"@id\":\"https:\/\/fittwear.nl\/#\/schema\/logo\/image\/\",\"url\":\"https:\/\/fittwear.nl\/wp-content\/uploads\/2024\/07\/FITT-Logo-BeYOUtiful-website-homepage_Tekengebied-1-scaled.jpg\",\"contentUrl\":\"https:\/\/fittwear.nl\/wp-content\/uploads\/2024\/07\/FITT-Logo-BeYOUtiful-website-homepage_Tekengebied-1-scaled.jpg\",\"width\":2560,\"height\":599,\"caption\":\"FITTwear.nl\"},\"image\":{\"@id\":\"https:\/\/fittwear.nl\/#\/schema\/logo\/image\/\"}}]}<\/script>\n<!-- \/ Yoast SEO plugin. -->","yoast_head_json":{"title":"Robe de sport athl\u00e9tique Noir - FITTwear.com","description":"Vous \u00eates une vraie fan de padel ou de tennis ? Alors cet article est le must de votre garde-robe pour \u00eatre \u00e0 la mode sur le court ! D\u00e9couvrez le confort de cette robe gr\u00e2ce \u00e0 son \u00e9lasticit\u00e9 et \u00e0 sa libert\u00e9 de mouvement, en plus d'\u00eatre super styl\u00e9e. Portez-la \u00e9ventuellement avec notre short Stay In Place pour garder vos balles de tennis avec vous. Ou portez-la de fa\u00e7on d\u00e9contract\u00e9e, l'encolure \u00e9l\u00e9gante, la fente en bas et les bretelles joliment finies font de cette robe un v\u00eatement id\u00e9al pour cela aussi !","robots":{"index":"index","follow":"follow","max-snippet":"max-snippet:-1","max-image-preview":"max-image-preview:large","max-video-preview":"max-video-preview:-1"},"canonical":"https:\/\/fittwear.nl\/fr\/produit-2\/robe-de-sport-athletique-noire\/","og_locale":"fr_FR","og_type":"article","og_title":"Athletic Sports Dress Black - FITTwear.nl","og_description":"Ben jij een echte padel of tennisfan? Dan is dit item de musthave in jouw garderobe om trendy op de baan te lopen! Ervaar het comfort van deze jurk door zijn elasticiteit en bewegingsvrijheid, daarnaast is hij ook nog eens super stylish. Draag hem eventueel met onze Stay In Place Short om jouw tennisballen bij je te houden. Of draag hem casual, door de elegante hals, split aan de onderkant en mooi afgewerkte schouderbanden is dit jurkje ook hier ideaal voor!","og_url":"https:\/\/fittwear.nl\/fr\/produit-2\/robe-de-sport-athletique-noire\/","og_site_name":"FITTwear.nl","article_modified_time":"2026-04-16T23:20:33+00:00","og_image":[{"width":1200,"height":1800,"url":"https:\/\/fittwear.nl\/wp-content\/uploads\/2023\/11\/jurkje-zwart_Fullbody_jpg_2.jpg","type":"image\/jpeg"}],"twitter_card":"summary_large_image","twitter_misc":{"Dur\u00e9e de lecture estim\u00e9e":"1 minute"},"schema":{"@context":"https:\/\/schema.org","@graph":[{"@type":"WebPage","@id":"https:\/\/fittwear.nl\/product\/athletic-sports-dress-black\/","url":"https:\/\/fittwear.nl\/product\/athletic-sports-dress-black\/","name":"Robe de sport athl\u00e9tique Noir - FITTwear.com","isPartOf":{"@id":"https:\/\/fittwear.nl\/#website"},"primaryImageOfPage":{"@id":"https:\/\/fittwear.nl\/product\/athletic-sports-dress-black\/#primaryimage"},"image":{"@id":"https:\/\/fittwear.nl\/product\/athletic-sports-dress-black\/#primaryimage"},"thumbnailUrl":"https:\/\/fittwear.nl\/wp-content\/uploads\/2023\/11\/jurkje-zwart_Fullbody_jpg_2.jpg","datePublished":"2023-11-09T08:31:47+00:00","dateModified":"2026-04-16T23:20:33+00:00","description":"Vous \u00eates une vraie fan de padel ou de tennis ? Alors cet article est le must de votre garde-robe pour \u00eatre \u00e0 la mode sur le court ! D\u00e9couvrez le confort de cette robe gr\u00e2ce \u00e0 son \u00e9lasticit\u00e9 et \u00e0 sa libert\u00e9 de mouvement, en plus d'\u00eatre super styl\u00e9e. Portez-la \u00e9ventuellement avec notre short Stay In Place pour garder vos balles de tennis avec vous. Ou portez-la de fa\u00e7on d\u00e9contract\u00e9e, l'encolure \u00e9l\u00e9gante, la fente en bas et les bretelles joliment finies font de cette robe un v\u00eatement id\u00e9al pour cela aussi !","breadcrumb":{"@id":"https:\/\/fittwear.nl\/product\/athletic-sports-dress-black\/#breadcrumb"},"inLanguage":"fr-FR","potentialAction":[{"@type":"ReadAction","target":["https:\/\/fittwear.nl\/product\/athletic-sports-dress-black\/"]}]},{"@type":"ImageObject","inLanguage":"fr-FR","@id":"https:\/\/fittwear.nl\/product\/athletic-sports-dress-black\/#primaryimage","url":"https:\/\/fittwear.nl\/wp-content\/uploads\/2023\/11\/jurkje-zwart_Fullbody_jpg_2.jpg","contentUrl":"https:\/\/fittwear.nl\/wp-content\/uploads\/2023\/11\/jurkje-zwart_Fullbody_jpg_2.jpg","width":1200,"height":1800},{"@type":"BreadcrumbList","@id":"https:\/\/fittwear.nl\/product\/athletic-sports-dress-black\/#breadcrumb","itemListElement":[{"@type":"ListItem","position":1,"name":"Home","item":"https:\/\/fittwear.nl\/"},{"@type":"ListItem","position":2,"name":"Shop","item":"https:\/\/fittwear.nl\/shop\/"},{"@type":"ListItem","position":3,"name":"Athletic Sports Dress Black"}]},{"@type":"WebSite","@id":"https:\/\/fittwear.nl\/#website","url":"https:\/\/fittwear.nl\/","name":"FITTwear.co.uk","description":"C'est le moment de briller !","publisher":{"@id":"https:\/\/fittwear.nl\/#organization"},"potentialAction":[{"@type":"SearchAction","target":{"@type":"EntryPoint","urlTemplate":"https:\/\/fittwear.nl\/?s={search_term_string}"},"query-input":{"@type":"PropertyValueSpecification","valueRequired":true,"valueName":"search_term_string"}}],"inLanguage":"fr-FR"},{"@type":"Organization","@id":"https:\/\/fittwear.nl\/#organization","name":"FITTwear.co.uk","url":"https:\/\/fittwear.nl\/","logo":{"@type":"ImageObject","inLanguage":"fr-FR","@id":"https:\/\/fittwear.nl\/#\/schema\/logo\/image\/","url":"https:\/\/fittwear.nl\/wp-content\/uploads\/2024\/07\/FITT-Logo-BeYOUtiful-website-homepage_Tekengebied-1-scaled.jpg","contentUrl":"https:\/\/fittwear.nl\/wp-content\/uploads\/2024\/07\/FITT-Logo-BeYOUtiful-website-homepage_Tekengebied-1-scaled.jpg","width":2560,"height":599,"caption":"FITTwear.nl"},"image":{"@id":"https:\/\/fittwear.nl\/#\/schema\/logo\/image\/"}}]}},"_links":{"self":[{"href":"https:\/\/fittwear.nl\/fr\/wp-json\/wp\/v2\/product\/77586","targetHints":{"allow":["GET"]}}],"collection":[{"href":"https:\/\/fittwear.nl\/fr\/wp-json\/wp\/v2\/product"}],"about":[{"href":"https:\/\/fittwear.nl\/fr\/wp-json\/wp\/v2\/types\/product"}],"wp:featuredmedia":[{"embeddable":true,"href":"https:\/\/fittwear.nl\/fr\/wp-json\/wp\/v2\/media\/78448"}],"wp:attachment":[{"href":"https:\/\/fittwear.nl\/fr\/wp-json\/wp\/v2\/media?parent=77586"}],"wp:term":[{"taxonomy":"product_brand","embeddable":true,"href":"https:\/\/fittwear.nl\/fr\/wp-json\/wp\/v2\/product_brand?post=77586"},{"taxonomy":"product_cat","embeddable":true,"href":"https:\/\/fittwear.nl\/fr\/wp-json\/wp\/v2\/product_cat?post=77586"},{"taxonomy":"product_tag","embeddable":true,"href":"https:\/\/fittwear.nl\/fr\/wp-json\/wp\/v2\/product_tag?post=77586"}],"curies":[{"name":"wp","href":"https:\/\/api.w.org\/{rel}","templated":true}]}}