{"id":77603,"date":"2023-12-08T11:27:43","date_gmt":"2023-12-08T10:27:43","guid":{"rendered":"https:\/\/fittwear.nl\/?post_type=product&#038;p=77603"},"modified":"2026-05-01T21:28:27","modified_gmt":"2026-05-01T19:28:27","slug":"fitt-shopper-terra","status":"publish","type":"product","link":"https:\/\/fittwear.nl\/fr\/product\/fitt-shopper-terra\/","title":{"rendered":"FITT Shopper Terra"},"content":{"rendered":"<p>- Longues poign\u00e9es<\/p>\n\n\n\n<p>- Bord sup\u00e9rieur pli\u00e9 en deux pour plus de solidit\u00e9 et une finition impeccable<\/p>\n\n\n\n<p>- Tendance Couleurs neutres<\/p>\n\n\n\n<p>- Fabriqu\u00e9 en coton recycl\u00e9 80% et en polyester recycl\u00e9 20%<\/p>\n\n\n\n<p>- H : 39cm L : 37 cm Longueur de la poign\u00e9e : 65 cm<\/p>","protected":false},"excerpt":{"rendered":"<p>Que vous l'emmeniez \u00e0 la salle de sport, \u00e0 la plage ou pour une journ\u00e9e. Ce sac \u00e0 main tie dye de FITT contient tout ce dont vous avez besoin ! Le sac est fabriqu\u00e9 \u00e0 partir de mat\u00e9riaux recycl\u00e9s, poss\u00e8de des poign\u00e9es extra-longues et est de fabrication robuste.<\/p>","protected":false},"featured_media":81763,"template":"","meta":{"_acf_changed":false},"product_brand":[],"product_cat":[4791,4812,4794,4793,4799,4792,4795,27,115,63,66],"product_tag":[],"class_list":{"0":"post-77603","1":"product","2":"type-product","3":"status-publish","4":"has-post-thumbnail","6":"product_cat-city-vibes","7":"product_cat-forever-favorites-categorie","8":"product_cat-mindful-movement","9":"product_cat-power-prints","10":"product_cat-structures","11":"product_cat-sustainable-collection","12":"product_cat-teddy-season","13":"product_cat-dames","14":"product_cat-accessoires","15":"product_cat-curves","16":"product_cat-loungewear","18":"first","19":"instock","20":"taxable","21":"shipping-taxable","22":"purchasable","23":"product-type-variable","24":"has-default-attributes"},"acf":[],"yoast_head":"<!-- This site is optimized with the Yoast SEO plugin v27.1.1 - https:\/\/yoast.com\/product\/yoast-seo-wordpress\/ -->\n<title>FITT Shopper Terra - FITTwear.nl<\/title>\n<meta name=\"description\" content=\"Of je hem nu mee neemt naar de sportschool, het strand of een dagje weg. In deze trendy tie dye shopper van FITT past alles wat je nodig hebt! De tas is gemaakt van gerecyclede materialen, heeft extra lange handvaten en is stevig gemaakt.\" \/>\n<meta name=\"robots\" content=\"index, follow, max-snippet:-1, max-image-preview:large, max-video-preview:-1\" \/>\n<link rel=\"canonical\" href=\"https:\/\/fittwear.nl\/fr\/produit-2\/fitt-shopper-terra\/\" \/>\n<meta property=\"og:locale\" content=\"fr_FR\" \/>\n<meta property=\"og:type\" content=\"article\" \/>\n<meta property=\"og:title\" content=\"FITT Shopper Terra - FITTwear.nl\" \/>\n<meta property=\"og:description\" content=\"Of je hem nu mee neemt naar de sportschool, het strand of een dagje weg. In deze trendy tie dye shopper van FITT past alles wat je nodig hebt! De tas is gemaakt van gerecyclede materialen, heeft extra lange handvaten en is stevig gemaakt.\" \/>\n<meta property=\"og:url\" content=\"https:\/\/fittwear.nl\/fr\/produit-2\/fitt-shopper-terra\/\" \/>\n<meta property=\"og:site_name\" content=\"FITTwear.nl\" \/>\n<meta property=\"article:modified_time\" content=\"2026-05-01T19:28:27+00:00\" \/>\n<meta property=\"og:image\" content=\"https:\/\/fittwear.nl\/wp-content\/uploads\/2023\/11\/ultimate-terra_P231031142242_Fullbody_jpg_4.jpg\" \/>\n\t<meta property=\"og:image:width\" content=\"1200\" \/>\n\t<meta property=\"og:image:height\" content=\"1800\" \/>\n\t<meta property=\"og:image:type\" content=\"image\/jpeg\" \/>\n<meta name=\"twitter:card\" content=\"summary_large_image\" \/>\n<meta name=\"twitter:label1\" content=\"Dur\u00e9e de lecture estim\u00e9e\" \/>\n\t<meta name=\"twitter:data1\" content=\"1 minute\" \/>\n<script type=\"application\/ld+json\" class=\"yoast-schema-graph\">{\"@context\":\"https:\/\/schema.org\",\"@graph\":[{\"@type\":\"WebPage\",\"@id\":\"https:\/\/fittwear.nl\/product\/fitt-shopper-terra\/\",\"url\":\"https:\/\/fittwear.nl\/product\/fitt-shopper-terra\/\",\"name\":\"FITT Shopper Terra - FITTwear.nl\",\"isPartOf\":{\"@id\":\"https:\/\/fittwear.nl\/#website\"},\"primaryImageOfPage\":{\"@id\":\"https:\/\/fittwear.nl\/product\/fitt-shopper-terra\/#primaryimage\"},\"image\":{\"@id\":\"https:\/\/fittwear.nl\/product\/fitt-shopper-terra\/#primaryimage\"},\"thumbnailUrl\":\"https:\/\/fittwear.nl\/wp-content\/uploads\/2023\/11\/ultimate-terra_P231031142242_Fullbody_jpg_4.jpg\",\"datePublished\":\"2023-12-08T10:27:43+00:00\",\"dateModified\":\"2026-05-01T19:28:27+00:00\",\"description\":\"Of je hem nu mee neemt naar de sportschool, het strand of een dagje weg. In deze trendy tie dye shopper van FITT past alles wat je nodig hebt! De tas is gemaakt van gerecyclede materialen, heeft extra lange handvaten en is stevig gemaakt.\",\"breadcrumb\":{\"@id\":\"https:\/\/fittwear.nl\/product\/fitt-shopper-terra\/#breadcrumb\"},\"inLanguage\":\"fr-FR\",\"potentialAction\":[{\"@type\":\"ReadAction\",\"target\":[\"https:\/\/fittwear.nl\/product\/fitt-shopper-terra\/\"]}]},{\"@type\":\"ImageObject\",\"inLanguage\":\"fr-FR\",\"@id\":\"https:\/\/fittwear.nl\/product\/fitt-shopper-terra\/#primaryimage\",\"url\":\"https:\/\/fittwear.nl\/wp-content\/uploads\/2023\/11\/ultimate-terra_P231031142242_Fullbody_jpg_4.jpg\",\"contentUrl\":\"https:\/\/fittwear.nl\/wp-content\/uploads\/2023\/11\/ultimate-terra_P231031142242_Fullbody_jpg_4.jpg\",\"width\":1200,\"height\":1800},{\"@type\":\"BreadcrumbList\",\"@id\":\"https:\/\/fittwear.nl\/product\/fitt-shopper-terra\/#breadcrumb\",\"itemListElement\":[{\"@type\":\"ListItem\",\"position\":1,\"name\":\"Home\",\"item\":\"https:\/\/fittwear.nl\/\"},{\"@type\":\"ListItem\",\"position\":2,\"name\":\"Shop\",\"item\":\"https:\/\/fittwear.nl\/shop\/\"},{\"@type\":\"ListItem\",\"position\":3,\"name\":\"FITT Shopper Terra\"}]},{\"@type\":\"WebSite\",\"@id\":\"https:\/\/fittwear.nl\/#website\",\"url\":\"https:\/\/fittwear.nl\/\",\"name\":\"FITTwear.nl\",\"description\":\"Time to shine!\",\"publisher\":{\"@id\":\"https:\/\/fittwear.nl\/#organization\"},\"potentialAction\":[{\"@type\":\"SearchAction\",\"target\":{\"@type\":\"EntryPoint\",\"urlTemplate\":\"https:\/\/fittwear.nl\/?s={search_term_string}\"},\"query-input\":{\"@type\":\"PropertyValueSpecification\",\"valueRequired\":true,\"valueName\":\"search_term_string\"}}],\"inLanguage\":\"fr-FR\"},{\"@type\":\"Organization\",\"@id\":\"https:\/\/fittwear.nl\/#organization\",\"name\":\"FITTwear.nl\",\"url\":\"https:\/\/fittwear.nl\/\",\"logo\":{\"@type\":\"ImageObject\",\"inLanguage\":\"fr-FR\",\"@id\":\"https:\/\/fittwear.nl\/#\/schema\/logo\/image\/\",\"url\":\"https:\/\/fittwear.nl\/wp-content\/uploads\/2024\/07\/FITT-Logo-BeYOUtiful-website-homepage_Tekengebied-1-scaled.jpg\",\"contentUrl\":\"https:\/\/fittwear.nl\/wp-content\/uploads\/2024\/07\/FITT-Logo-BeYOUtiful-website-homepage_Tekengebied-1-scaled.jpg\",\"width\":2560,\"height\":599,\"caption\":\"FITTwear.nl\"},\"image\":{\"@id\":\"https:\/\/fittwear.nl\/#\/schema\/logo\/image\/\"}}]}<\/script>\n<!-- \/ Yoast SEO plugin. -->","yoast_head_json":{"title":"FITT Shopper Terra - FITTwear.com","description":"Que vous l'emmeniez \u00e0 la salle de sport, \u00e0 la plage ou pour une journ\u00e9e. Ce sac \u00e0 main tie dye de FITT contient tout ce dont vous avez besoin ! Le sac est fabriqu\u00e9 \u00e0 partir de mat\u00e9riaux recycl\u00e9s, poss\u00e8de des poign\u00e9es extra-longues et est de fabrication robuste.","robots":{"index":"index","follow":"follow","max-snippet":"max-snippet:-1","max-image-preview":"max-image-preview:large","max-video-preview":"max-video-preview:-1"},"canonical":"https:\/\/fittwear.nl\/fr\/produit-2\/fitt-shopper-terra\/","og_locale":"fr_FR","og_type":"article","og_title":"FITT Shopper Terra - FITTwear.nl","og_description":"Of je hem nu mee neemt naar de sportschool, het strand of een dagje weg. In deze trendy tie dye shopper van FITT past alles wat je nodig hebt! De tas is gemaakt van gerecyclede materialen, heeft extra lange handvaten en is stevig gemaakt.","og_url":"https:\/\/fittwear.nl\/fr\/produit-2\/fitt-shopper-terra\/","og_site_name":"FITTwear.nl","article_modified_time":"2026-05-01T19:28:27+00:00","og_image":[{"width":1200,"height":1800,"url":"https:\/\/fittwear.nl\/wp-content\/uploads\/2023\/11\/ultimate-terra_P231031142242_Fullbody_jpg_4.jpg","type":"image\/jpeg"}],"twitter_card":"summary_large_image","twitter_misc":{"Dur\u00e9e de lecture estim\u00e9e":"1 minute"},"schema":{"@context":"https:\/\/schema.org","@graph":[{"@type":"WebPage","@id":"https:\/\/fittwear.nl\/product\/fitt-shopper-terra\/","url":"https:\/\/fittwear.nl\/product\/fitt-shopper-terra\/","name":"FITT Shopper Terra - FITTwear.com","isPartOf":{"@id":"https:\/\/fittwear.nl\/#website"},"primaryImageOfPage":{"@id":"https:\/\/fittwear.nl\/product\/fitt-shopper-terra\/#primaryimage"},"image":{"@id":"https:\/\/fittwear.nl\/product\/fitt-shopper-terra\/#primaryimage"},"thumbnailUrl":"https:\/\/fittwear.nl\/wp-content\/uploads\/2023\/11\/ultimate-terra_P231031142242_Fullbody_jpg_4.jpg","datePublished":"2023-12-08T10:27:43+00:00","dateModified":"2026-05-01T19:28:27+00:00","description":"Que vous l'emmeniez \u00e0 la salle de sport, \u00e0 la plage ou pour une journ\u00e9e. Ce sac \u00e0 main tie dye de FITT contient tout ce dont vous avez besoin ! Le sac est fabriqu\u00e9 \u00e0 partir de mat\u00e9riaux recycl\u00e9s, poss\u00e8de des poign\u00e9es extra-longues et est de fabrication robuste.","breadcrumb":{"@id":"https:\/\/fittwear.nl\/product\/fitt-shopper-terra\/#breadcrumb"},"inLanguage":"fr-FR","potentialAction":[{"@type":"ReadAction","target":["https:\/\/fittwear.nl\/product\/fitt-shopper-terra\/"]}]},{"@type":"ImageObject","inLanguage":"fr-FR","@id":"https:\/\/fittwear.nl\/product\/fitt-shopper-terra\/#primaryimage","url":"https:\/\/fittwear.nl\/wp-content\/uploads\/2023\/11\/ultimate-terra_P231031142242_Fullbody_jpg_4.jpg","contentUrl":"https:\/\/fittwear.nl\/wp-content\/uploads\/2023\/11\/ultimate-terra_P231031142242_Fullbody_jpg_4.jpg","width":1200,"height":1800},{"@type":"BreadcrumbList","@id":"https:\/\/fittwear.nl\/product\/fitt-shopper-terra\/#breadcrumb","itemListElement":[{"@type":"ListItem","position":1,"name":"Home","item":"https:\/\/fittwear.nl\/"},{"@type":"ListItem","position":2,"name":"Shop","item":"https:\/\/fittwear.nl\/shop\/"},{"@type":"ListItem","position":3,"name":"FITT Shopper Terra"}]},{"@type":"WebSite","@id":"https:\/\/fittwear.nl\/#website","url":"https:\/\/fittwear.nl\/","name":"FITTwear.co.uk","description":"C'est le moment de briller !","publisher":{"@id":"https:\/\/fittwear.nl\/#organization"},"potentialAction":[{"@type":"SearchAction","target":{"@type":"EntryPoint","urlTemplate":"https:\/\/fittwear.nl\/?s={search_term_string}"},"query-input":{"@type":"PropertyValueSpecification","valueRequired":true,"valueName":"search_term_string"}}],"inLanguage":"fr-FR"},{"@type":"Organization","@id":"https:\/\/fittwear.nl\/#organization","name":"FITTwear.co.uk","url":"https:\/\/fittwear.nl\/","logo":{"@type":"ImageObject","inLanguage":"fr-FR","@id":"https:\/\/fittwear.nl\/#\/schema\/logo\/image\/","url":"https:\/\/fittwear.nl\/wp-content\/uploads\/2024\/07\/FITT-Logo-BeYOUtiful-website-homepage_Tekengebied-1-scaled.jpg","contentUrl":"https:\/\/fittwear.nl\/wp-content\/uploads\/2024\/07\/FITT-Logo-BeYOUtiful-website-homepage_Tekengebied-1-scaled.jpg","width":2560,"height":599,"caption":"FITTwear.nl"},"image":{"@id":"https:\/\/fittwear.nl\/#\/schema\/logo\/image\/"}}]}},"_links":{"self":[{"href":"https:\/\/fittwear.nl\/fr\/wp-json\/wp\/v2\/product\/77603","targetHints":{"allow":["GET"]}}],"collection":[{"href":"https:\/\/fittwear.nl\/fr\/wp-json\/wp\/v2\/product"}],"about":[{"href":"https:\/\/fittwear.nl\/fr\/wp-json\/wp\/v2\/types\/product"}],"wp:featuredmedia":[{"embeddable":true,"href":"https:\/\/fittwear.nl\/fr\/wp-json\/wp\/v2\/media\/81763"}],"wp:attachment":[{"href":"https:\/\/fittwear.nl\/fr\/wp-json\/wp\/v2\/media?parent=77603"}],"wp:term":[{"taxonomy":"product_brand","embeddable":true,"href":"https:\/\/fittwear.nl\/fr\/wp-json\/wp\/v2\/product_brand?post=77603"},{"taxonomy":"product_cat","embeddable":true,"href":"https:\/\/fittwear.nl\/fr\/wp-json\/wp\/v2\/product_cat?post=77603"},{"taxonomy":"product_tag","embeddable":true,"href":"https:\/\/fittwear.nl\/fr\/wp-json\/wp\/v2\/product_tag?post=77603"}],"curies":[{"name":"wp","href":"https:\/\/api.w.org\/{rel}","templated":true}]}}