{"id":79239,"date":"2023-11-17T09:02:31","date_gmt":"2023-11-17T08:02:31","guid":{"rendered":"https:\/\/fittwear.nl\/?post_type=product&#038;p=79239"},"modified":"2026-04-06T11:35:53","modified_gmt":"2026-04-06T09:35:53","slug":"soutien-gorge-de-sport-a-bretelles-essential-blanc","status":"publish","type":"product","link":"https:\/\/fittwear.nl\/fr\/product\/essential-strappy-sports-bh-white\/","title":{"rendered":"Soutien-gorge de sport \u00e0 bretelles Essential White"},"content":{"rendered":"<p>- Mati\u00e8re extensible<\/p>\n\n\n\n<p>&#8211; Stevige onderband onder de buste<\/p>\n\n\n\n<p>&#8211; Pads zijn niet uitneembaar<\/p>\n\n\n\n<p>&#8211; Leuke rugdetails<\/p>\n\n\n\n<p>&#8211; Stretchy schouderbanden<\/p>\n\n\n\n<p>- Logo imprim\u00e9 sur le devant<\/p>\n\n\n\n<p>&#8211; 80% Nylon en 20% Elastaan<\/p>\n\n\n\n<p>- Couleur : blanc<\/p>\n\n\n\n<p>- Lavable jusqu'\u00e0 30\u00b0.<\/p>\n\n\n\n<p>- Le mod\u00e8le Sophie mesure 1,75 et porte la taille S.<\/p>","protected":false},"excerpt":{"rendered":"<p>Onze Strappy Sporty BH is d\u00e9 go-to BH voor onze FITT girls die nog opzoek zijn naar een trendy en comfortabele sport BH. Nog steeds op zoek naar zo&#8217;n chill topje dat comfy is, schokken opvangt, support geeft, en past bij alles of je nu gaat rennen, zwoegen in de sportschool, knallen met HIIT, of relaxen met yoga? Onze Essential Strappy Sports BH is stylish, comfy en biedt steun. De BH is makkelijk te combineren met jouw favoriete sportleggings! Mix en match met jouw favoriete leggings of ga voor de hele set, zoals op de foto, want dit topje maakt je look helemaal af!<\/p>","protected":false},"featured_media":79918,"template":"","meta":{"_acf_changed":false},"product_brand":[],"product_cat":[4794,52,88],"product_tag":[],"class_list":{"0":"post-79239","1":"product","2":"type-product","3":"status-publish","4":"has-post-thumbnail","6":"product_cat-mindful-movement","7":"product_cat-sport-bhs","8":"product_cat-effen-sport-bhs","10":"first","11":"instock","12":"taxable","13":"shipping-taxable","14":"purchasable","15":"product-type-variable","16":"has-default-attributes"},"acf":[],"yoast_head":"<!-- This site is optimized with the Yoast SEO plugin v27.1.1 - https:\/\/yoast.com\/product\/yoast-seo-wordpress\/ -->\n<title>Essential Strappy Sports BH White - FITTwear.nl<\/title>\n<meta name=\"description\" content=\"Onze Strappy Sporty BH is d\u00e9 go-to BH voor onze FITT girls die nog opzoek zijn naar een trendy en comfortabele sport BH. Nog steeds op zoek naar zo&#039;n chill topje dat comfy is, schokken opvangt, support geeft, en past bij alles of je nu gaat rennen, zwoegen in de sportschool, knallen met HIIT, of relaxen met yoga? Onze Essential Strappy Sports BH is stylish, comfy en biedt steun. De BH is makkelijk te combineren met jouw favoriete sportleggings! Mix en match met jouw favoriete leggings of ga voor de hele set, zoals op de foto, want dit topje maakt je look helemaal af!\" \/>\n<meta name=\"robots\" content=\"index, follow, max-snippet:-1, max-image-preview:large, max-video-preview:-1\" \/>\n<link rel=\"canonical\" href=\"https:\/\/fittwear.nl\/fr\/produit-2\/soutien-gorge-de-sport-a-bretelles-essential-blanc\/\" \/>\n<meta property=\"og:locale\" content=\"fr_FR\" \/>\n<meta property=\"og:type\" content=\"article\" \/>\n<meta property=\"og:title\" content=\"Essential Strappy Sports BH White - FITTwear.nl\" \/>\n<meta property=\"og:description\" content=\"Onze Strappy Sporty BH is d\u00e9 go-to BH voor onze FITT girls die nog opzoek zijn naar een trendy en comfortabele sport BH. Nog steeds op zoek naar zo&#039;n chill topje dat comfy is, schokken opvangt, support geeft, en past bij alles of je nu gaat rennen, zwoegen in de sportschool, knallen met HIIT, of relaxen met yoga? Onze Essential Strappy Sports BH is stylish, comfy en biedt steun. De BH is makkelijk te combineren met jouw favoriete sportleggings! Mix en match met jouw favoriete leggings of ga voor de hele set, zoals op de foto, want dit topje maakt je look helemaal af!\" \/>\n<meta property=\"og:url\" content=\"https:\/\/fittwear.nl\/fr\/produit-2\/soutien-gorge-de-sport-a-bretelles-essential-blanc\/\" \/>\n<meta property=\"og:site_name\" content=\"FITTwear.nl\" \/>\n<meta property=\"article:modified_time\" content=\"2026-04-06T09:35:53+00:00\" \/>\n<meta property=\"og:image\" content=\"https:\/\/fittwear.nl\/wp-content\/uploads\/2023\/11\/unique-petrol-plus-bh-wit_Voorkant-boven_jpg_1.jpg\" \/>\n\t<meta property=\"og:image:width\" content=\"1200\" \/>\n\t<meta property=\"og:image:height\" content=\"1800\" \/>\n\t<meta property=\"og:image:type\" content=\"image\/jpeg\" \/>\n<meta name=\"twitter:card\" content=\"summary_large_image\" \/>\n<meta name=\"twitter:label1\" content=\"Dur\u00e9e de lecture estim\u00e9e\" \/>\n\t<meta name=\"twitter:data1\" content=\"1 minute\" \/>\n<script type=\"application\/ld+json\" class=\"yoast-schema-graph\">{\"@context\":\"https:\/\/schema.org\",\"@graph\":[{\"@type\":\"WebPage\",\"@id\":\"https:\/\/fittwear.nl\/product\/essential-strappy-sports-bh-white\/\",\"url\":\"https:\/\/fittwear.nl\/product\/essential-strappy-sports-bh-white\/\",\"name\":\"Essential Strappy Sports BH White - FITTwear.nl\",\"isPartOf\":{\"@id\":\"https:\/\/fittwear.nl\/#website\"},\"primaryImageOfPage\":{\"@id\":\"https:\/\/fittwear.nl\/product\/essential-strappy-sports-bh-white\/#primaryimage\"},\"image\":{\"@id\":\"https:\/\/fittwear.nl\/product\/essential-strappy-sports-bh-white\/#primaryimage\"},\"thumbnailUrl\":\"https:\/\/fittwear.nl\/wp-content\/uploads\/2023\/11\/unique-petrol-plus-bh-wit_Voorkant-boven_jpg_1.jpg\",\"datePublished\":\"2023-11-17T08:02:31+00:00\",\"dateModified\":\"2026-04-06T09:35:53+00:00\",\"description\":\"Onze Strappy Sporty BH is d\u00e9 go-to BH voor onze FITT girls die nog opzoek zijn naar een trendy en comfortabele sport BH. Nog steeds op zoek naar zo'n chill topje dat comfy is, schokken opvangt, support geeft, en past bij alles of je nu gaat rennen, zwoegen in de sportschool, knallen met HIIT, of relaxen met yoga? Onze Essential Strappy Sports BH is stylish, comfy en biedt steun. De BH is makkelijk te combineren met jouw favoriete sportleggings! Mix en match met jouw favoriete leggings of ga voor de hele set, zoals op de foto, want dit topje maakt je look helemaal af!\",\"breadcrumb\":{\"@id\":\"https:\/\/fittwear.nl\/product\/essential-strappy-sports-bh-white\/#breadcrumb\"},\"inLanguage\":\"fr-FR\",\"potentialAction\":[{\"@type\":\"ReadAction\",\"target\":[\"https:\/\/fittwear.nl\/product\/essential-strappy-sports-bh-white\/\"]}]},{\"@type\":\"ImageObject\",\"inLanguage\":\"fr-FR\",\"@id\":\"https:\/\/fittwear.nl\/product\/essential-strappy-sports-bh-white\/#primaryimage\",\"url\":\"https:\/\/fittwear.nl\/wp-content\/uploads\/2023\/11\/unique-petrol-plus-bh-wit_Voorkant-boven_jpg_1.jpg\",\"contentUrl\":\"https:\/\/fittwear.nl\/wp-content\/uploads\/2023\/11\/unique-petrol-plus-bh-wit_Voorkant-boven_jpg_1.jpg\",\"width\":1200,\"height\":1800},{\"@type\":\"BreadcrumbList\",\"@id\":\"https:\/\/fittwear.nl\/product\/essential-strappy-sports-bh-white\/#breadcrumb\",\"itemListElement\":[{\"@type\":\"ListItem\",\"position\":1,\"name\":\"Home\",\"item\":\"https:\/\/fittwear.nl\/\"},{\"@type\":\"ListItem\",\"position\":2,\"name\":\"Shop\",\"item\":\"https:\/\/fittwear.nl\/shop\/\"},{\"@type\":\"ListItem\",\"position\":3,\"name\":\"Essential Strappy Sports BH White\"}]},{\"@type\":\"WebSite\",\"@id\":\"https:\/\/fittwear.nl\/#website\",\"url\":\"https:\/\/fittwear.nl\/\",\"name\":\"FITTwear.nl\",\"description\":\"Time to shine!\",\"publisher\":{\"@id\":\"https:\/\/fittwear.nl\/#organization\"},\"potentialAction\":[{\"@type\":\"SearchAction\",\"target\":{\"@type\":\"EntryPoint\",\"urlTemplate\":\"https:\/\/fittwear.nl\/?s={search_term_string}\"},\"query-input\":{\"@type\":\"PropertyValueSpecification\",\"valueRequired\":true,\"valueName\":\"search_term_string\"}}],\"inLanguage\":\"fr-FR\"},{\"@type\":\"Organization\",\"@id\":\"https:\/\/fittwear.nl\/#organization\",\"name\":\"FITTwear.nl\",\"url\":\"https:\/\/fittwear.nl\/\",\"logo\":{\"@type\":\"ImageObject\",\"inLanguage\":\"fr-FR\",\"@id\":\"https:\/\/fittwear.nl\/#\/schema\/logo\/image\/\",\"url\":\"https:\/\/fittwear.nl\/wp-content\/uploads\/2024\/07\/FITT-Logo-BeYOUtiful-website-homepage_Tekengebied-1-scaled.jpg\",\"contentUrl\":\"https:\/\/fittwear.nl\/wp-content\/uploads\/2024\/07\/FITT-Logo-BeYOUtiful-website-homepage_Tekengebied-1-scaled.jpg\",\"width\":2560,\"height\":599,\"caption\":\"FITTwear.nl\"},\"image\":{\"@id\":\"https:\/\/fittwear.nl\/#\/schema\/logo\/image\/\"}}]}<\/script>\n<!-- \/ Yoast SEO plugin. -->","yoast_head_json":{"title":"Soutien-gorge de sport \u00e0 bretelles Essential Blanc - FITTwear.fr","description":"Notre soutien-gorge Strappy Sporty est le soutien-gorge de r\u00e9f\u00e9rence pour nos filles FITT qui recherchent toujours un soutien-gorge de sport tendance et confortable. Vous \u00eates toujours \u00e0 la recherche d'un haut confortable, qui absorbe les chocs, apporte du soutien et va avec tout, que vous couriez, travailliez dur \u00e0 la salle de sport, fassiez du HIIT ou que vous vous d\u00e9tendiez au yoga ? Notre soutien-gorge de sport \u00e0 bretelles Essential est \u00e9l\u00e9gant, confortable et offre un bon maintien. Ce soutien-gorge est facile \u00e0 combiner avec vos leggings de sport pr\u00e9f\u00e9r\u00e9s ! Associez-le \u00e0 vos leggings pr\u00e9f\u00e9r\u00e9s ou optez pour l'ensemble complet, comme sur la photo, car ce haut compl\u00e9tera votre look !","robots":{"index":"index","follow":"follow","max-snippet":"max-snippet:-1","max-image-preview":"max-image-preview:large","max-video-preview":"max-video-preview:-1"},"canonical":"https:\/\/fittwear.nl\/fr\/produit-2\/soutien-gorge-de-sport-a-bretelles-essential-blanc\/","og_locale":"fr_FR","og_type":"article","og_title":"Essential Strappy Sports BH White - FITTwear.nl","og_description":"Onze Strappy Sporty BH is d\u00e9 go-to BH voor onze FITT girls die nog opzoek zijn naar een trendy en comfortabele sport BH. Nog steeds op zoek naar zo'n chill topje dat comfy is, schokken opvangt, support geeft, en past bij alles of je nu gaat rennen, zwoegen in de sportschool, knallen met HIIT, of relaxen met yoga? Onze Essential Strappy Sports BH is stylish, comfy en biedt steun. De BH is makkelijk te combineren met jouw favoriete sportleggings! Mix en match met jouw favoriete leggings of ga voor de hele set, zoals op de foto, want dit topje maakt je look helemaal af!","og_url":"https:\/\/fittwear.nl\/fr\/produit-2\/soutien-gorge-de-sport-a-bretelles-essential-blanc\/","og_site_name":"FITTwear.nl","article_modified_time":"2026-04-06T09:35:53+00:00","og_image":[{"width":1200,"height":1800,"url":"https:\/\/fittwear.nl\/wp-content\/uploads\/2023\/11\/unique-petrol-plus-bh-wit_Voorkant-boven_jpg_1.jpg","type":"image\/jpeg"}],"twitter_card":"summary_large_image","twitter_misc":{"Dur\u00e9e de lecture estim\u00e9e":"1 minute"},"schema":{"@context":"https:\/\/schema.org","@graph":[{"@type":"WebPage","@id":"https:\/\/fittwear.nl\/product\/essential-strappy-sports-bh-white\/","url":"https:\/\/fittwear.nl\/product\/essential-strappy-sports-bh-white\/","name":"Soutien-gorge de sport \u00e0 bretelles Essential Blanc - FITTwear.fr","isPartOf":{"@id":"https:\/\/fittwear.nl\/#website"},"primaryImageOfPage":{"@id":"https:\/\/fittwear.nl\/product\/essential-strappy-sports-bh-white\/#primaryimage"},"image":{"@id":"https:\/\/fittwear.nl\/product\/essential-strappy-sports-bh-white\/#primaryimage"},"thumbnailUrl":"https:\/\/fittwear.nl\/wp-content\/uploads\/2023\/11\/unique-petrol-plus-bh-wit_Voorkant-boven_jpg_1.jpg","datePublished":"2023-11-17T08:02:31+00:00","dateModified":"2026-04-06T09:35:53+00:00","description":"Notre soutien-gorge Strappy Sporty est le soutien-gorge de r\u00e9f\u00e9rence pour nos filles FITT qui recherchent toujours un soutien-gorge de sport tendance et confortable. Vous \u00eates toujours \u00e0 la recherche d'un haut confortable, qui absorbe les chocs, apporte du soutien et va avec tout, que vous couriez, travailliez dur \u00e0 la salle de sport, fassiez du HIIT ou que vous vous d\u00e9tendiez au yoga ? Notre soutien-gorge de sport \u00e0 bretelles Essential est \u00e9l\u00e9gant, confortable et offre un bon maintien. Ce soutien-gorge est facile \u00e0 combiner avec vos leggings de sport pr\u00e9f\u00e9r\u00e9s ! Associez-le \u00e0 vos leggings pr\u00e9f\u00e9r\u00e9s ou optez pour l'ensemble complet, comme sur la photo, car ce haut compl\u00e9tera votre look !","breadcrumb":{"@id":"https:\/\/fittwear.nl\/product\/essential-strappy-sports-bh-white\/#breadcrumb"},"inLanguage":"fr-FR","potentialAction":[{"@type":"ReadAction","target":["https:\/\/fittwear.nl\/product\/essential-strappy-sports-bh-white\/"]}]},{"@type":"ImageObject","inLanguage":"fr-FR","@id":"https:\/\/fittwear.nl\/product\/essential-strappy-sports-bh-white\/#primaryimage","url":"https:\/\/fittwear.nl\/wp-content\/uploads\/2023\/11\/unique-petrol-plus-bh-wit_Voorkant-boven_jpg_1.jpg","contentUrl":"https:\/\/fittwear.nl\/wp-content\/uploads\/2023\/11\/unique-petrol-plus-bh-wit_Voorkant-boven_jpg_1.jpg","width":1200,"height":1800},{"@type":"BreadcrumbList","@id":"https:\/\/fittwear.nl\/product\/essential-strappy-sports-bh-white\/#breadcrumb","itemListElement":[{"@type":"ListItem","position":1,"name":"Home","item":"https:\/\/fittwear.nl\/"},{"@type":"ListItem","position":2,"name":"Shop","item":"https:\/\/fittwear.nl\/shop\/"},{"@type":"ListItem","position":3,"name":"Essential Strappy Sports BH White"}]},{"@type":"WebSite","@id":"https:\/\/fittwear.nl\/#website","url":"https:\/\/fittwear.nl\/","name":"FITTwear.co.uk","description":"C'est le moment de briller !","publisher":{"@id":"https:\/\/fittwear.nl\/#organization"},"potentialAction":[{"@type":"SearchAction","target":{"@type":"EntryPoint","urlTemplate":"https:\/\/fittwear.nl\/?s={search_term_string}"},"query-input":{"@type":"PropertyValueSpecification","valueRequired":true,"valueName":"search_term_string"}}],"inLanguage":"fr-FR"},{"@type":"Organization","@id":"https:\/\/fittwear.nl\/#organization","name":"FITTwear.co.uk","url":"https:\/\/fittwear.nl\/","logo":{"@type":"ImageObject","inLanguage":"fr-FR","@id":"https:\/\/fittwear.nl\/#\/schema\/logo\/image\/","url":"https:\/\/fittwear.nl\/wp-content\/uploads\/2024\/07\/FITT-Logo-BeYOUtiful-website-homepage_Tekengebied-1-scaled.jpg","contentUrl":"https:\/\/fittwear.nl\/wp-content\/uploads\/2024\/07\/FITT-Logo-BeYOUtiful-website-homepage_Tekengebied-1-scaled.jpg","width":2560,"height":599,"caption":"FITTwear.nl"},"image":{"@id":"https:\/\/fittwear.nl\/#\/schema\/logo\/image\/"}}]}},"_links":{"self":[{"href":"https:\/\/fittwear.nl\/fr\/wp-json\/wp\/v2\/product\/79239","targetHints":{"allow":["GET"]}}],"collection":[{"href":"https:\/\/fittwear.nl\/fr\/wp-json\/wp\/v2\/product"}],"about":[{"href":"https:\/\/fittwear.nl\/fr\/wp-json\/wp\/v2\/types\/product"}],"wp:featuredmedia":[{"embeddable":true,"href":"https:\/\/fittwear.nl\/fr\/wp-json\/wp\/v2\/media\/79918"}],"wp:attachment":[{"href":"https:\/\/fittwear.nl\/fr\/wp-json\/wp\/v2\/media?parent=79239"}],"wp:term":[{"taxonomy":"product_brand","embeddable":true,"href":"https:\/\/fittwear.nl\/fr\/wp-json\/wp\/v2\/product_brand?post=79239"},{"taxonomy":"product_cat","embeddable":true,"href":"https:\/\/fittwear.nl\/fr\/wp-json\/wp\/v2\/product_cat?post=79239"},{"taxonomy":"product_tag","embeddable":true,"href":"https:\/\/fittwear.nl\/fr\/wp-json\/wp\/v2\/product_tag?post=79239"}],"curies":[{"name":"wp","href":"https:\/\/api.w.org\/{rel}","templated":true}]}}