{"id":85535,"date":"2024-02-07T11:12:13","date_gmt":"2024-02-07T10:12:13","guid":{"rendered":"https:\/\/fittwear.nl\/?post_type=product&#038;p=85535"},"modified":"2026-05-07T04:27:14","modified_gmt":"2026-05-07T02:27:14","slug":"jogger-baggy-en-v-gris","status":"publish","type":"product","link":"https:\/\/fittwear.nl\/fr\/product\/v-shape-baggy-jogger-grey\/","title":{"rendered":"Jogger baggy en V Gris"},"content":{"rendered":"<p>- Forme en V sur le devant<\/p>\n\n\n\n<p>- Ceinture et chevilles extensibles<\/p>\n\n\n\n<p>- Int\u00e9rieur chaudement rembourr\u00e9<\/p>\n\n\n\n<p>- 2 poches lat\u00e9rales<\/p>\n\n\n\n<p>- Logo imprim\u00e9 sur la jambe<\/p>\n\n\n\n<p>- Couleur : Gris<\/p>\n\n\n\n<p>- Lavable jusqu'\u00e0 30\u00b0.<\/p>\n\n\n\n<p> - Laver \u00e0 l'envers !<\/p>\n\n\n\n<p>- 35% Coton, 65% Polyester<\/p>\n\n\n\n<p>- Le mod\u00e8le mesure 1,77 et porte la taille S<\/p>\n\n\n\n<p><\/p>","protected":false},"excerpt":{"rendered":"<p>D\u00e9couvrez l'alliance du confort et du style avec notre jogger baggy en V, l'article id\u00e9al pour vos moments de d\u00e9tente ou vos s\u00e9ances de sport. Ce jogger tendance est con\u00e7u pour votre confort, avec une coupe ample qui vous suit sans effort lorsque vous vous d\u00e9tendez sur le canap\u00e9 ou pendant vos s\u00e9ances de sport. D\u00e9couvrez le confort, le style et la polyvalence de cet \u00e9l\u00e9ment essentiel de votre garde-robe.  Que vous gardiez vos muscles au chaud sur le chemin de la salle de sport ou que vous vous d\u00e9tendiez sur le canap\u00e9, le Baggy Jogger V-shape garantit confort et style et s'associe facilement \u00e0 vos articles pr\u00e9f\u00e9r\u00e9s ! <strong>Veuillez noter que ce produit doit \u00eatre lav\u00e9 \u00e0 l'envers. Ce produit doit \u00eatre lav\u00e9 \u00e0 l'envers et ne concerne que le jogger, pas le short (bande color\u00e9e) que vous voyez sur la photo.<\/strong><\/p>","protected":false},"featured_media":86441,"template":"","meta":{"_acf_changed":false},"product_brand":[],"product_cat":[4814,4802,27,53,66],"product_tag":[],"class_list":{"0":"post-85535","1":"product","2":"type-product","3":"status-publish","4":"has-post-thumbnail","6":"product_cat-fitness","7":"product_cat-fitt-original","8":"product_cat-dames","9":"product_cat-sweatpants","10":"product_cat-loungewear","12":"first","13":"instock","14":"taxable","15":"shipping-taxable","16":"purchasable","17":"product-type-variable","18":"has-default-attributes"},"acf":[],"yoast_head":"<!-- This site is optimized with the Yoast SEO plugin v27.1.1 - https:\/\/yoast.com\/product\/yoast-seo-wordpress\/ -->\n<title>V-Shape Baggy Jogger Grey - FITTwear.nl<\/title>\n<meta name=\"description\" content=\"Ontdek de combinatie van comfort en stijl met onze V-shape Baggy Jogger, h\u00e9t item voor jouw ontspanningsmomenten of actieve sessies. Deze trendy jogger is ontworpen met jouw comfort in gedachten, met een baggy fit die moeiteloos met je beweegt wanneer je op de bank aan het relaxen bent of tijdens jouw actieve sessies. Beleef het comfort, de stijl en de veelzijdigheid van dit onmisbare item in jouw garderobe. \u00a0Of je nu je spieren warm houdt op weg naar de sportschool of ontspant op de bank, de V-shape Baggy Jogger staat garant voor comfort en stijl en is makkelijk te combineren met jouw favoriete items! Let op! Dit product moet binnenste buiten gewassen worden en het betreft enkel de jogger, niet de short (gekleurde band) die je op de foto ziet\" \/>\n<meta name=\"robots\" content=\"index, follow, max-snippet:-1, max-image-preview:large, max-video-preview:-1\" \/>\n<link rel=\"canonical\" href=\"https:\/\/fittwear.nl\/fr\/produit-2\/jogger-baggy-en-v-gris\/\" \/>\n<meta property=\"og:locale\" content=\"fr_FR\" \/>\n<meta property=\"og:type\" content=\"article\" \/>\n<meta property=\"og:title\" content=\"V-Shape Baggy Jogger Grey - FITTwear.nl\" \/>\n<meta property=\"og:description\" content=\"Ontdek de combinatie van comfort en stijl met onze V-shape Baggy Jogger, h\u00e9t item voor jouw ontspanningsmomenten of actieve sessies. Deze trendy jogger is ontworpen met jouw comfort in gedachten, met een baggy fit die moeiteloos met je beweegt wanneer je op de bank aan het relaxen bent of tijdens jouw actieve sessies. Beleef het comfort, de stijl en de veelzijdigheid van dit onmisbare item in jouw garderobe. \u00a0Of je nu je spieren warm houdt op weg naar de sportschool of ontspant op de bank, de V-shape Baggy Jogger staat garant voor comfort en stijl en is makkelijk te combineren met jouw favoriete items! Let op! Dit product moet binnenste buiten gewassen worden en het betreft enkel de jogger, niet de short (gekleurde band) die je op de foto ziet\" \/>\n<meta property=\"og:url\" content=\"https:\/\/fittwear.nl\/fr\/produit-2\/jogger-baggy-en-v-gris\/\" \/>\n<meta property=\"og:site_name\" content=\"FITTwear.nl\" \/>\n<meta property=\"article:modified_time\" content=\"2026-05-07T02:27:14+00:00\" \/>\n<meta property=\"og:image\" content=\"https:\/\/fittwear.nl\/wp-content\/uploads\/2024\/02\/baggy-jogger-grijs_Voorkant-onder_jpg_2.jpg\" \/>\n\t<meta property=\"og:image:width\" content=\"1200\" \/>\n\t<meta property=\"og:image:height\" content=\"1800\" \/>\n\t<meta property=\"og:image:type\" content=\"image\/jpeg\" \/>\n<meta name=\"twitter:card\" content=\"summary_large_image\" \/>\n<meta name=\"twitter:label1\" content=\"Dur\u00e9e de lecture estim\u00e9e\" \/>\n\t<meta name=\"twitter:data1\" content=\"1 minute\" \/>\n<script type=\"application\/ld+json\" class=\"yoast-schema-graph\">{\"@context\":\"https:\/\/schema.org\",\"@graph\":[{\"@type\":\"WebPage\",\"@id\":\"https:\/\/fittwear.nl\/product\/v-shape-baggy-jogger-grey\/\",\"url\":\"https:\/\/fittwear.nl\/product\/v-shape-baggy-jogger-grey\/\",\"name\":\"V-Shape Baggy Jogger Grey - FITTwear.nl\",\"isPartOf\":{\"@id\":\"https:\/\/fittwear.nl\/#website\"},\"primaryImageOfPage\":{\"@id\":\"https:\/\/fittwear.nl\/product\/v-shape-baggy-jogger-grey\/#primaryimage\"},\"image\":{\"@id\":\"https:\/\/fittwear.nl\/product\/v-shape-baggy-jogger-grey\/#primaryimage\"},\"thumbnailUrl\":\"https:\/\/fittwear.nl\/wp-content\/uploads\/2024\/02\/baggy-jogger-grijs_Voorkant-onder_jpg_2.jpg\",\"datePublished\":\"2024-02-07T10:12:13+00:00\",\"dateModified\":\"2026-05-07T02:27:14+00:00\",\"description\":\"Ontdek de combinatie van comfort en stijl met onze V-shape Baggy Jogger, h\u00e9t item voor jouw ontspanningsmomenten of actieve sessies. Deze trendy jogger is ontworpen met jouw comfort in gedachten, met een baggy fit die moeiteloos met je beweegt wanneer je op de bank aan het relaxen bent of tijdens jouw actieve sessies. Beleef het comfort, de stijl en de veelzijdigheid van dit onmisbare item in jouw garderobe. \u00a0Of je nu je spieren warm houdt op weg naar de sportschool of ontspant op de bank, de V-shape Baggy Jogger staat garant voor comfort en stijl en is makkelijk te combineren met jouw favoriete items! Let op! Dit product moet binnenste buiten gewassen worden en het betreft enkel de jogger, niet de short (gekleurde band) die je op de foto ziet\",\"breadcrumb\":{\"@id\":\"https:\/\/fittwear.nl\/product\/v-shape-baggy-jogger-grey\/#breadcrumb\"},\"inLanguage\":\"fr-FR\",\"potentialAction\":[{\"@type\":\"ReadAction\",\"target\":[\"https:\/\/fittwear.nl\/product\/v-shape-baggy-jogger-grey\/\"]}]},{\"@type\":\"ImageObject\",\"inLanguage\":\"fr-FR\",\"@id\":\"https:\/\/fittwear.nl\/product\/v-shape-baggy-jogger-grey\/#primaryimage\",\"url\":\"https:\/\/fittwear.nl\/wp-content\/uploads\/2024\/02\/baggy-jogger-grijs_Voorkant-onder_jpg_2.jpg\",\"contentUrl\":\"https:\/\/fittwear.nl\/wp-content\/uploads\/2024\/02\/baggy-jogger-grijs_Voorkant-onder_jpg_2.jpg\",\"width\":1200,\"height\":1800},{\"@type\":\"BreadcrumbList\",\"@id\":\"https:\/\/fittwear.nl\/product\/v-shape-baggy-jogger-grey\/#breadcrumb\",\"itemListElement\":[{\"@type\":\"ListItem\",\"position\":1,\"name\":\"Home\",\"item\":\"https:\/\/fittwear.nl\/\"},{\"@type\":\"ListItem\",\"position\":2,\"name\":\"Shop\",\"item\":\"https:\/\/fittwear.nl\/shop\/\"},{\"@type\":\"ListItem\",\"position\":3,\"name\":\"V-Shape Baggy Jogger Grey\"}]},{\"@type\":\"WebSite\",\"@id\":\"https:\/\/fittwear.nl\/#website\",\"url\":\"https:\/\/fittwear.nl\/\",\"name\":\"FITTwear.nl\",\"description\":\"Time to shine!\",\"publisher\":{\"@id\":\"https:\/\/fittwear.nl\/#organization\"},\"potentialAction\":[{\"@type\":\"SearchAction\",\"target\":{\"@type\":\"EntryPoint\",\"urlTemplate\":\"https:\/\/fittwear.nl\/?s={search_term_string}\"},\"query-input\":{\"@type\":\"PropertyValueSpecification\",\"valueRequired\":true,\"valueName\":\"search_term_string\"}}],\"inLanguage\":\"fr-FR\"},{\"@type\":\"Organization\",\"@id\":\"https:\/\/fittwear.nl\/#organization\",\"name\":\"FITTwear.nl\",\"url\":\"https:\/\/fittwear.nl\/\",\"logo\":{\"@type\":\"ImageObject\",\"inLanguage\":\"fr-FR\",\"@id\":\"https:\/\/fittwear.nl\/#\/schema\/logo\/image\/\",\"url\":\"https:\/\/fittwear.nl\/wp-content\/uploads\/2024\/07\/FITT-Logo-BeYOUtiful-website-homepage_Tekengebied-1-scaled.jpg\",\"contentUrl\":\"https:\/\/fittwear.nl\/wp-content\/uploads\/2024\/07\/FITT-Logo-BeYOUtiful-website-homepage_Tekengebied-1-scaled.jpg\",\"width\":2560,\"height\":599,\"caption\":\"FITTwear.nl\"},\"image\":{\"@id\":\"https:\/\/fittwear.nl\/#\/schema\/logo\/image\/\"}}]}<\/script>\n<!-- \/ Yoast SEO plugin. -->","yoast_head_json":{"title":"Pantalon de jogging V-Shape Gris - FITTwear.fr","description":"D\u00e9couvrez l'alliance du confort et du style avec notre jogger baggy en V, l'article id\u00e9al pour vos moments de d\u00e9tente ou vos s\u00e9ances de sport. Ce jogger tendance est con\u00e7u pour votre confort, avec une coupe ample qui vous suit sans effort lorsque vous vous d\u00e9tendez sur le canap\u00e9 ou lors de vos s\u00e9ances de sport. D\u00e9couvrez le confort, le style et la polyvalence de cet \u00e9l\u00e9ment essentiel de votre garde-robe.  Que vous gardiez vos muscles au chaud sur le chemin de la salle de sport ou que vous vous d\u00e9tendiez sur le canap\u00e9, le jogging baggy en V garantit confort et style et se combine facilement avec vos articles pr\u00e9f\u00e9r\u00e9s ! Attention, ce produit doit \u00eatre lav\u00e9 \u00e0 l'envers. Ce produit doit \u00eatre lav\u00e9 \u00e0 l'envers et ne concerne que le jogging, pas le short (bande color\u00e9e) que vous voyez sur la photo.","robots":{"index":"index","follow":"follow","max-snippet":"max-snippet:-1","max-image-preview":"max-image-preview:large","max-video-preview":"max-video-preview:-1"},"canonical":"https:\/\/fittwear.nl\/fr\/produit-2\/jogger-baggy-en-v-gris\/","og_locale":"fr_FR","og_type":"article","og_title":"V-Shape Baggy Jogger Grey - FITTwear.nl","og_description":"Ontdek de combinatie van comfort en stijl met onze V-shape Baggy Jogger, h\u00e9t item voor jouw ontspanningsmomenten of actieve sessies. Deze trendy jogger is ontworpen met jouw comfort in gedachten, met een baggy fit die moeiteloos met je beweegt wanneer je op de bank aan het relaxen bent of tijdens jouw actieve sessies. Beleef het comfort, de stijl en de veelzijdigheid van dit onmisbare item in jouw garderobe. \u00a0Of je nu je spieren warm houdt op weg naar de sportschool of ontspant op de bank, de V-shape Baggy Jogger staat garant voor comfort en stijl en is makkelijk te combineren met jouw favoriete items! Let op! Dit product moet binnenste buiten gewassen worden en het betreft enkel de jogger, niet de short (gekleurde band) die je op de foto ziet","og_url":"https:\/\/fittwear.nl\/fr\/produit-2\/jogger-baggy-en-v-gris\/","og_site_name":"FITTwear.nl","article_modified_time":"2026-05-07T02:27:14+00:00","og_image":[{"width":1200,"height":1800,"url":"https:\/\/fittwear.nl\/wp-content\/uploads\/2024\/02\/baggy-jogger-grijs_Voorkant-onder_jpg_2.jpg","type":"image\/jpeg"}],"twitter_card":"summary_large_image","twitter_misc":{"Dur\u00e9e de lecture estim\u00e9e":"1 minute"},"schema":{"@context":"https:\/\/schema.org","@graph":[{"@type":"WebPage","@id":"https:\/\/fittwear.nl\/product\/v-shape-baggy-jogger-grey\/","url":"https:\/\/fittwear.nl\/product\/v-shape-baggy-jogger-grey\/","name":"Pantalon de jogging V-Shape Gris - FITTwear.fr","isPartOf":{"@id":"https:\/\/fittwear.nl\/#website"},"primaryImageOfPage":{"@id":"https:\/\/fittwear.nl\/product\/v-shape-baggy-jogger-grey\/#primaryimage"},"image":{"@id":"https:\/\/fittwear.nl\/product\/v-shape-baggy-jogger-grey\/#primaryimage"},"thumbnailUrl":"https:\/\/fittwear.nl\/wp-content\/uploads\/2024\/02\/baggy-jogger-grijs_Voorkant-onder_jpg_2.jpg","datePublished":"2024-02-07T10:12:13+00:00","dateModified":"2026-05-07T02:27:14+00:00","description":"D\u00e9couvrez l'alliance du confort et du style avec notre jogger baggy en V, l'article id\u00e9al pour vos moments de d\u00e9tente ou vos s\u00e9ances de sport. Ce jogger tendance est con\u00e7u pour votre confort, avec une coupe ample qui vous suit sans effort lorsque vous vous d\u00e9tendez sur le canap\u00e9 ou lors de vos s\u00e9ances de sport. D\u00e9couvrez le confort, le style et la polyvalence de cet \u00e9l\u00e9ment essentiel de votre garde-robe.  Que vous gardiez vos muscles au chaud sur le chemin de la salle de sport ou que vous vous d\u00e9tendiez sur le canap\u00e9, le jogging baggy en V garantit confort et style et se combine facilement avec vos articles pr\u00e9f\u00e9r\u00e9s ! Attention, ce produit doit \u00eatre lav\u00e9 \u00e0 l'envers. Ce produit doit \u00eatre lav\u00e9 \u00e0 l'envers et ne concerne que le jogging, pas le short (bande color\u00e9e) que vous voyez sur la photo.","breadcrumb":{"@id":"https:\/\/fittwear.nl\/product\/v-shape-baggy-jogger-grey\/#breadcrumb"},"inLanguage":"fr-FR","potentialAction":[{"@type":"ReadAction","target":["https:\/\/fittwear.nl\/product\/v-shape-baggy-jogger-grey\/"]}]},{"@type":"ImageObject","inLanguage":"fr-FR","@id":"https:\/\/fittwear.nl\/product\/v-shape-baggy-jogger-grey\/#primaryimage","url":"https:\/\/fittwear.nl\/wp-content\/uploads\/2024\/02\/baggy-jogger-grijs_Voorkant-onder_jpg_2.jpg","contentUrl":"https:\/\/fittwear.nl\/wp-content\/uploads\/2024\/02\/baggy-jogger-grijs_Voorkant-onder_jpg_2.jpg","width":1200,"height":1800},{"@type":"BreadcrumbList","@id":"https:\/\/fittwear.nl\/product\/v-shape-baggy-jogger-grey\/#breadcrumb","itemListElement":[{"@type":"ListItem","position":1,"name":"Home","item":"https:\/\/fittwear.nl\/"},{"@type":"ListItem","position":2,"name":"Shop","item":"https:\/\/fittwear.nl\/shop\/"},{"@type":"ListItem","position":3,"name":"V-Shape Baggy Jogger Grey"}]},{"@type":"WebSite","@id":"https:\/\/fittwear.nl\/#website","url":"https:\/\/fittwear.nl\/","name":"FITTwear.co.uk","description":"C'est le moment de briller !","publisher":{"@id":"https:\/\/fittwear.nl\/#organization"},"potentialAction":[{"@type":"SearchAction","target":{"@type":"EntryPoint","urlTemplate":"https:\/\/fittwear.nl\/?s={search_term_string}"},"query-input":{"@type":"PropertyValueSpecification","valueRequired":true,"valueName":"search_term_string"}}],"inLanguage":"fr-FR"},{"@type":"Organization","@id":"https:\/\/fittwear.nl\/#organization","name":"FITTwear.co.uk","url":"https:\/\/fittwear.nl\/","logo":{"@type":"ImageObject","inLanguage":"fr-FR","@id":"https:\/\/fittwear.nl\/#\/schema\/logo\/image\/","url":"https:\/\/fittwear.nl\/wp-content\/uploads\/2024\/07\/FITT-Logo-BeYOUtiful-website-homepage_Tekengebied-1-scaled.jpg","contentUrl":"https:\/\/fittwear.nl\/wp-content\/uploads\/2024\/07\/FITT-Logo-BeYOUtiful-website-homepage_Tekengebied-1-scaled.jpg","width":2560,"height":599,"caption":"FITTwear.nl"},"image":{"@id":"https:\/\/fittwear.nl\/#\/schema\/logo\/image\/"}}]}},"_links":{"self":[{"href":"https:\/\/fittwear.nl\/fr\/wp-json\/wp\/v2\/product\/85535","targetHints":{"allow":["GET"]}}],"collection":[{"href":"https:\/\/fittwear.nl\/fr\/wp-json\/wp\/v2\/product"}],"about":[{"href":"https:\/\/fittwear.nl\/fr\/wp-json\/wp\/v2\/types\/product"}],"wp:featuredmedia":[{"embeddable":true,"href":"https:\/\/fittwear.nl\/fr\/wp-json\/wp\/v2\/media\/86441"}],"wp:attachment":[{"href":"https:\/\/fittwear.nl\/fr\/wp-json\/wp\/v2\/media?parent=85535"}],"wp:term":[{"taxonomy":"product_brand","embeddable":true,"href":"https:\/\/fittwear.nl\/fr\/wp-json\/wp\/v2\/product_brand?post=85535"},{"taxonomy":"product_cat","embeddable":true,"href":"https:\/\/fittwear.nl\/fr\/wp-json\/wp\/v2\/product_cat?post=85535"},{"taxonomy":"product_tag","embeddable":true,"href":"https:\/\/fittwear.nl\/fr\/wp-json\/wp\/v2\/product_tag?post=85535"}],"curies":[{"name":"wp","href":"https:\/\/api.w.org\/{rel}","templated":true}]}}