{"id":88788,"date":"2024-04-04T12:34:04","date_gmt":"2024-04-04T10:34:04","guid":{"rendered":"https:\/\/fittwear.nl\/?post_type=product&#038;p=88788"},"modified":"2026-04-17T01:16:45","modified_gmt":"2026-04-16T23:16:45","slug":"jogger-a-jambes-larges-noir","status":"publish","type":"product","link":"https:\/\/fittwear.nl\/fr\/product\/wide-leg-jogger-black\/","title":{"rendered":"Pantalon de jogging \u00e0 jambes larges Noir"},"content":{"rendered":"<p>- Tissu Jogger souple<\/p>\n\n\n\n<p>- Cordons de serrage \u00e0 la taille<\/p>\n\n\n\n<p>- Taille haute<\/p>\n\n\n\n<p>- Poche au dos<\/p>\n\n\n\n<p>- Mod\u00e8le \u00e0 jambe large<\/p>\n\n\n\n<p>- Logo imprim\u00e9 au dos<\/p>\n\n\n\n<p>- Couleur : noir<\/p>\n\n\n\n<p>- 50% Coton, 50% Polyester<\/p>\n\n\n\n<p>- Lavable jusqu'\u00e0 30\u00b0.<\/p>\n\n\n\n<p>- Le mod\u00e8le Donna mesure 1,82 et porte la taille L.<\/p>","protected":false},"excerpt":{"rendered":"<p>Compl\u00e9tez votre garde-robe avec ce pantalon large tendance et \u00e9l\u00e9gant ! Cet article vous permet de cr\u00e9er un look \u00e9l\u00e9gant et quotidien tout en \u00e9tant incroyablement confortable. Combiner les tendances avec la facilit\u00e9 et un look confortable, c'est maintenant possible ! Que vous portiez ce pantalon \u00e0 jambes larges pour une s\u00e9ance de yoga relaxante, que vous vous pr\u00e9lassiez sur le canap\u00e9 ou que vous l'associiez \u00e0 vos tenues quotidiennes, tout est possible ! Faites l'exp\u00e9rience du confort, de l'aisance et de la libert\u00e9 avec cet article tr\u00e8s tendance.<\/p>","protected":false},"featured_media":89316,"template":"","meta":{"_acf_changed":true},"product_brand":[],"product_cat":[4791,86,28,54,53],"product_tag":[],"class_list":{"0":"post-88788","1":"product","2":"type-product","3":"status-publish","4":"has-post-thumbnail","6":"product_cat-city-vibes","7":"product_cat-effen","8":"product_cat-leggings","9":"product_cat-new","10":"product_cat-sweatpants","12":"first","13":"outofstock","14":"taxable","15":"shipping-taxable","16":"product-type-variable","17":"has-default-attributes"},"acf":[],"yoast_head":"<!-- This site is optimized with the Yoast SEO plugin v27.1.1 - https:\/\/yoast.com\/product\/yoast-seo-wordpress\/ -->\n<title>Wide Leg Jogger Black - FITTwear.nl<\/title>\n<meta name=\"description\" content=\"Maak jouw garderobe nu compleet met deze trendy en stijlvolle Wide Leg Pants! Met dit item cre\u00eber je een stijlvolle en dagelijkse look die ontzettend comfortabel zit. Trends combineren met gemak en een comfortable look, het kan nu! Of je deze Wide Leg Pants nu aantrekt naar jouw rustgevende yoga-sessie, mee gaat loungen op de bank of hem styled met je dagelijkse kledingcombinaties, het kan allemaal! Ervaar een comfortabel gevoel, gemak, vrijheid met dit trendvolle item.\" \/>\n<meta name=\"robots\" content=\"index, follow, max-snippet:-1, max-image-preview:large, max-video-preview:-1\" \/>\n<link rel=\"canonical\" href=\"https:\/\/fittwear.nl\/fr\/produit-2\/jogger-a-jambes-larges-noir\/\" \/>\n<meta property=\"og:locale\" content=\"fr_FR\" \/>\n<meta property=\"og:type\" content=\"article\" \/>\n<meta property=\"og:title\" content=\"Wide Leg Jogger Black - FITTwear.nl\" \/>\n<meta property=\"og:description\" content=\"Maak jouw garderobe nu compleet met deze trendy en stijlvolle Wide Leg Pants! Met dit item cre\u00eber je een stijlvolle en dagelijkse look die ontzettend comfortabel zit. Trends combineren met gemak en een comfortable look, het kan nu! Of je deze Wide Leg Pants nu aantrekt naar jouw rustgevende yoga-sessie, mee gaat loungen op de bank of hem styled met je dagelijkse kledingcombinaties, het kan allemaal! Ervaar een comfortabel gevoel, gemak, vrijheid met dit trendvolle item.\" \/>\n<meta property=\"og:url\" content=\"https:\/\/fittwear.nl\/fr\/produit-2\/jogger-a-jambes-larges-noir\/\" \/>\n<meta property=\"og:site_name\" content=\"FITTwear.nl\" \/>\n<meta property=\"article:modified_time\" content=\"2026-04-16T23:16:45+00:00\" \/>\n<meta property=\"og:image\" content=\"https:\/\/fittwear.nl\/wp-content\/uploads\/2024\/03\/wide-pants_Voorkant-onder_jpg_3.jpg\" \/>\n\t<meta property=\"og:image:width\" content=\"1200\" \/>\n\t<meta property=\"og:image:height\" content=\"1800\" \/>\n\t<meta property=\"og:image:type\" content=\"image\/jpeg\" \/>\n<meta name=\"twitter:card\" content=\"summary_large_image\" \/>\n<meta name=\"twitter:label1\" content=\"Dur\u00e9e de lecture estim\u00e9e\" \/>\n\t<meta name=\"twitter:data1\" content=\"1 minute\" \/>\n<script type=\"application\/ld+json\" class=\"yoast-schema-graph\">{\"@context\":\"https:\/\/schema.org\",\"@graph\":[{\"@type\":\"WebPage\",\"@id\":\"https:\/\/fittwear.nl\/product\/wide-leg-jogger-black\/\",\"url\":\"https:\/\/fittwear.nl\/product\/wide-leg-jogger-black\/\",\"name\":\"Wide Leg Jogger Black - FITTwear.nl\",\"isPartOf\":{\"@id\":\"https:\/\/fittwear.nl\/#website\"},\"primaryImageOfPage\":{\"@id\":\"https:\/\/fittwear.nl\/product\/wide-leg-jogger-black\/#primaryimage\"},\"image\":{\"@id\":\"https:\/\/fittwear.nl\/product\/wide-leg-jogger-black\/#primaryimage\"},\"thumbnailUrl\":\"https:\/\/fittwear.nl\/wp-content\/uploads\/2024\/03\/wide-pants_Voorkant-onder_jpg_3.jpg\",\"datePublished\":\"2024-04-04T10:34:04+00:00\",\"dateModified\":\"2026-04-16T23:16:45+00:00\",\"description\":\"Maak jouw garderobe nu compleet met deze trendy en stijlvolle Wide Leg Pants! Met dit item cre\u00eber je een stijlvolle en dagelijkse look die ontzettend comfortabel zit. Trends combineren met gemak en een comfortable look, het kan nu! Of je deze Wide Leg Pants nu aantrekt naar jouw rustgevende yoga-sessie, mee gaat loungen op de bank of hem styled met je dagelijkse kledingcombinaties, het kan allemaal! Ervaar een comfortabel gevoel, gemak, vrijheid met dit trendvolle item.\",\"breadcrumb\":{\"@id\":\"https:\/\/fittwear.nl\/product\/wide-leg-jogger-black\/#breadcrumb\"},\"inLanguage\":\"fr-FR\",\"potentialAction\":[{\"@type\":\"ReadAction\",\"target\":[\"https:\/\/fittwear.nl\/product\/wide-leg-jogger-black\/\"]}]},{\"@type\":\"ImageObject\",\"inLanguage\":\"fr-FR\",\"@id\":\"https:\/\/fittwear.nl\/product\/wide-leg-jogger-black\/#primaryimage\",\"url\":\"https:\/\/fittwear.nl\/wp-content\/uploads\/2024\/03\/wide-pants_Voorkant-onder_jpg_3.jpg\",\"contentUrl\":\"https:\/\/fittwear.nl\/wp-content\/uploads\/2024\/03\/wide-pants_Voorkant-onder_jpg_3.jpg\",\"width\":1200,\"height\":1800},{\"@type\":\"BreadcrumbList\",\"@id\":\"https:\/\/fittwear.nl\/product\/wide-leg-jogger-black\/#breadcrumb\",\"itemListElement\":[{\"@type\":\"ListItem\",\"position\":1,\"name\":\"Home\",\"item\":\"https:\/\/fittwear.nl\/\"},{\"@type\":\"ListItem\",\"position\":2,\"name\":\"Shop\",\"item\":\"https:\/\/fittwear.nl\/shop\/\"},{\"@type\":\"ListItem\",\"position\":3,\"name\":\"Wide Leg Jogger Black\"}]},{\"@type\":\"WebSite\",\"@id\":\"https:\/\/fittwear.nl\/#website\",\"url\":\"https:\/\/fittwear.nl\/\",\"name\":\"FITTwear.nl\",\"description\":\"Time to shine!\",\"publisher\":{\"@id\":\"https:\/\/fittwear.nl\/#organization\"},\"potentialAction\":[{\"@type\":\"SearchAction\",\"target\":{\"@type\":\"EntryPoint\",\"urlTemplate\":\"https:\/\/fittwear.nl\/?s={search_term_string}\"},\"query-input\":{\"@type\":\"PropertyValueSpecification\",\"valueRequired\":true,\"valueName\":\"search_term_string\"}}],\"inLanguage\":\"fr-FR\"},{\"@type\":\"Organization\",\"@id\":\"https:\/\/fittwear.nl\/#organization\",\"name\":\"FITTwear.nl\",\"url\":\"https:\/\/fittwear.nl\/\",\"logo\":{\"@type\":\"ImageObject\",\"inLanguage\":\"fr-FR\",\"@id\":\"https:\/\/fittwear.nl\/#\/schema\/logo\/image\/\",\"url\":\"https:\/\/fittwear.nl\/wp-content\/uploads\/2024\/07\/FITT-Logo-BeYOUtiful-website-homepage_Tekengebied-1-scaled.jpg\",\"contentUrl\":\"https:\/\/fittwear.nl\/wp-content\/uploads\/2024\/07\/FITT-Logo-BeYOUtiful-website-homepage_Tekengebied-1-scaled.jpg\",\"width\":2560,\"height\":599,\"caption\":\"FITTwear.nl\"},\"image\":{\"@id\":\"https:\/\/fittwear.nl\/#\/schema\/logo\/image\/\"}}]}<\/script>\n<!-- \/ Yoast SEO plugin. -->","yoast_head_json":{"title":"Pantalon de jogging \u00e0 jambes larges Noir - FITTwear.fr","description":"Compl\u00e9tez votre garde-robe avec ce pantalon large tendance et \u00e9l\u00e9gant ! Cet article vous permet de cr\u00e9er un look \u00e9l\u00e9gant et quotidien tout en \u00e9tant incroyablement confortable. Combiner les tendances avec la facilit\u00e9 et un look confortable, c'est maintenant possible ! Que vous portiez ce pantalon \u00e0 jambes larges pour une s\u00e9ance de yoga relaxante, que vous vous pr\u00e9lassiez sur le canap\u00e9 ou que vous l'associiez \u00e0 vos tenues quotidiennes, tout est possible ! Faites l'exp\u00e9rience du confort, de l'aisance et de la libert\u00e9 avec cet article tr\u00e8s tendance.","robots":{"index":"index","follow":"follow","max-snippet":"max-snippet:-1","max-image-preview":"max-image-preview:large","max-video-preview":"max-video-preview:-1"},"canonical":"https:\/\/fittwear.nl\/fr\/produit-2\/jogger-a-jambes-larges-noir\/","og_locale":"fr_FR","og_type":"article","og_title":"Wide Leg Jogger Black - FITTwear.nl","og_description":"Maak jouw garderobe nu compleet met deze trendy en stijlvolle Wide Leg Pants! Met dit item cre\u00eber je een stijlvolle en dagelijkse look die ontzettend comfortabel zit. Trends combineren met gemak en een comfortable look, het kan nu! Of je deze Wide Leg Pants nu aantrekt naar jouw rustgevende yoga-sessie, mee gaat loungen op de bank of hem styled met je dagelijkse kledingcombinaties, het kan allemaal! Ervaar een comfortabel gevoel, gemak, vrijheid met dit trendvolle item.","og_url":"https:\/\/fittwear.nl\/fr\/produit-2\/jogger-a-jambes-larges-noir\/","og_site_name":"FITTwear.nl","article_modified_time":"2026-04-16T23:16:45+00:00","og_image":[{"width":1200,"height":1800,"url":"https:\/\/fittwear.nl\/wp-content\/uploads\/2024\/03\/wide-pants_Voorkant-onder_jpg_3.jpg","type":"image\/jpeg"}],"twitter_card":"summary_large_image","twitter_misc":{"Dur\u00e9e de lecture estim\u00e9e":"1 minute"},"schema":{"@context":"https:\/\/schema.org","@graph":[{"@type":"WebPage","@id":"https:\/\/fittwear.nl\/product\/wide-leg-jogger-black\/","url":"https:\/\/fittwear.nl\/product\/wide-leg-jogger-black\/","name":"Pantalon de jogging \u00e0 jambes larges Noir - FITTwear.fr","isPartOf":{"@id":"https:\/\/fittwear.nl\/#website"},"primaryImageOfPage":{"@id":"https:\/\/fittwear.nl\/product\/wide-leg-jogger-black\/#primaryimage"},"image":{"@id":"https:\/\/fittwear.nl\/product\/wide-leg-jogger-black\/#primaryimage"},"thumbnailUrl":"https:\/\/fittwear.nl\/wp-content\/uploads\/2024\/03\/wide-pants_Voorkant-onder_jpg_3.jpg","datePublished":"2024-04-04T10:34:04+00:00","dateModified":"2026-04-16T23:16:45+00:00","description":"Compl\u00e9tez votre garde-robe avec ce pantalon large tendance et \u00e9l\u00e9gant ! Cet article vous permet de cr\u00e9er un look \u00e9l\u00e9gant et quotidien tout en \u00e9tant incroyablement confortable. Combiner les tendances avec la facilit\u00e9 et un look confortable, c'est maintenant possible ! Que vous portiez ce pantalon \u00e0 jambes larges pour une s\u00e9ance de yoga relaxante, que vous vous pr\u00e9lassiez sur le canap\u00e9 ou que vous l'associiez \u00e0 vos tenues quotidiennes, tout est possible ! Faites l'exp\u00e9rience du confort, de l'aisance et de la libert\u00e9 avec cet article tr\u00e8s tendance.","breadcrumb":{"@id":"https:\/\/fittwear.nl\/product\/wide-leg-jogger-black\/#breadcrumb"},"inLanguage":"fr-FR","potentialAction":[{"@type":"ReadAction","target":["https:\/\/fittwear.nl\/product\/wide-leg-jogger-black\/"]}]},{"@type":"ImageObject","inLanguage":"fr-FR","@id":"https:\/\/fittwear.nl\/product\/wide-leg-jogger-black\/#primaryimage","url":"https:\/\/fittwear.nl\/wp-content\/uploads\/2024\/03\/wide-pants_Voorkant-onder_jpg_3.jpg","contentUrl":"https:\/\/fittwear.nl\/wp-content\/uploads\/2024\/03\/wide-pants_Voorkant-onder_jpg_3.jpg","width":1200,"height":1800},{"@type":"BreadcrumbList","@id":"https:\/\/fittwear.nl\/product\/wide-leg-jogger-black\/#breadcrumb","itemListElement":[{"@type":"ListItem","position":1,"name":"Home","item":"https:\/\/fittwear.nl\/"},{"@type":"ListItem","position":2,"name":"Shop","item":"https:\/\/fittwear.nl\/shop\/"},{"@type":"ListItem","position":3,"name":"Wide Leg Jogger Black"}]},{"@type":"WebSite","@id":"https:\/\/fittwear.nl\/#website","url":"https:\/\/fittwear.nl\/","name":"FITTwear.co.uk","description":"C'est le moment de briller !","publisher":{"@id":"https:\/\/fittwear.nl\/#organization"},"potentialAction":[{"@type":"SearchAction","target":{"@type":"EntryPoint","urlTemplate":"https:\/\/fittwear.nl\/?s={search_term_string}"},"query-input":{"@type":"PropertyValueSpecification","valueRequired":true,"valueName":"search_term_string"}}],"inLanguage":"fr-FR"},{"@type":"Organization","@id":"https:\/\/fittwear.nl\/#organization","name":"FITTwear.co.uk","url":"https:\/\/fittwear.nl\/","logo":{"@type":"ImageObject","inLanguage":"fr-FR","@id":"https:\/\/fittwear.nl\/#\/schema\/logo\/image\/","url":"https:\/\/fittwear.nl\/wp-content\/uploads\/2024\/07\/FITT-Logo-BeYOUtiful-website-homepage_Tekengebied-1-scaled.jpg","contentUrl":"https:\/\/fittwear.nl\/wp-content\/uploads\/2024\/07\/FITT-Logo-BeYOUtiful-website-homepage_Tekengebied-1-scaled.jpg","width":2560,"height":599,"caption":"FITTwear.nl"},"image":{"@id":"https:\/\/fittwear.nl\/#\/schema\/logo\/image\/"}}]}},"_links":{"self":[{"href":"https:\/\/fittwear.nl\/fr\/wp-json\/wp\/v2\/product\/88788","targetHints":{"allow":["GET"]}}],"collection":[{"href":"https:\/\/fittwear.nl\/fr\/wp-json\/wp\/v2\/product"}],"about":[{"href":"https:\/\/fittwear.nl\/fr\/wp-json\/wp\/v2\/types\/product"}],"wp:featuredmedia":[{"embeddable":true,"href":"https:\/\/fittwear.nl\/fr\/wp-json\/wp\/v2\/media\/89316"}],"wp:attachment":[{"href":"https:\/\/fittwear.nl\/fr\/wp-json\/wp\/v2\/media?parent=88788"}],"wp:term":[{"taxonomy":"product_brand","embeddable":true,"href":"https:\/\/fittwear.nl\/fr\/wp-json\/wp\/v2\/product_brand?post=88788"},{"taxonomy":"product_cat","embeddable":true,"href":"https:\/\/fittwear.nl\/fr\/wp-json\/wp\/v2\/product_cat?post=88788"},{"taxonomy":"product_tag","embeddable":true,"href":"https:\/\/fittwear.nl\/fr\/wp-json\/wp\/v2\/product_tag?post=88788"}],"curies":[{"name":"wp","href":"https:\/\/api.w.org\/{rel}","templated":true}]}}