{"id":88793,"date":"2024-04-05T13:31:58","date_gmt":"2024-04-05T11:31:58","guid":{"rendered":"https:\/\/fittwear.nl\/?post_type=product&#038;p=88793"},"modified":"2026-04-17T01:16:46","modified_gmt":"2026-04-16T23:16:46","slug":"legging-cotele-a-jambe-large-noir","status":"publish","type":"product","link":"https:\/\/fittwear.nl\/fr\/product\/wide-leg-rib-legging-black\/","title":{"rendered":"Legging large \u00e0 c\u00f4tes Noir"},"content":{"rendered":"<p>- Tissu extensible<\/p>\n\n\n\n<p>- Taille haute<\/p>\n\n\n\n<p>- Tissu c\u00f4tel\u00e9<\/p>\n\n\n\n<p>- Coupe jambe large<\/p>\n\n\n\n<p>- Logo sur le devant<\/p>\n\n\n\n<p>- 78% Nylon, 22% Spandex<\/p>\n\n\n\n<p>- Couleur : noir<\/p>\n\n\n\n<p>- Lavable jusqu'\u00e0 30\u00b0.<\/p>\n\n\n\n<p>- Le mod\u00e8le Donna mesure 1,82 et porte la taille L.<\/p>","protected":false},"excerpt":{"rendered":"<p>Le pantalon c\u00f4tel\u00e9 \u00e0 jambe large est un incontournable de votre collection ! Gr\u00e2ce \u00e0 sa coupe large, sa taille haute et son tissu extensible, c'est un pantalon que vous pouvez porter en toute occasion. Ce pantalon est un v\u00e9ritable favori lorsqu'il s'agit de le styliser. Que vous souhaitiez l'utiliser pendant votre s\u00e9ance d'entra\u00eenement, une s\u00e9ance de yoga en pleine conscience ou l'associer \u00e0 votre look de tous les jours, le pantalon large \u00e0 c\u00f4tes peut tout faire. Le tissu c\u00f4tel\u00e9 lui conf\u00e8re un aspect flatteur et en fait un pantalon \u00e0 jambe large diff\u00e9rent des autres pantalons. Associ\u00e9 \u00e0 la finition avec logo, ce pantalon vous apporte tout le confort n\u00e9cessaire. Libert\u00e9 de mouvement, aisance et style sont les mots cl\u00e9s pour d\u00e9crire ce pantalon tr\u00e8s tendance ! Comment le porterez-vous ?<\/p>","protected":false},"featured_media":89414,"template":"","meta":{"_acf_changed":true},"product_brand":[],"product_cat":[4791,4799,54,28,86,53,65],"product_tag":[],"class_list":{"0":"post-88793","1":"product","2":"type-product","3":"status-publish","4":"has-post-thumbnail","6":"product_cat-city-vibes","7":"product_cat-structures","8":"product_cat-new","9":"product_cat-leggings","10":"product_cat-effen","11":"product_cat-sweatpants","12":"product_cat-yogakleding","14":"first","15":"outofstock","16":"taxable","17":"shipping-taxable","18":"product-type-variable","19":"has-default-attributes"},"acf":[],"yoast_head":"<!-- This site is optimized with the Yoast SEO plugin v27.1.1 - https:\/\/yoast.com\/product\/yoast-seo-wordpress\/ -->\n<title>Wide Leg Rib Legging Black - FITTwear.nl<\/title>\n<meta name=\"description\" content=\"De Wide Leg Rib Pants is een musthave binnen jouw collectie! Dankzij de wijde pasvorm, de hoge tailleband en de stretch in de stof is dit d\u00e9 broek die je kan aantrekken bij alle gelegenheden. De broek is echt een favoriet als het aankomt op het gebied van styling. Of je hem nu wilt gebruiken tijdens jouw work-out, een mindfullnes yoga-sessie of hem styled met je daily look, met de Wide Leg Rib Pants kan het allemaal. De rib stof geeft een flateuze look en maakt het niet zomaar een wide leg pants. Samen met de afwerking met het logo is dit een broek die jou van alle gemakken voorziet. Bewegingsvrijheid, gemak en stijlvol zijn de key-words om deze trendvolle broek te omschrijven! Hoe ga jij hem stylen?\" \/>\n<meta name=\"robots\" content=\"index, follow, max-snippet:-1, max-image-preview:large, max-video-preview:-1\" \/>\n<link rel=\"canonical\" href=\"https:\/\/fittwear.nl\/fr\/produit-2\/legging-cotele-a-jambe-large-noir\/\" \/>\n<meta property=\"og:locale\" content=\"fr_FR\" \/>\n<meta property=\"og:type\" content=\"article\" \/>\n<meta property=\"og:title\" content=\"Wide Leg Rib Legging Black - FITTwear.nl\" \/>\n<meta property=\"og:description\" content=\"De Wide Leg Rib Pants is een musthave binnen jouw collectie! Dankzij de wijde pasvorm, de hoge tailleband en de stretch in de stof is dit d\u00e9 broek die je kan aantrekken bij alle gelegenheden. De broek is echt een favoriet als het aankomt op het gebied van styling. Of je hem nu wilt gebruiken tijdens jouw work-out, een mindfullnes yoga-sessie of hem styled met je daily look, met de Wide Leg Rib Pants kan het allemaal. De rib stof geeft een flateuze look en maakt het niet zomaar een wide leg pants. Samen met de afwerking met het logo is dit een broek die jou van alle gemakken voorziet. Bewegingsvrijheid, gemak en stijlvol zijn de key-words om deze trendvolle broek te omschrijven! Hoe ga jij hem stylen?\" \/>\n<meta property=\"og:url\" content=\"https:\/\/fittwear.nl\/fr\/produit-2\/legging-cotele-a-jambe-large-noir\/\" \/>\n<meta property=\"og:site_name\" content=\"FITTwear.nl\" \/>\n<meta property=\"article:modified_time\" content=\"2026-04-16T23:16:46+00:00\" \/>\n<meta property=\"og:image\" content=\"https:\/\/fittwear.nl\/wp-content\/uploads\/2024\/04\/wide-leg-rib_Achterkant-onder_jpg_1.jpg\" \/>\n\t<meta property=\"og:image:width\" content=\"1200\" \/>\n\t<meta property=\"og:image:height\" content=\"1800\" \/>\n\t<meta property=\"og:image:type\" content=\"image\/jpeg\" \/>\n<meta name=\"twitter:card\" content=\"summary_large_image\" \/>\n<meta name=\"twitter:label1\" content=\"Dur\u00e9e de lecture estim\u00e9e\" \/>\n\t<meta name=\"twitter:data1\" content=\"1 minute\" \/>\n<script type=\"application\/ld+json\" class=\"yoast-schema-graph\">{\"@context\":\"https:\/\/schema.org\",\"@graph\":[{\"@type\":\"WebPage\",\"@id\":\"https:\/\/fittwear.nl\/product\/wide-leg-rib-legging-black\/\",\"url\":\"https:\/\/fittwear.nl\/product\/wide-leg-rib-legging-black\/\",\"name\":\"Wide Leg Rib Legging Black - FITTwear.nl\",\"isPartOf\":{\"@id\":\"https:\/\/fittwear.nl\/#website\"},\"primaryImageOfPage\":{\"@id\":\"https:\/\/fittwear.nl\/product\/wide-leg-rib-legging-black\/#primaryimage\"},\"image\":{\"@id\":\"https:\/\/fittwear.nl\/product\/wide-leg-rib-legging-black\/#primaryimage\"},\"thumbnailUrl\":\"https:\/\/fittwear.nl\/wp-content\/uploads\/2024\/04\/wide-leg-rib_Achterkant-onder_jpg_1.jpg\",\"datePublished\":\"2024-04-05T11:31:58+00:00\",\"dateModified\":\"2026-04-16T23:16:46+00:00\",\"description\":\"De Wide Leg Rib Pants is een musthave binnen jouw collectie! Dankzij de wijde pasvorm, de hoge tailleband en de stretch in de stof is dit d\u00e9 broek die je kan aantrekken bij alle gelegenheden. De broek is echt een favoriet als het aankomt op het gebied van styling. Of je hem nu wilt gebruiken tijdens jouw work-out, een mindfullnes yoga-sessie of hem styled met je daily look, met de Wide Leg Rib Pants kan het allemaal. De rib stof geeft een flateuze look en maakt het niet zomaar een wide leg pants. Samen met de afwerking met het logo is dit een broek die jou van alle gemakken voorziet. Bewegingsvrijheid, gemak en stijlvol zijn de key-words om deze trendvolle broek te omschrijven! Hoe ga jij hem stylen?\",\"breadcrumb\":{\"@id\":\"https:\/\/fittwear.nl\/product\/wide-leg-rib-legging-black\/#breadcrumb\"},\"inLanguage\":\"fr-FR\",\"potentialAction\":[{\"@type\":\"ReadAction\",\"target\":[\"https:\/\/fittwear.nl\/product\/wide-leg-rib-legging-black\/\"]}]},{\"@type\":\"ImageObject\",\"inLanguage\":\"fr-FR\",\"@id\":\"https:\/\/fittwear.nl\/product\/wide-leg-rib-legging-black\/#primaryimage\",\"url\":\"https:\/\/fittwear.nl\/wp-content\/uploads\/2024\/04\/wide-leg-rib_Achterkant-onder_jpg_1.jpg\",\"contentUrl\":\"https:\/\/fittwear.nl\/wp-content\/uploads\/2024\/04\/wide-leg-rib_Achterkant-onder_jpg_1.jpg\",\"width\":1200,\"height\":1800},{\"@type\":\"BreadcrumbList\",\"@id\":\"https:\/\/fittwear.nl\/product\/wide-leg-rib-legging-black\/#breadcrumb\",\"itemListElement\":[{\"@type\":\"ListItem\",\"position\":1,\"name\":\"Home\",\"item\":\"https:\/\/fittwear.nl\/\"},{\"@type\":\"ListItem\",\"position\":2,\"name\":\"Shop\",\"item\":\"https:\/\/fittwear.nl\/shop\/\"},{\"@type\":\"ListItem\",\"position\":3,\"name\":\"Wide Leg Rib Legging Black\"}]},{\"@type\":\"WebSite\",\"@id\":\"https:\/\/fittwear.nl\/#website\",\"url\":\"https:\/\/fittwear.nl\/\",\"name\":\"FITTwear.nl\",\"description\":\"Time to shine!\",\"publisher\":{\"@id\":\"https:\/\/fittwear.nl\/#organization\"},\"potentialAction\":[{\"@type\":\"SearchAction\",\"target\":{\"@type\":\"EntryPoint\",\"urlTemplate\":\"https:\/\/fittwear.nl\/?s={search_term_string}\"},\"query-input\":{\"@type\":\"PropertyValueSpecification\",\"valueRequired\":true,\"valueName\":\"search_term_string\"}}],\"inLanguage\":\"fr-FR\"},{\"@type\":\"Organization\",\"@id\":\"https:\/\/fittwear.nl\/#organization\",\"name\":\"FITTwear.nl\",\"url\":\"https:\/\/fittwear.nl\/\",\"logo\":{\"@type\":\"ImageObject\",\"inLanguage\":\"fr-FR\",\"@id\":\"https:\/\/fittwear.nl\/#\/schema\/logo\/image\/\",\"url\":\"https:\/\/fittwear.nl\/wp-content\/uploads\/2024\/07\/FITT-Logo-BeYOUtiful-website-homepage_Tekengebied-1-scaled.jpg\",\"contentUrl\":\"https:\/\/fittwear.nl\/wp-content\/uploads\/2024\/07\/FITT-Logo-BeYOUtiful-website-homepage_Tekengebied-1-scaled.jpg\",\"width\":2560,\"height\":599,\"caption\":\"FITTwear.nl\"},\"image\":{\"@id\":\"https:\/\/fittwear.nl\/#\/schema\/logo\/image\/\"}}]}<\/script>\n<!-- \/ Yoast SEO plugin. -->","yoast_head_json":{"title":"Legging large \u00e0 c\u00f4tes Noir - FITTwear.fr","description":"Le pantalon c\u00f4tel\u00e9 \u00e0 jambe large est un incontournable de votre collection ! Gr\u00e2ce \u00e0 sa coupe large, sa taille haute et son tissu extensible, c'est un pantalon que vous pouvez porter en toute occasion. Ce pantalon est un v\u00e9ritable favori lorsqu'il s'agit de le styliser. Que vous souhaitiez l'utiliser pendant votre s\u00e9ance d'entra\u00eenement, une s\u00e9ance de yoga en pleine conscience ou l'associer \u00e0 votre look de tous les jours, le pantalon large \u00e0 c\u00f4tes peut tout faire. Le tissu c\u00f4tel\u00e9 lui conf\u00e8re un aspect flatteur et en fait un pantalon \u00e0 jambe large diff\u00e9rent des autres pantalons. Associ\u00e9 \u00e0 la finition avec logo, ce pantalon vous apporte tout le confort n\u00e9cessaire. Libert\u00e9 de mouvement, aisance et style sont les mots cl\u00e9s pour d\u00e9crire ce pantalon tr\u00e8s tendance ! Comment le porterez-vous ?","robots":{"index":"index","follow":"follow","max-snippet":"max-snippet:-1","max-image-preview":"max-image-preview:large","max-video-preview":"max-video-preview:-1"},"canonical":"https:\/\/fittwear.nl\/fr\/produit-2\/legging-cotele-a-jambe-large-noir\/","og_locale":"fr_FR","og_type":"article","og_title":"Wide Leg Rib Legging Black - FITTwear.nl","og_description":"De Wide Leg Rib Pants is een musthave binnen jouw collectie! Dankzij de wijde pasvorm, de hoge tailleband en de stretch in de stof is dit d\u00e9 broek die je kan aantrekken bij alle gelegenheden. De broek is echt een favoriet als het aankomt op het gebied van styling. Of je hem nu wilt gebruiken tijdens jouw work-out, een mindfullnes yoga-sessie of hem styled met je daily look, met de Wide Leg Rib Pants kan het allemaal. De rib stof geeft een flateuze look en maakt het niet zomaar een wide leg pants. Samen met de afwerking met het logo is dit een broek die jou van alle gemakken voorziet. Bewegingsvrijheid, gemak en stijlvol zijn de key-words om deze trendvolle broek te omschrijven! Hoe ga jij hem stylen?","og_url":"https:\/\/fittwear.nl\/fr\/produit-2\/legging-cotele-a-jambe-large-noir\/","og_site_name":"FITTwear.nl","article_modified_time":"2026-04-16T23:16:46+00:00","og_image":[{"width":1200,"height":1800,"url":"https:\/\/fittwear.nl\/wp-content\/uploads\/2024\/04\/wide-leg-rib_Achterkant-onder_jpg_1.jpg","type":"image\/jpeg"}],"twitter_card":"summary_large_image","twitter_misc":{"Dur\u00e9e de lecture estim\u00e9e":"1 minute"},"schema":{"@context":"https:\/\/schema.org","@graph":[{"@type":"WebPage","@id":"https:\/\/fittwear.nl\/product\/wide-leg-rib-legging-black\/","url":"https:\/\/fittwear.nl\/product\/wide-leg-rib-legging-black\/","name":"Legging large \u00e0 c\u00f4tes Noir - FITTwear.fr","isPartOf":{"@id":"https:\/\/fittwear.nl\/#website"},"primaryImageOfPage":{"@id":"https:\/\/fittwear.nl\/product\/wide-leg-rib-legging-black\/#primaryimage"},"image":{"@id":"https:\/\/fittwear.nl\/product\/wide-leg-rib-legging-black\/#primaryimage"},"thumbnailUrl":"https:\/\/fittwear.nl\/wp-content\/uploads\/2024\/04\/wide-leg-rib_Achterkant-onder_jpg_1.jpg","datePublished":"2024-04-05T11:31:58+00:00","dateModified":"2026-04-16T23:16:46+00:00","description":"Le pantalon c\u00f4tel\u00e9 \u00e0 jambe large est un incontournable de votre collection ! Gr\u00e2ce \u00e0 sa coupe large, sa taille haute et son tissu extensible, c'est un pantalon que vous pouvez porter en toute occasion. Ce pantalon est un v\u00e9ritable favori lorsqu'il s'agit de le styliser. Que vous souhaitiez l'utiliser pendant votre s\u00e9ance d'entra\u00eenement, une s\u00e9ance de yoga en pleine conscience ou l'associer \u00e0 votre look de tous les jours, le pantalon large \u00e0 c\u00f4tes peut tout faire. Le tissu c\u00f4tel\u00e9 lui conf\u00e8re un aspect flatteur et en fait un pantalon \u00e0 jambe large diff\u00e9rent des autres pantalons. Associ\u00e9 \u00e0 la finition avec logo, ce pantalon vous apporte tout le confort n\u00e9cessaire. Libert\u00e9 de mouvement, aisance et style sont les mots cl\u00e9s pour d\u00e9crire ce pantalon tr\u00e8s tendance ! Comment le porterez-vous ?","breadcrumb":{"@id":"https:\/\/fittwear.nl\/product\/wide-leg-rib-legging-black\/#breadcrumb"},"inLanguage":"fr-FR","potentialAction":[{"@type":"ReadAction","target":["https:\/\/fittwear.nl\/product\/wide-leg-rib-legging-black\/"]}]},{"@type":"ImageObject","inLanguage":"fr-FR","@id":"https:\/\/fittwear.nl\/product\/wide-leg-rib-legging-black\/#primaryimage","url":"https:\/\/fittwear.nl\/wp-content\/uploads\/2024\/04\/wide-leg-rib_Achterkant-onder_jpg_1.jpg","contentUrl":"https:\/\/fittwear.nl\/wp-content\/uploads\/2024\/04\/wide-leg-rib_Achterkant-onder_jpg_1.jpg","width":1200,"height":1800},{"@type":"BreadcrumbList","@id":"https:\/\/fittwear.nl\/product\/wide-leg-rib-legging-black\/#breadcrumb","itemListElement":[{"@type":"ListItem","position":1,"name":"Home","item":"https:\/\/fittwear.nl\/"},{"@type":"ListItem","position":2,"name":"Shop","item":"https:\/\/fittwear.nl\/shop\/"},{"@type":"ListItem","position":3,"name":"Wide Leg Rib Legging Black"}]},{"@type":"WebSite","@id":"https:\/\/fittwear.nl\/#website","url":"https:\/\/fittwear.nl\/","name":"FITTwear.co.uk","description":"C'est le moment de briller !","publisher":{"@id":"https:\/\/fittwear.nl\/#organization"},"potentialAction":[{"@type":"SearchAction","target":{"@type":"EntryPoint","urlTemplate":"https:\/\/fittwear.nl\/?s={search_term_string}"},"query-input":{"@type":"PropertyValueSpecification","valueRequired":true,"valueName":"search_term_string"}}],"inLanguage":"fr-FR"},{"@type":"Organization","@id":"https:\/\/fittwear.nl\/#organization","name":"FITTwear.co.uk","url":"https:\/\/fittwear.nl\/","logo":{"@type":"ImageObject","inLanguage":"fr-FR","@id":"https:\/\/fittwear.nl\/#\/schema\/logo\/image\/","url":"https:\/\/fittwear.nl\/wp-content\/uploads\/2024\/07\/FITT-Logo-BeYOUtiful-website-homepage_Tekengebied-1-scaled.jpg","contentUrl":"https:\/\/fittwear.nl\/wp-content\/uploads\/2024\/07\/FITT-Logo-BeYOUtiful-website-homepage_Tekengebied-1-scaled.jpg","width":2560,"height":599,"caption":"FITTwear.nl"},"image":{"@id":"https:\/\/fittwear.nl\/#\/schema\/logo\/image\/"}}]}},"_links":{"self":[{"href":"https:\/\/fittwear.nl\/fr\/wp-json\/wp\/v2\/product\/88793","targetHints":{"allow":["GET"]}}],"collection":[{"href":"https:\/\/fittwear.nl\/fr\/wp-json\/wp\/v2\/product"}],"about":[{"href":"https:\/\/fittwear.nl\/fr\/wp-json\/wp\/v2\/types\/product"}],"wp:featuredmedia":[{"embeddable":true,"href":"https:\/\/fittwear.nl\/fr\/wp-json\/wp\/v2\/media\/89414"}],"wp:attachment":[{"href":"https:\/\/fittwear.nl\/fr\/wp-json\/wp\/v2\/media?parent=88793"}],"wp:term":[{"taxonomy":"product_brand","embeddable":true,"href":"https:\/\/fittwear.nl\/fr\/wp-json\/wp\/v2\/product_brand?post=88793"},{"taxonomy":"product_cat","embeddable":true,"href":"https:\/\/fittwear.nl\/fr\/wp-json\/wp\/v2\/product_cat?post=88793"},{"taxonomy":"product_tag","embeddable":true,"href":"https:\/\/fittwear.nl\/fr\/wp-json\/wp\/v2\/product_tag?post=88793"}],"curies":[{"name":"wp","href":"https:\/\/api.w.org\/{rel}","templated":true}]}}