{"id":88803,"date":"2024-04-04T11:19:47","date_gmt":"2024-04-04T09:19:47","guid":{"rendered":"https:\/\/fittwear.nl\/?post_type=product&#038;p=88803"},"modified":"2026-04-26T13:38:03","modified_gmt":"2026-04-26T11:38:03","slug":"shortuit-a-chouchou-au-bas-du-dos-noir","status":"publish","type":"product","link":"https:\/\/fittwear.nl\/fr\/product\/low-back-scrunch-shortsuit-black\/","title":{"rendered":"Combinaison courte \u00e0 dos \u00e9chancr\u00e9 noir"},"content":{"rendered":"<p>&#8211; Laag uitgesneden rug<\/p>\n\n\n\n<p>&#8211; Met Scrunch<\/p>\n\n\n\n<p>&#8211; Ronde hals<\/p>\n\n\n\n<p>&#8211; Contourlijnen aan de zijkant en achterzijde<\/p>\n\n\n\n<p>&#8211; Stretchy stof en schouderbanden<\/p>\n\n\n\n<p>- Couleur : noir<\/p>\n\n\n\n<p>&#8211; Stof: 87% Nylon, 13% Elastaan<\/p>\n\n\n\n<p>- Lavable jusqu'\u00e0 30\u00b0.<\/p>\n\n\n\n<p> - Le mod\u00e8le Donna mesure 1,82 et porte la taille L.<\/p>","protected":false},"excerpt":{"rendered":"<p>Combinaison tendance, \u00e9l\u00e9gante et confortable \u00e0 la fois pour votre entra\u00eenement ou lorsque vous la portez dans la vie de tous les jours. La combinaison-short \u00e0 dos bas est un ajout \u00e0 votre garde-robe, non seulement un article id\u00e9al pour votre entra\u00eenement, mais aussi tr\u00e8s \u00e9l\u00e9gant lorsque vous la portez dans votre vie quotidienne et que vous la terminez \u00e9ventuellement avec un blazer. Extensible, confortable, amincissant et ne glissant pas pendant votre entra\u00eenement intense, que voulez-vous de plus ? Exp\u00e9rimentez le sentiment de libert\u00e9 dans ce que vous faites avec cette superbe combinaison-short. Id\u00e9al pour l'\u00e9t\u00e9 ou pour les s\u00e9ances d'entra\u00eenement intenses qui vous donnent chaud. L'extensibilit\u00e9 et l'effet amincissant garantissent un ajustement parfait \u00e0 votre corps !<\/p>","protected":false},"featured_media":89285,"template":"","meta":{"_acf_changed":false},"product_brand":[],"product_cat":[4791,4814,4868,27,93,4285,63,65],"product_tag":[],"class_list":{"0":"post-88803","1":"product","2":"type-product","3":"status-publish","4":"has-post-thumbnail","6":"product_cat-city-vibes","7":"product_cat-fitness","8":"product_cat-sportjumpsuits","9":"product_cat-dames","10":"product_cat-shorts","11":"product_cat-scrunch-shorts","12":"product_cat-curves","13":"product_cat-yogakleding","15":"first","16":"instock","17":"taxable","18":"shipping-taxable","19":"purchasable","20":"product-type-variable","21":"has-default-attributes"},"acf":[],"yoast_head":"<!-- This site is optimized with the Yoast SEO plugin v27.1.1 - https:\/\/yoast.com\/product\/yoast-seo-wordpress\/ -->\n<title>Low Back Scrunch Shortsuit Black - FITTwear.nl<\/title>\n<meta name=\"description\" content=\"Trendy jumpsuit, stylish en comfort in een voor tijdens jouw workout of wanneer je hem draagt in je dagelijkse routine. De Low Back Shortsuit is een toevoeging voor in jouw kledingkast, niet alleen is het een fantastisch item voor tijdens het sporten, maar ook erg stylish door hem te dragen in het dagelijks leven en eventueel af te stijlen met een blazer. Stretchy, comfort, slimming en zakt niet af tijdens jouw intensieve workout, wat wil je nog meer? Ervaar het gevoel van vrijheid in hetgeen wat je doet met deze geweldige Shortsuit. Ideaal voor in de zomer of tijdens de intensieve workouts waar je het warm van krijgt. De stretch en het slimming effect zorgen voor de perfecte pasvorm voor jouw lichaam!\" \/>\n<meta name=\"robots\" content=\"index, follow, max-snippet:-1, max-image-preview:large, max-video-preview:-1\" \/>\n<link rel=\"canonical\" href=\"https:\/\/fittwear.nl\/fr\/produit-2\/shortuit-a-chouchou-au-bas-du-dos-noir\/\" \/>\n<meta property=\"og:locale\" content=\"fr_FR\" \/>\n<meta property=\"og:type\" content=\"article\" \/>\n<meta property=\"og:title\" content=\"Low Back Scrunch Shortsuit Black - FITTwear.nl\" \/>\n<meta property=\"og:description\" content=\"Trendy jumpsuit, stylish en comfort in een voor tijdens jouw workout of wanneer je hem draagt in je dagelijkse routine. De Low Back Shortsuit is een toevoeging voor in jouw kledingkast, niet alleen is het een fantastisch item voor tijdens het sporten, maar ook erg stylish door hem te dragen in het dagelijks leven en eventueel af te stijlen met een blazer. Stretchy, comfort, slimming en zakt niet af tijdens jouw intensieve workout, wat wil je nog meer? Ervaar het gevoel van vrijheid in hetgeen wat je doet met deze geweldige Shortsuit. Ideaal voor in de zomer of tijdens de intensieve workouts waar je het warm van krijgt. De stretch en het slimming effect zorgen voor de perfecte pasvorm voor jouw lichaam!\" \/>\n<meta property=\"og:url\" content=\"https:\/\/fittwear.nl\/fr\/produit-2\/shortuit-a-chouchou-au-bas-du-dos-noir\/\" \/>\n<meta property=\"og:site_name\" content=\"FITTwear.nl\" \/>\n<meta property=\"article:modified_time\" content=\"2026-04-26T11:38:03+00:00\" \/>\n<meta property=\"og:image\" content=\"https:\/\/fittwear.nl\/wp-content\/uploads\/2024\/03\/jumpsuit-zwart_Voorkant-boven_jpg_1.jpg\" \/>\n\t<meta property=\"og:image:width\" content=\"1200\" \/>\n\t<meta property=\"og:image:height\" content=\"1800\" \/>\n\t<meta property=\"og:image:type\" content=\"image\/jpeg\" \/>\n<meta name=\"twitter:card\" content=\"summary_large_image\" \/>\n<meta name=\"twitter:label1\" content=\"Dur\u00e9e de lecture estim\u00e9e\" \/>\n\t<meta name=\"twitter:data1\" content=\"1 minute\" \/>\n<script type=\"application\/ld+json\" class=\"yoast-schema-graph\">{\"@context\":\"https:\/\/schema.org\",\"@graph\":[{\"@type\":\"WebPage\",\"@id\":\"https:\/\/fittwear.nl\/product\/low-back-scrunch-shortsuit-black\/\",\"url\":\"https:\/\/fittwear.nl\/product\/low-back-scrunch-shortsuit-black\/\",\"name\":\"Low Back Scrunch Shortsuit Black - FITTwear.nl\",\"isPartOf\":{\"@id\":\"https:\/\/fittwear.nl\/#website\"},\"primaryImageOfPage\":{\"@id\":\"https:\/\/fittwear.nl\/product\/low-back-scrunch-shortsuit-black\/#primaryimage\"},\"image\":{\"@id\":\"https:\/\/fittwear.nl\/product\/low-back-scrunch-shortsuit-black\/#primaryimage\"},\"thumbnailUrl\":\"https:\/\/fittwear.nl\/wp-content\/uploads\/2024\/03\/jumpsuit-zwart_Voorkant-boven_jpg_1.jpg\",\"datePublished\":\"2024-04-04T09:19:47+00:00\",\"dateModified\":\"2026-04-26T11:38:03+00:00\",\"description\":\"Trendy jumpsuit, stylish en comfort in een voor tijdens jouw workout of wanneer je hem draagt in je dagelijkse routine. De Low Back Shortsuit is een toevoeging voor in jouw kledingkast, niet alleen is het een fantastisch item voor tijdens het sporten, maar ook erg stylish door hem te dragen in het dagelijks leven en eventueel af te stijlen met een blazer. Stretchy, comfort, slimming en zakt niet af tijdens jouw intensieve workout, wat wil je nog meer? Ervaar het gevoel van vrijheid in hetgeen wat je doet met deze geweldige Shortsuit. Ideaal voor in de zomer of tijdens de intensieve workouts waar je het warm van krijgt. De stretch en het slimming effect zorgen voor de perfecte pasvorm voor jouw lichaam!\",\"breadcrumb\":{\"@id\":\"https:\/\/fittwear.nl\/product\/low-back-scrunch-shortsuit-black\/#breadcrumb\"},\"inLanguage\":\"fr-FR\",\"potentialAction\":[{\"@type\":\"ReadAction\",\"target\":[\"https:\/\/fittwear.nl\/product\/low-back-scrunch-shortsuit-black\/\"]}]},{\"@type\":\"ImageObject\",\"inLanguage\":\"fr-FR\",\"@id\":\"https:\/\/fittwear.nl\/product\/low-back-scrunch-shortsuit-black\/#primaryimage\",\"url\":\"https:\/\/fittwear.nl\/wp-content\/uploads\/2024\/03\/jumpsuit-zwart_Voorkant-boven_jpg_1.jpg\",\"contentUrl\":\"https:\/\/fittwear.nl\/wp-content\/uploads\/2024\/03\/jumpsuit-zwart_Voorkant-boven_jpg_1.jpg\",\"width\":1200,\"height\":1800},{\"@type\":\"BreadcrumbList\",\"@id\":\"https:\/\/fittwear.nl\/product\/low-back-scrunch-shortsuit-black\/#breadcrumb\",\"itemListElement\":[{\"@type\":\"ListItem\",\"position\":1,\"name\":\"Home\",\"item\":\"https:\/\/fittwear.nl\/\"},{\"@type\":\"ListItem\",\"position\":2,\"name\":\"Shop\",\"item\":\"https:\/\/fittwear.nl\/shop\/\"},{\"@type\":\"ListItem\",\"position\":3,\"name\":\"Low Back Scrunch Shortsuit Black\"}]},{\"@type\":\"WebSite\",\"@id\":\"https:\/\/fittwear.nl\/#website\",\"url\":\"https:\/\/fittwear.nl\/\",\"name\":\"FITTwear.nl\",\"description\":\"Time to shine!\",\"publisher\":{\"@id\":\"https:\/\/fittwear.nl\/#organization\"},\"potentialAction\":[{\"@type\":\"SearchAction\",\"target\":{\"@type\":\"EntryPoint\",\"urlTemplate\":\"https:\/\/fittwear.nl\/?s={search_term_string}\"},\"query-input\":{\"@type\":\"PropertyValueSpecification\",\"valueRequired\":true,\"valueName\":\"search_term_string\"}}],\"inLanguage\":\"fr-FR\"},{\"@type\":\"Organization\",\"@id\":\"https:\/\/fittwear.nl\/#organization\",\"name\":\"FITTwear.nl\",\"url\":\"https:\/\/fittwear.nl\/\",\"logo\":{\"@type\":\"ImageObject\",\"inLanguage\":\"fr-FR\",\"@id\":\"https:\/\/fittwear.nl\/#\/schema\/logo\/image\/\",\"url\":\"https:\/\/fittwear.nl\/wp-content\/uploads\/2024\/07\/FITT-Logo-BeYOUtiful-website-homepage_Tekengebied-1-scaled.jpg\",\"contentUrl\":\"https:\/\/fittwear.nl\/wp-content\/uploads\/2024\/07\/FITT-Logo-BeYOUtiful-website-homepage_Tekengebied-1-scaled.jpg\",\"width\":2560,\"height\":599,\"caption\":\"FITTwear.nl\"},\"image\":{\"@id\":\"https:\/\/fittwear.nl\/#\/schema\/logo\/image\/\"}}]}<\/script>\n<!-- \/ Yoast SEO plugin. -->","yoast_head_json":{"title":"Short \u00e0 dos \u00e9chancr\u00e9 Noir - FITTwear.fr","description":"Combinaison tendance, \u00e9l\u00e9gante et confortable \u00e0 la fois pour votre entra\u00eenement ou lorsque vous la portez dans la vie de tous les jours. La combinaison-short \u00e0 dos bas est un ajout \u00e0 votre garde-robe, non seulement un article id\u00e9al pour votre entra\u00eenement, mais aussi tr\u00e8s \u00e9l\u00e9gant lorsque vous la portez dans votre vie quotidienne et que vous la terminez \u00e9ventuellement avec un blazer. Extensible, confortable, amincissant et ne glissant pas pendant votre entra\u00eenement intense, que voulez-vous de plus ? Exp\u00e9rimentez le sentiment de libert\u00e9 dans ce que vous faites avec cette superbe combinaison-short. Id\u00e9al pour l'\u00e9t\u00e9 ou pour les s\u00e9ances d'entra\u00eenement intenses qui vous donnent chaud. L'extensibilit\u00e9 et l'effet amincissant garantissent un ajustement parfait \u00e0 votre corps !","robots":{"index":"index","follow":"follow","max-snippet":"max-snippet:-1","max-image-preview":"max-image-preview:large","max-video-preview":"max-video-preview:-1"},"canonical":"https:\/\/fittwear.nl\/fr\/produit-2\/shortuit-a-chouchou-au-bas-du-dos-noir\/","og_locale":"fr_FR","og_type":"article","og_title":"Low Back Scrunch Shortsuit Black - FITTwear.nl","og_description":"Trendy jumpsuit, stylish en comfort in een voor tijdens jouw workout of wanneer je hem draagt in je dagelijkse routine. De Low Back Shortsuit is een toevoeging voor in jouw kledingkast, niet alleen is het een fantastisch item voor tijdens het sporten, maar ook erg stylish door hem te dragen in het dagelijks leven en eventueel af te stijlen met een blazer. Stretchy, comfort, slimming en zakt niet af tijdens jouw intensieve workout, wat wil je nog meer? Ervaar het gevoel van vrijheid in hetgeen wat je doet met deze geweldige Shortsuit. Ideaal voor in de zomer of tijdens de intensieve workouts waar je het warm van krijgt. De stretch en het slimming effect zorgen voor de perfecte pasvorm voor jouw lichaam!","og_url":"https:\/\/fittwear.nl\/fr\/produit-2\/shortuit-a-chouchou-au-bas-du-dos-noir\/","og_site_name":"FITTwear.nl","article_modified_time":"2026-04-26T11:38:03+00:00","og_image":[{"width":1200,"height":1800,"url":"https:\/\/fittwear.nl\/wp-content\/uploads\/2024\/03\/jumpsuit-zwart_Voorkant-boven_jpg_1.jpg","type":"image\/jpeg"}],"twitter_card":"summary_large_image","twitter_misc":{"Dur\u00e9e de lecture estim\u00e9e":"1 minute"},"schema":{"@context":"https:\/\/schema.org","@graph":[{"@type":"WebPage","@id":"https:\/\/fittwear.nl\/product\/low-back-scrunch-shortsuit-black\/","url":"https:\/\/fittwear.nl\/product\/low-back-scrunch-shortsuit-black\/","name":"Short \u00e0 dos \u00e9chancr\u00e9 Noir - FITTwear.fr","isPartOf":{"@id":"https:\/\/fittwear.nl\/#website"},"primaryImageOfPage":{"@id":"https:\/\/fittwear.nl\/product\/low-back-scrunch-shortsuit-black\/#primaryimage"},"image":{"@id":"https:\/\/fittwear.nl\/product\/low-back-scrunch-shortsuit-black\/#primaryimage"},"thumbnailUrl":"https:\/\/fittwear.nl\/wp-content\/uploads\/2024\/03\/jumpsuit-zwart_Voorkant-boven_jpg_1.jpg","datePublished":"2024-04-04T09:19:47+00:00","dateModified":"2026-04-26T11:38:03+00:00","description":"Combinaison tendance, \u00e9l\u00e9gante et confortable \u00e0 la fois pour votre entra\u00eenement ou lorsque vous la portez dans la vie de tous les jours. La combinaison-short \u00e0 dos bas est un ajout \u00e0 votre garde-robe, non seulement un article id\u00e9al pour votre entra\u00eenement, mais aussi tr\u00e8s \u00e9l\u00e9gant lorsque vous la portez dans votre vie quotidienne et que vous la terminez \u00e9ventuellement avec un blazer. Extensible, confortable, amincissant et ne glissant pas pendant votre entra\u00eenement intense, que voulez-vous de plus ? Exp\u00e9rimentez le sentiment de libert\u00e9 dans ce que vous faites avec cette superbe combinaison-short. Id\u00e9al pour l'\u00e9t\u00e9 ou pour les s\u00e9ances d'entra\u00eenement intenses qui vous donnent chaud. L'extensibilit\u00e9 et l'effet amincissant garantissent un ajustement parfait \u00e0 votre corps !","breadcrumb":{"@id":"https:\/\/fittwear.nl\/product\/low-back-scrunch-shortsuit-black\/#breadcrumb"},"inLanguage":"fr-FR","potentialAction":[{"@type":"ReadAction","target":["https:\/\/fittwear.nl\/product\/low-back-scrunch-shortsuit-black\/"]}]},{"@type":"ImageObject","inLanguage":"fr-FR","@id":"https:\/\/fittwear.nl\/product\/low-back-scrunch-shortsuit-black\/#primaryimage","url":"https:\/\/fittwear.nl\/wp-content\/uploads\/2024\/03\/jumpsuit-zwart_Voorkant-boven_jpg_1.jpg","contentUrl":"https:\/\/fittwear.nl\/wp-content\/uploads\/2024\/03\/jumpsuit-zwart_Voorkant-boven_jpg_1.jpg","width":1200,"height":1800},{"@type":"BreadcrumbList","@id":"https:\/\/fittwear.nl\/product\/low-back-scrunch-shortsuit-black\/#breadcrumb","itemListElement":[{"@type":"ListItem","position":1,"name":"Home","item":"https:\/\/fittwear.nl\/"},{"@type":"ListItem","position":2,"name":"Shop","item":"https:\/\/fittwear.nl\/shop\/"},{"@type":"ListItem","position":3,"name":"Low Back Scrunch Shortsuit Black"}]},{"@type":"WebSite","@id":"https:\/\/fittwear.nl\/#website","url":"https:\/\/fittwear.nl\/","name":"FITTwear.co.uk","description":"C'est le moment de briller !","publisher":{"@id":"https:\/\/fittwear.nl\/#organization"},"potentialAction":[{"@type":"SearchAction","target":{"@type":"EntryPoint","urlTemplate":"https:\/\/fittwear.nl\/?s={search_term_string}"},"query-input":{"@type":"PropertyValueSpecification","valueRequired":true,"valueName":"search_term_string"}}],"inLanguage":"fr-FR"},{"@type":"Organization","@id":"https:\/\/fittwear.nl\/#organization","name":"FITTwear.co.uk","url":"https:\/\/fittwear.nl\/","logo":{"@type":"ImageObject","inLanguage":"fr-FR","@id":"https:\/\/fittwear.nl\/#\/schema\/logo\/image\/","url":"https:\/\/fittwear.nl\/wp-content\/uploads\/2024\/07\/FITT-Logo-BeYOUtiful-website-homepage_Tekengebied-1-scaled.jpg","contentUrl":"https:\/\/fittwear.nl\/wp-content\/uploads\/2024\/07\/FITT-Logo-BeYOUtiful-website-homepage_Tekengebied-1-scaled.jpg","width":2560,"height":599,"caption":"FITTwear.nl"},"image":{"@id":"https:\/\/fittwear.nl\/#\/schema\/logo\/image\/"}}]}},"_links":{"self":[{"href":"https:\/\/fittwear.nl\/fr\/wp-json\/wp\/v2\/product\/88803","targetHints":{"allow":["GET"]}}],"collection":[{"href":"https:\/\/fittwear.nl\/fr\/wp-json\/wp\/v2\/product"}],"about":[{"href":"https:\/\/fittwear.nl\/fr\/wp-json\/wp\/v2\/types\/product"}],"wp:featuredmedia":[{"embeddable":true,"href":"https:\/\/fittwear.nl\/fr\/wp-json\/wp\/v2\/media\/89285"}],"wp:attachment":[{"href":"https:\/\/fittwear.nl\/fr\/wp-json\/wp\/v2\/media?parent=88803"}],"wp:term":[{"taxonomy":"product_brand","embeddable":true,"href":"https:\/\/fittwear.nl\/fr\/wp-json\/wp\/v2\/product_brand?post=88803"},{"taxonomy":"product_cat","embeddable":true,"href":"https:\/\/fittwear.nl\/fr\/wp-json\/wp\/v2\/product_cat?post=88803"},{"taxonomy":"product_tag","embeddable":true,"href":"https:\/\/fittwear.nl\/fr\/wp-json\/wp\/v2\/product_tag?post=88803"}],"curies":[{"name":"wp","href":"https:\/\/api.w.org\/{rel}","templated":true}]}}