{"id":9126,"date":"2021-04-23T13:32:25","date_gmt":"2021-04-23T11:32:25","guid":{"rendered":"https:\/\/fittwear.nl\/?post_type=product&#038;p=9126"},"modified":"2026-04-27T16:05:57","modified_gmt":"2026-04-27T14:05:57","slug":"legging-poche-taille-haute-brillante-noir","status":"publish","type":"product","link":"https:\/\/fittwear.nl\/fr\/product\/shiny-high-waist-pocket-legging-zwart\/","title":{"rendered":"Legging \u00e0 poches taille haute brillant noir"},"content":{"rendered":"<p>-Leggings taille haute brillants<\/p>\n<p>-poches<\/p>\n<p>-mise \u00e0 l'abri de la transpiration<\/p>\n<p>-Extr\u00eamement extensible<\/p>\n<p>-preuve de squat<\/p>\n<p>-oeko-tex<\/p>\n<p>-Nylon 80%, \u00e9lasthanne 20%<\/p>\n<p>-200 grammes<\/p>\n<p>-lavable jusqu'\u00e0 40\u00b0.<\/p>\n<p>-Couleur : noir<\/p>\n<p>-Le mod\u00e8le Donna mesure 1,81 et porte la taille S.<\/p>","protected":false},"excerpt":{"rendered":"<p>&nbsp;<\/p>\n<p>Un legging taille haute tr\u00e8s brillant avec des poches pour votre t\u00e9l\u00e9phone, par exemple. Ce tissu extensible et qui \u00e9vacue la transpiration est comme une seconde peau. Les surpiq\u00fbres strat\u00e9giquement plac\u00e9es garantissent une coupe flatteuse. Ce legging est id\u00e9al pour les s\u00e9ances d'entra\u00eenement ou de course \u00e0 pied o\u00f9 l'on transpire beaucoup.<\/p>","protected":false},"featured_media":9134,"template":"","meta":{"_acf_changed":false},"product_brand":[],"product_cat":[27],"product_tag":[4803],"class_list":{"0":"post-9126","1":"product","2":"type-product","3":"status-publish","4":"has-post-thumbnail","6":"product_cat-dames","7":"product_tag-out-of-stock","9":"first","10":"outofstock","11":"taxable","12":"shipping-taxable","13":"product-type-variable"},"acf":[],"yoast_head":"<!-- This site is optimized with the Yoast SEO plugin v27.1.1 - https:\/\/yoast.com\/product\/yoast-seo-wordpress\/ -->\n<title>Shiny High Waist Pocket Legging zwart - Sportleggings - FITTwear.nl<\/title>\n<meta name=\"description\" content=\"&nbsp;  Hoogglanzende high waist legging met pockets voor bijv. je telefoon. Deze zweet afvoerende en uiterst rekbare stof voelt aan als een tweede huid. De strategisch geplaatste overlockstiksels zorgen voor een flatterende pasvorm. Deze legging is ideaal voor een sweaty workout of hardlooptraining.\" \/>\n<meta name=\"robots\" content=\"index, follow, max-snippet:-1, max-image-preview:large, max-video-preview:-1\" \/>\n<link rel=\"canonical\" href=\"https:\/\/fittwear.nl\/fr\/produit-2\/legging-poche-taille-haute-brillante-noir\/\" \/>\n<meta property=\"og:locale\" content=\"fr_FR\" \/>\n<meta property=\"og:type\" content=\"article\" \/>\n<meta property=\"og:title\" content=\"Shiny High Waist Pocket Legging zwart - Sportleggings - FITTwear.nl\" \/>\n<meta property=\"og:description\" content=\"&nbsp;  Hoogglanzende high waist legging met pockets voor bijv. je telefoon. Deze zweet afvoerende en uiterst rekbare stof voelt aan als een tweede huid. De strategisch geplaatste overlockstiksels zorgen voor een flatterende pasvorm. Deze legging is ideaal voor een sweaty workout of hardlooptraining.\" \/>\n<meta property=\"og:url\" content=\"https:\/\/fittwear.nl\/fr\/produit-2\/legging-poche-taille-haute-brillante-noir\/\" \/>\n<meta property=\"og:site_name\" content=\"FITTwear.nl\" \/>\n<meta property=\"article:modified_time\" content=\"2026-04-27T14:05:57+00:00\" \/>\n<meta property=\"og:image\" content=\"https:\/\/fittwear.nl\/wp-content\/uploads\/2021\/04\/shiny-pocket_Onderkant-achter_jpg_5-1.jpg\" \/>\n\t<meta property=\"og:image:width\" content=\"1104\" \/>\n\t<meta property=\"og:image:height\" content=\"1656\" \/>\n\t<meta property=\"og:image:type\" content=\"image\/jpeg\" \/>\n<meta name=\"twitter:card\" content=\"summary_large_image\" \/>\n<script type=\"application\/ld+json\" class=\"yoast-schema-graph\">{\"@context\":\"https:\/\/schema.org\",\"@graph\":[{\"@type\":\"WebPage\",\"@id\":\"https:\/\/fittwear.nl\/product\/shiny-high-waist-pocket-legging-zwart\/\",\"url\":\"https:\/\/fittwear.nl\/product\/shiny-high-waist-pocket-legging-zwart\/\",\"name\":\"Shiny High Waist Pocket Legging zwart - Sportleggings - FITTwear.nl\",\"isPartOf\":{\"@id\":\"https:\/\/fittwear.nl\/#website\"},\"primaryImageOfPage\":{\"@id\":\"https:\/\/fittwear.nl\/product\/shiny-high-waist-pocket-legging-zwart\/#primaryimage\"},\"image\":{\"@id\":\"https:\/\/fittwear.nl\/product\/shiny-high-waist-pocket-legging-zwart\/#primaryimage\"},\"thumbnailUrl\":\"https:\/\/fittwear.nl\/wp-content\/uploads\/2021\/04\/shiny-pocket_Onderkant-achter_jpg_5-1.jpg\",\"datePublished\":\"2021-04-23T11:32:25+00:00\",\"dateModified\":\"2026-04-27T14:05:57+00:00\",\"description\":\"&nbsp; Hoogglanzende high waist legging met pockets voor bijv. je telefoon. Deze zweet afvoerende en uiterst rekbare stof voelt aan als een tweede huid. De strategisch geplaatste overlockstiksels zorgen voor een flatterende pasvorm. Deze legging is ideaal voor een sweaty workout of hardlooptraining.\",\"breadcrumb\":{\"@id\":\"https:\/\/fittwear.nl\/product\/shiny-high-waist-pocket-legging-zwart\/#breadcrumb\"},\"inLanguage\":\"fr-FR\",\"potentialAction\":[{\"@type\":\"ReadAction\",\"target\":[\"https:\/\/fittwear.nl\/product\/shiny-high-waist-pocket-legging-zwart\/\"]}]},{\"@type\":\"ImageObject\",\"inLanguage\":\"fr-FR\",\"@id\":\"https:\/\/fittwear.nl\/product\/shiny-high-waist-pocket-legging-zwart\/#primaryimage\",\"url\":\"https:\/\/fittwear.nl\/wp-content\/uploads\/2021\/04\/shiny-pocket_Onderkant-achter_jpg_5-1.jpg\",\"contentUrl\":\"https:\/\/fittwear.nl\/wp-content\/uploads\/2021\/04\/shiny-pocket_Onderkant-achter_jpg_5-1.jpg\",\"width\":1104,\"height\":1656},{\"@type\":\"BreadcrumbList\",\"@id\":\"https:\/\/fittwear.nl\/product\/shiny-high-waist-pocket-legging-zwart\/#breadcrumb\",\"itemListElement\":[{\"@type\":\"ListItem\",\"position\":1,\"name\":\"Home\",\"item\":\"https:\/\/fittwear.nl\/\"},{\"@type\":\"ListItem\",\"position\":2,\"name\":\"Shop\",\"item\":\"https:\/\/fittwear.nl\/shop\/\"},{\"@type\":\"ListItem\",\"position\":3,\"name\":\"Shiny High Waist Pocket Legging zwart\"}]},{\"@type\":\"WebSite\",\"@id\":\"https:\/\/fittwear.nl\/#website\",\"url\":\"https:\/\/fittwear.nl\/\",\"name\":\"FITTwear.nl\",\"description\":\"Time to shine!\",\"publisher\":{\"@id\":\"https:\/\/fittwear.nl\/#organization\"},\"potentialAction\":[{\"@type\":\"SearchAction\",\"target\":{\"@type\":\"EntryPoint\",\"urlTemplate\":\"https:\/\/fittwear.nl\/?s={search_term_string}\"},\"query-input\":{\"@type\":\"PropertyValueSpecification\",\"valueRequired\":true,\"valueName\":\"search_term_string\"}}],\"inLanguage\":\"fr-FR\"},{\"@type\":\"Organization\",\"@id\":\"https:\/\/fittwear.nl\/#organization\",\"name\":\"FITTwear.nl\",\"url\":\"https:\/\/fittwear.nl\/\",\"logo\":{\"@type\":\"ImageObject\",\"inLanguage\":\"fr-FR\",\"@id\":\"https:\/\/fittwear.nl\/#\/schema\/logo\/image\/\",\"url\":\"https:\/\/fittwear.nl\/wp-content\/uploads\/2024\/07\/FITT-Logo-BeYOUtiful-website-homepage_Tekengebied-1-scaled.jpg\",\"contentUrl\":\"https:\/\/fittwear.nl\/wp-content\/uploads\/2024\/07\/FITT-Logo-BeYOUtiful-website-homepage_Tekengebied-1-scaled.jpg\",\"width\":2560,\"height\":599,\"caption\":\"FITTwear.nl\"},\"image\":{\"@id\":\"https:\/\/fittwear.nl\/#\/schema\/logo\/image\/\"}}]}<\/script>\n<!-- \/ Yoast SEO plugin. -->","yoast_head_json":{"title":"Shiny High Waist Pocket Legging noir - Leggings de sport - FITTwear.fr","description":"&nbsp;  Un legging taille haute tr\u00e8s brillant avec des poches pour votre t\u00e9l\u00e9phone, par exemple. Ce tissu extensible et qui \u00e9vacue la transpiration est comme une seconde peau. Les surpiq\u00fbres strat\u00e9giquement plac\u00e9es garantissent une coupe flatteuse. Ce legging est id\u00e9al pour les s\u00e9ances d'entra\u00eenement ou de course \u00e0 pied o\u00f9 l'on transpire beaucoup.","robots":{"index":"index","follow":"follow","max-snippet":"max-snippet:-1","max-image-preview":"max-image-preview:large","max-video-preview":"max-video-preview:-1"},"canonical":"https:\/\/fittwear.nl\/fr\/produit-2\/legging-poche-taille-haute-brillante-noir\/","og_locale":"fr_FR","og_type":"article","og_title":"Shiny High Waist Pocket Legging zwart - Sportleggings - FITTwear.nl","og_description":"&nbsp;  Hoogglanzende high waist legging met pockets voor bijv. je telefoon. Deze zweet afvoerende en uiterst rekbare stof voelt aan als een tweede huid. De strategisch geplaatste overlockstiksels zorgen voor een flatterende pasvorm. Deze legging is ideaal voor een sweaty workout of hardlooptraining.","og_url":"https:\/\/fittwear.nl\/fr\/produit-2\/legging-poche-taille-haute-brillante-noir\/","og_site_name":"FITTwear.nl","article_modified_time":"2026-04-27T14:05:57+00:00","og_image":[{"width":1104,"height":1656,"url":"https:\/\/fittwear.nl\/wp-content\/uploads\/2021\/04\/shiny-pocket_Onderkant-achter_jpg_5-1.jpg","type":"image\/jpeg"}],"twitter_card":"summary_large_image","schema":{"@context":"https:\/\/schema.org","@graph":[{"@type":"WebPage","@id":"https:\/\/fittwear.nl\/product\/shiny-high-waist-pocket-legging-zwart\/","url":"https:\/\/fittwear.nl\/product\/shiny-high-waist-pocket-legging-zwart\/","name":"Shiny High Waist Pocket Legging noir - Leggings de sport - FITTwear.fr","isPartOf":{"@id":"https:\/\/fittwear.nl\/#website"},"primaryImageOfPage":{"@id":"https:\/\/fittwear.nl\/product\/shiny-high-waist-pocket-legging-zwart\/#primaryimage"},"image":{"@id":"https:\/\/fittwear.nl\/product\/shiny-high-waist-pocket-legging-zwart\/#primaryimage"},"thumbnailUrl":"https:\/\/fittwear.nl\/wp-content\/uploads\/2021\/04\/shiny-pocket_Onderkant-achter_jpg_5-1.jpg","datePublished":"2021-04-23T11:32:25+00:00","dateModified":"2026-04-27T14:05:57+00:00","description":"&nbsp; Un legging taille haute tr\u00e8s brillant avec des poches pour votre t\u00e9l\u00e9phone, par exemple. Ce tissu extensible et qui \u00e9vacue la transpiration est comme une seconde peau. Les surpiq\u00fbres strat\u00e9giquement plac\u00e9es garantissent une coupe flatteuse. Ce legging est id\u00e9al pour les s\u00e9ances d'entra\u00eenement ou de course \u00e0 pied o\u00f9 l'on transpire beaucoup.","breadcrumb":{"@id":"https:\/\/fittwear.nl\/product\/shiny-high-waist-pocket-legging-zwart\/#breadcrumb"},"inLanguage":"fr-FR","potentialAction":[{"@type":"ReadAction","target":["https:\/\/fittwear.nl\/product\/shiny-high-waist-pocket-legging-zwart\/"]}]},{"@type":"ImageObject","inLanguage":"fr-FR","@id":"https:\/\/fittwear.nl\/product\/shiny-high-waist-pocket-legging-zwart\/#primaryimage","url":"https:\/\/fittwear.nl\/wp-content\/uploads\/2021\/04\/shiny-pocket_Onderkant-achter_jpg_5-1.jpg","contentUrl":"https:\/\/fittwear.nl\/wp-content\/uploads\/2021\/04\/shiny-pocket_Onderkant-achter_jpg_5-1.jpg","width":1104,"height":1656},{"@type":"BreadcrumbList","@id":"https:\/\/fittwear.nl\/product\/shiny-high-waist-pocket-legging-zwart\/#breadcrumb","itemListElement":[{"@type":"ListItem","position":1,"name":"Home","item":"https:\/\/fittwear.nl\/"},{"@type":"ListItem","position":2,"name":"Shop","item":"https:\/\/fittwear.nl\/shop\/"},{"@type":"ListItem","position":3,"name":"Shiny High Waist Pocket Legging zwart"}]},{"@type":"WebSite","@id":"https:\/\/fittwear.nl\/#website","url":"https:\/\/fittwear.nl\/","name":"FITTwear.co.uk","description":"C'est le moment de briller !","publisher":{"@id":"https:\/\/fittwear.nl\/#organization"},"potentialAction":[{"@type":"SearchAction","target":{"@type":"EntryPoint","urlTemplate":"https:\/\/fittwear.nl\/?s={search_term_string}"},"query-input":{"@type":"PropertyValueSpecification","valueRequired":true,"valueName":"search_term_string"}}],"inLanguage":"fr-FR"},{"@type":"Organization","@id":"https:\/\/fittwear.nl\/#organization","name":"FITTwear.co.uk","url":"https:\/\/fittwear.nl\/","logo":{"@type":"ImageObject","inLanguage":"fr-FR","@id":"https:\/\/fittwear.nl\/#\/schema\/logo\/image\/","url":"https:\/\/fittwear.nl\/wp-content\/uploads\/2024\/07\/FITT-Logo-BeYOUtiful-website-homepage_Tekengebied-1-scaled.jpg","contentUrl":"https:\/\/fittwear.nl\/wp-content\/uploads\/2024\/07\/FITT-Logo-BeYOUtiful-website-homepage_Tekengebied-1-scaled.jpg","width":2560,"height":599,"caption":"FITTwear.nl"},"image":{"@id":"https:\/\/fittwear.nl\/#\/schema\/logo\/image\/"}}]}},"_links":{"self":[{"href":"https:\/\/fittwear.nl\/fr\/wp-json\/wp\/v2\/product\/9126","targetHints":{"allow":["GET"]}}],"collection":[{"href":"https:\/\/fittwear.nl\/fr\/wp-json\/wp\/v2\/product"}],"about":[{"href":"https:\/\/fittwear.nl\/fr\/wp-json\/wp\/v2\/types\/product"}],"wp:featuredmedia":[{"embeddable":true,"href":"https:\/\/fittwear.nl\/fr\/wp-json\/wp\/v2\/media\/9134"}],"wp:attachment":[{"href":"https:\/\/fittwear.nl\/fr\/wp-json\/wp\/v2\/media?parent=9126"}],"wp:term":[{"taxonomy":"product_brand","embeddable":true,"href":"https:\/\/fittwear.nl\/fr\/wp-json\/wp\/v2\/product_brand?post=9126"},{"taxonomy":"product_cat","embeddable":true,"href":"https:\/\/fittwear.nl\/fr\/wp-json\/wp\/v2\/product_cat?post=9126"},{"taxonomy":"product_tag","embeddable":true,"href":"https:\/\/fittwear.nl\/fr\/wp-json\/wp\/v2\/product_tag?post=9126"}],"curies":[{"name":"wp","href":"https:\/\/api.w.org\/{rel}","templated":true}]}}