{"id":92676,"date":"2024-06-05T16:13:01","date_gmt":"2024-06-05T14:13:01","guid":{"rendered":"https:\/\/fittwear.nl\/?post_type=product&#038;p=92676"},"modified":"2026-04-26T13:36:01","modified_gmt":"2026-04-26T11:36:01","slug":"debardeur-ample-avec-details-au-dos-noir","status":"publish","type":"product","link":"https:\/\/fittwear.nl\/fr\/product\/loose-tanktop-backdetail-black\/","title":{"rendered":"D\u00e9bardeur ample Backdetail Noir"},"content":{"rendered":"<p>- Jolis d\u00e9tails au dos<\/p>\n\n\n\n<p>- Tissu a\u00e9r\u00e9 et \u00e0 s\u00e9chage rapide<\/p>\n\n\n\n<p>- Top sans manches<\/p>\n\n\n\n<p>- Mod\u00e8le long<\/p>\n\n\n\n<p>- Logo imprim\u00e9 au dos<\/p>\n\n\n\n<p>- Couleur : noir<\/p>\n\n\n\n<p>- Le mod\u00e8le Nanon mesure 1,75 et porte la taille S<\/p>","protected":false},"excerpt":{"rendered":"<p>Le d\u00e9bardeur Racerback vous permettra de rester au frais pendant vos s\u00e9ances d'entra\u00eenement ! Fabriqu\u00e9 dans un tissu a\u00e9r\u00e9 et absorbant la transpiration, le d\u00e9bardeur vous apporte tout le confort dont vous avez besoin pendant vos s\u00e9ances d'entra\u00eenement intenses. Bougez sans effort pendant votre s\u00e9ance de course \u00e0 pied, votre entra\u00eenement de musculation ou votre entra\u00eenement HITT, c'est possible !<\/p>","protected":false},"featured_media":93597,"template":"","meta":{"_acf_changed":true},"product_brand":[],"product_cat":[81,27,64,4794,4836,78,4813,79,65],"product_tag":[],"class_list":{"0":"post-92676","1":"product","2":"type-product","3":"status-publish","4":"has-post-thumbnail","6":"product_cat-crop-tops","7":"product_cat-dames","8":"product_cat-hardloopkleding","9":"product_cat-mindful-movement","10":"product_cat-sleeveless-tanktops-dames","11":"product_cat-t-shirts-dames","12":"product_cat-t-shirts","13":"product_cat-tanktops-dames","14":"product_cat-yogakleding","16":"first","17":"instock","18":"taxable","19":"shipping-taxable","20":"purchasable","21":"product-type-variable","22":"has-default-attributes"},"acf":[],"yoast_head":"<!-- This site is optimized with the Yoast SEO plugin v27.1.1 - https:\/\/yoast.com\/product\/yoast-seo-wordpress\/ -->\n<title>Loose Tanktop Backdetail Black - FITTwear.nl<\/title>\n<meta name=\"description\" content=\"De Racerback Tanktop houdt je koel tijdens je work-outs! De top is gemaakt van een luchtige en een zweet absorberende stof en voorziet je van alle gemakken die je nodig hebt tijdens jouw intensieve work-outs. Beweeg moeiteloos tijdens jouw hardloopsessie, je krachttraining of je HITT training, het kan allemaal!\" \/>\n<meta name=\"robots\" content=\"index, follow, max-snippet:-1, max-image-preview:large, max-video-preview:-1\" \/>\n<link rel=\"canonical\" href=\"https:\/\/fittwear.nl\/fr\/produit-2\/debardeur-ample-avec-details-au-dos-noir\/\" \/>\n<meta property=\"og:locale\" content=\"fr_FR\" \/>\n<meta property=\"og:type\" content=\"article\" \/>\n<meta property=\"og:title\" content=\"Loose Tanktop Backdetail Black - FITTwear.nl\" \/>\n<meta property=\"og:description\" content=\"De Racerback Tanktop houdt je koel tijdens je work-outs! De top is gemaakt van een luchtige en een zweet absorberende stof en voorziet je van alle gemakken die je nodig hebt tijdens jouw intensieve work-outs. Beweeg moeiteloos tijdens jouw hardloopsessie, je krachttraining of je HITT training, het kan allemaal!\" \/>\n<meta property=\"og:url\" content=\"https:\/\/fittwear.nl\/fr\/produit-2\/debardeur-ample-avec-details-au-dos-noir\/\" \/>\n<meta property=\"og:site_name\" content=\"FITTwear.nl\" \/>\n<meta property=\"article:modified_time\" content=\"2026-04-26T11:36:01+00:00\" \/>\n<meta property=\"og:image\" content=\"https:\/\/fittwear.nl\/wp-content\/uploads\/2024\/06\/top-los-zwart_Voorkant-boven_jpg_1.jpg\" \/>\n\t<meta property=\"og:image:width\" content=\"1200\" \/>\n\t<meta property=\"og:image:height\" content=\"1800\" \/>\n\t<meta property=\"og:image:type\" content=\"image\/jpeg\" \/>\n<meta name=\"twitter:card\" content=\"summary_large_image\" \/>\n<meta name=\"twitter:label1\" content=\"Dur\u00e9e de lecture estim\u00e9e\" \/>\n\t<meta name=\"twitter:data1\" content=\"1 minute\" \/>\n<script type=\"application\/ld+json\" class=\"yoast-schema-graph\">{\"@context\":\"https:\/\/schema.org\",\"@graph\":[{\"@type\":\"WebPage\",\"@id\":\"https:\/\/fittwear.nl\/product\/loose-tanktop-backdetail-black\/\",\"url\":\"https:\/\/fittwear.nl\/product\/loose-tanktop-backdetail-black\/\",\"name\":\"Loose Tanktop Backdetail Black - FITTwear.nl\",\"isPartOf\":{\"@id\":\"https:\/\/fittwear.nl\/#website\"},\"primaryImageOfPage\":{\"@id\":\"https:\/\/fittwear.nl\/product\/loose-tanktop-backdetail-black\/#primaryimage\"},\"image\":{\"@id\":\"https:\/\/fittwear.nl\/product\/loose-tanktop-backdetail-black\/#primaryimage\"},\"thumbnailUrl\":\"https:\/\/fittwear.nl\/wp-content\/uploads\/2024\/06\/top-los-zwart_Voorkant-boven_jpg_1.jpg\",\"datePublished\":\"2024-06-05T14:13:01+00:00\",\"dateModified\":\"2026-04-26T11:36:01+00:00\",\"description\":\"De Racerback Tanktop houdt je koel tijdens je work-outs! De top is gemaakt van een luchtige en een zweet absorberende stof en voorziet je van alle gemakken die je nodig hebt tijdens jouw intensieve work-outs. Beweeg moeiteloos tijdens jouw hardloopsessie, je krachttraining of je HITT training, het kan allemaal!\",\"breadcrumb\":{\"@id\":\"https:\/\/fittwear.nl\/product\/loose-tanktop-backdetail-black\/#breadcrumb\"},\"inLanguage\":\"fr-FR\",\"potentialAction\":[{\"@type\":\"ReadAction\",\"target\":[\"https:\/\/fittwear.nl\/product\/loose-tanktop-backdetail-black\/\"]}]},{\"@type\":\"ImageObject\",\"inLanguage\":\"fr-FR\",\"@id\":\"https:\/\/fittwear.nl\/product\/loose-tanktop-backdetail-black\/#primaryimage\",\"url\":\"https:\/\/fittwear.nl\/wp-content\/uploads\/2024\/06\/top-los-zwart_Voorkant-boven_jpg_1.jpg\",\"contentUrl\":\"https:\/\/fittwear.nl\/wp-content\/uploads\/2024\/06\/top-los-zwart_Voorkant-boven_jpg_1.jpg\",\"width\":1200,\"height\":1800},{\"@type\":\"BreadcrumbList\",\"@id\":\"https:\/\/fittwear.nl\/product\/loose-tanktop-backdetail-black\/#breadcrumb\",\"itemListElement\":[{\"@type\":\"ListItem\",\"position\":1,\"name\":\"Home\",\"item\":\"https:\/\/fittwear.nl\/\"},{\"@type\":\"ListItem\",\"position\":2,\"name\":\"Shop\",\"item\":\"https:\/\/fittwear.nl\/shop\/\"},{\"@type\":\"ListItem\",\"position\":3,\"name\":\"Loose Tanktop Backdetail Black\"}]},{\"@type\":\"WebSite\",\"@id\":\"https:\/\/fittwear.nl\/#website\",\"url\":\"https:\/\/fittwear.nl\/\",\"name\":\"FITTwear.nl\",\"description\":\"Time to shine!\",\"publisher\":{\"@id\":\"https:\/\/fittwear.nl\/#organization\"},\"potentialAction\":[{\"@type\":\"SearchAction\",\"target\":{\"@type\":\"EntryPoint\",\"urlTemplate\":\"https:\/\/fittwear.nl\/?s={search_term_string}\"},\"query-input\":{\"@type\":\"PropertyValueSpecification\",\"valueRequired\":true,\"valueName\":\"search_term_string\"}}],\"inLanguage\":\"fr-FR\"},{\"@type\":\"Organization\",\"@id\":\"https:\/\/fittwear.nl\/#organization\",\"name\":\"FITTwear.nl\",\"url\":\"https:\/\/fittwear.nl\/\",\"logo\":{\"@type\":\"ImageObject\",\"inLanguage\":\"fr-FR\",\"@id\":\"https:\/\/fittwear.nl\/#\/schema\/logo\/image\/\",\"url\":\"https:\/\/fittwear.nl\/wp-content\/uploads\/2024\/07\/FITT-Logo-BeYOUtiful-website-homepage_Tekengebied-1-scaled.jpg\",\"contentUrl\":\"https:\/\/fittwear.nl\/wp-content\/uploads\/2024\/07\/FITT-Logo-BeYOUtiful-website-homepage_Tekengebied-1-scaled.jpg\",\"width\":2560,\"height\":599,\"caption\":\"FITTwear.nl\"},\"image\":{\"@id\":\"https:\/\/fittwear.nl\/#\/schema\/logo\/image\/\"}}]}<\/script>\n<!-- \/ Yoast SEO plugin. -->","yoast_head_json":{"title":"D\u00e9bardeur ample Dos Dos Noir - FITTwear.fr","description":"Le d\u00e9bardeur Racerback vous permettra de rester au frais pendant vos s\u00e9ances d'entra\u00eenement ! Fabriqu\u00e9 dans un tissu a\u00e9r\u00e9 et absorbant la transpiration, le d\u00e9bardeur vous apporte tout le confort dont vous avez besoin pendant vos s\u00e9ances d'entra\u00eenement intenses. Bougez sans effort pendant votre s\u00e9ance de course \u00e0 pied, votre entra\u00eenement de musculation ou votre entra\u00eenement HITT, c'est possible !","robots":{"index":"index","follow":"follow","max-snippet":"max-snippet:-1","max-image-preview":"max-image-preview:large","max-video-preview":"max-video-preview:-1"},"canonical":"https:\/\/fittwear.nl\/fr\/produit-2\/debardeur-ample-avec-details-au-dos-noir\/","og_locale":"fr_FR","og_type":"article","og_title":"Loose Tanktop Backdetail Black - FITTwear.nl","og_description":"De Racerback Tanktop houdt je koel tijdens je work-outs! De top is gemaakt van een luchtige en een zweet absorberende stof en voorziet je van alle gemakken die je nodig hebt tijdens jouw intensieve work-outs. Beweeg moeiteloos tijdens jouw hardloopsessie, je krachttraining of je HITT training, het kan allemaal!","og_url":"https:\/\/fittwear.nl\/fr\/produit-2\/debardeur-ample-avec-details-au-dos-noir\/","og_site_name":"FITTwear.nl","article_modified_time":"2026-04-26T11:36:01+00:00","og_image":[{"width":1200,"height":1800,"url":"https:\/\/fittwear.nl\/wp-content\/uploads\/2024\/06\/top-los-zwart_Voorkant-boven_jpg_1.jpg","type":"image\/jpeg"}],"twitter_card":"summary_large_image","twitter_misc":{"Dur\u00e9e de lecture estim\u00e9e":"1 minute"},"schema":{"@context":"https:\/\/schema.org","@graph":[{"@type":"WebPage","@id":"https:\/\/fittwear.nl\/product\/loose-tanktop-backdetail-black\/","url":"https:\/\/fittwear.nl\/product\/loose-tanktop-backdetail-black\/","name":"D\u00e9bardeur ample Dos Dos Noir - FITTwear.fr","isPartOf":{"@id":"https:\/\/fittwear.nl\/#website"},"primaryImageOfPage":{"@id":"https:\/\/fittwear.nl\/product\/loose-tanktop-backdetail-black\/#primaryimage"},"image":{"@id":"https:\/\/fittwear.nl\/product\/loose-tanktop-backdetail-black\/#primaryimage"},"thumbnailUrl":"https:\/\/fittwear.nl\/wp-content\/uploads\/2024\/06\/top-los-zwart_Voorkant-boven_jpg_1.jpg","datePublished":"2024-06-05T14:13:01+00:00","dateModified":"2026-04-26T11:36:01+00:00","description":"Le d\u00e9bardeur Racerback vous permettra de rester au frais pendant vos s\u00e9ances d'entra\u00eenement ! Fabriqu\u00e9 dans un tissu a\u00e9r\u00e9 et absorbant la transpiration, le d\u00e9bardeur vous apporte tout le confort dont vous avez besoin pendant vos s\u00e9ances d'entra\u00eenement intenses. Bougez sans effort pendant votre s\u00e9ance de course \u00e0 pied, votre entra\u00eenement de musculation ou votre entra\u00eenement HITT, c'est possible !","breadcrumb":{"@id":"https:\/\/fittwear.nl\/product\/loose-tanktop-backdetail-black\/#breadcrumb"},"inLanguage":"fr-FR","potentialAction":[{"@type":"ReadAction","target":["https:\/\/fittwear.nl\/product\/loose-tanktop-backdetail-black\/"]}]},{"@type":"ImageObject","inLanguage":"fr-FR","@id":"https:\/\/fittwear.nl\/product\/loose-tanktop-backdetail-black\/#primaryimage","url":"https:\/\/fittwear.nl\/wp-content\/uploads\/2024\/06\/top-los-zwart_Voorkant-boven_jpg_1.jpg","contentUrl":"https:\/\/fittwear.nl\/wp-content\/uploads\/2024\/06\/top-los-zwart_Voorkant-boven_jpg_1.jpg","width":1200,"height":1800},{"@type":"BreadcrumbList","@id":"https:\/\/fittwear.nl\/product\/loose-tanktop-backdetail-black\/#breadcrumb","itemListElement":[{"@type":"ListItem","position":1,"name":"Home","item":"https:\/\/fittwear.nl\/"},{"@type":"ListItem","position":2,"name":"Shop","item":"https:\/\/fittwear.nl\/shop\/"},{"@type":"ListItem","position":3,"name":"Loose Tanktop Backdetail Black"}]},{"@type":"WebSite","@id":"https:\/\/fittwear.nl\/#website","url":"https:\/\/fittwear.nl\/","name":"FITTwear.co.uk","description":"C'est le moment de briller !","publisher":{"@id":"https:\/\/fittwear.nl\/#organization"},"potentialAction":[{"@type":"SearchAction","target":{"@type":"EntryPoint","urlTemplate":"https:\/\/fittwear.nl\/?s={search_term_string}"},"query-input":{"@type":"PropertyValueSpecification","valueRequired":true,"valueName":"search_term_string"}}],"inLanguage":"fr-FR"},{"@type":"Organization","@id":"https:\/\/fittwear.nl\/#organization","name":"FITTwear.co.uk","url":"https:\/\/fittwear.nl\/","logo":{"@type":"ImageObject","inLanguage":"fr-FR","@id":"https:\/\/fittwear.nl\/#\/schema\/logo\/image\/","url":"https:\/\/fittwear.nl\/wp-content\/uploads\/2024\/07\/FITT-Logo-BeYOUtiful-website-homepage_Tekengebied-1-scaled.jpg","contentUrl":"https:\/\/fittwear.nl\/wp-content\/uploads\/2024\/07\/FITT-Logo-BeYOUtiful-website-homepage_Tekengebied-1-scaled.jpg","width":2560,"height":599,"caption":"FITTwear.nl"},"image":{"@id":"https:\/\/fittwear.nl\/#\/schema\/logo\/image\/"}}]}},"_links":{"self":[{"href":"https:\/\/fittwear.nl\/fr\/wp-json\/wp\/v2\/product\/92676","targetHints":{"allow":["GET"]}}],"collection":[{"href":"https:\/\/fittwear.nl\/fr\/wp-json\/wp\/v2\/product"}],"about":[{"href":"https:\/\/fittwear.nl\/fr\/wp-json\/wp\/v2\/types\/product"}],"wp:featuredmedia":[{"embeddable":true,"href":"https:\/\/fittwear.nl\/fr\/wp-json\/wp\/v2\/media\/93597"}],"wp:attachment":[{"href":"https:\/\/fittwear.nl\/fr\/wp-json\/wp\/v2\/media?parent=92676"}],"wp:term":[{"taxonomy":"product_brand","embeddable":true,"href":"https:\/\/fittwear.nl\/fr\/wp-json\/wp\/v2\/product_brand?post=92676"},{"taxonomy":"product_cat","embeddable":true,"href":"https:\/\/fittwear.nl\/fr\/wp-json\/wp\/v2\/product_cat?post=92676"},{"taxonomy":"product_tag","embeddable":true,"href":"https:\/\/fittwear.nl\/fr\/wp-json\/wp\/v2\/product_tag?post=92676"}],"curies":[{"name":"wp","href":"https:\/\/api.w.org\/{rel}","templated":true}]}}