{"id":93578,"date":"2024-06-05T15:53:45","date_gmt":"2024-06-05T13:53:45","guid":{"rendered":"https:\/\/fittwear.nl\/?post_type=product&#038;p=93578"},"modified":"2026-05-08T05:43:58","modified_gmt":"2026-05-08T03:43:58","slug":"short-chouchou-en-v-gris","status":"publish","type":"product","link":"https:\/\/fittwear.nl\/fr\/product\/v-shape-scrunch-short-grey\/","title":{"rendered":"Short en V \u00e0 froncer Gris"},"content":{"rendered":"<p>&#8211; V-shaped waist band<\/p>\n\n\n\n<p>&#8211; Met scrunch<\/p>\n\n\n\n<p>&#8211; Met 2 zakken aan de zijkant<\/p>\n\n\n\n<p>- Mati\u00e8re extensible<\/p>\n\n\n\n<p>- Logo imprim\u00e9 au dos<\/p>\n\n\n\n<p>- Couleur : Gris<\/p>\n\n\n\n<p>- Lavable jusqu'\u00e0 30\u00b0.<\/p>\n\n\n\n<p>- Le mod\u00e8le Nanon mesure 1,75 et porte la taille S<\/p>","protected":false},"excerpt":{"rendered":"<p>Le scrunch est totalement \u00e0 la mode en ce moment, et nous l'adorons !  Le short est fabriqu\u00e9 dans un tissu extensible et doux et offre une bonne compression. Gr\u00e2ce \u00e0 la solide bande de taille haute, le short reste en place pendant l'exercice. Bref, un v\u00e9ritable must-have pour toutes les FITTgirl !<\/p>","protected":false},"featured_media":94144,"template":"","meta":{"_acf_changed":false},"product_brand":[],"product_cat":[63,4814,64,4760,4285,93,65],"product_tag":[],"class_list":{"0":"post-93578","1":"product","2":"type-product","3":"status-publish","4":"has-post-thumbnail","6":"product_cat-curves","7":"product_cat-fitness","8":"product_cat-hardloopkleding","9":"product_cat-pocket-shorts","10":"product_cat-scrunch-shorts","11":"product_cat-shorts","12":"product_cat-yogakleding","14":"first","15":"instock","16":"taxable","17":"shipping-taxable","18":"purchasable","19":"product-type-variable","20":"has-default-attributes"},"acf":[],"yoast_head":"<!-- This site is optimized with the Yoast SEO plugin v27.1.1 - https:\/\/yoast.com\/product\/yoast-seo-wordpress\/ -->\n<title>V-shape Scrunch Short Grey - FITTwear.nl<\/title>\n<meta name=\"description\" content=\"Scrunch is helemaal de trend van nu, en wij houden er van! \u00a0De short is gemaakt van een stretchy en zachte stof en biedt goede compressie. Door de stevige high waist band zal de short goed blijven zitten tijdens het sporten. Kortom, een echte musthave voor elke FITTgirl!\" \/>\n<meta name=\"robots\" content=\"index, follow, max-snippet:-1, max-image-preview:large, max-video-preview:-1\" \/>\n<link rel=\"canonical\" href=\"https:\/\/fittwear.nl\/fr\/produit-2\/short-chouchou-en-v-gris\/\" \/>\n<meta property=\"og:locale\" content=\"fr_FR\" \/>\n<meta property=\"og:type\" content=\"article\" \/>\n<meta property=\"og:title\" content=\"V-shape Scrunch Short Grey - FITTwear.nl\" \/>\n<meta property=\"og:description\" content=\"Scrunch is helemaal de trend van nu, en wij houden er van! \u00a0De short is gemaakt van een stretchy en zachte stof en biedt goede compressie. Door de stevige high waist band zal de short goed blijven zitten tijdens het sporten. Kortom, een echte musthave voor elke FITTgirl!\" \/>\n<meta property=\"og:url\" content=\"https:\/\/fittwear.nl\/fr\/produit-2\/short-chouchou-en-v-gris\/\" \/>\n<meta property=\"og:site_name\" content=\"FITTwear.nl\" \/>\n<meta property=\"article:modified_time\" content=\"2026-05-08T03:43:58+00:00\" \/>\n<meta property=\"og:image\" content=\"https:\/\/fittwear.nl\/wp-content\/uploads\/2024\/06\/v-shape-bordeaux_Voorkant-onder_jpg_2.jpg\" \/>\n\t<meta property=\"og:image:width\" content=\"1200\" \/>\n\t<meta property=\"og:image:height\" content=\"1800\" \/>\n\t<meta property=\"og:image:type\" content=\"image\/jpeg\" \/>\n<meta name=\"twitter:card\" content=\"summary_large_image\" \/>\n<meta name=\"twitter:label1\" content=\"Dur\u00e9e de lecture estim\u00e9e\" \/>\n\t<meta name=\"twitter:data1\" content=\"1 minute\" \/>\n<script type=\"application\/ld+json\" class=\"yoast-schema-graph\">{\"@context\":\"https:\/\/schema.org\",\"@graph\":[{\"@type\":\"WebPage\",\"@id\":\"https:\/\/fittwear.nl\/product\/v-shape-scrunch-short-grey\/\",\"url\":\"https:\/\/fittwear.nl\/product\/v-shape-scrunch-short-grey\/\",\"name\":\"V-shape Scrunch Short Grey - FITTwear.nl\",\"isPartOf\":{\"@id\":\"https:\/\/fittwear.nl\/#website\"},\"primaryImageOfPage\":{\"@id\":\"https:\/\/fittwear.nl\/product\/v-shape-scrunch-short-grey\/#primaryimage\"},\"image\":{\"@id\":\"https:\/\/fittwear.nl\/product\/v-shape-scrunch-short-grey\/#primaryimage\"},\"thumbnailUrl\":\"https:\/\/fittwear.nl\/wp-content\/uploads\/2024\/06\/v-shape-bordeaux_Voorkant-onder_jpg_2.jpg\",\"datePublished\":\"2024-06-05T13:53:45+00:00\",\"dateModified\":\"2026-05-08T03:43:58+00:00\",\"description\":\"Scrunch is helemaal de trend van nu, en wij houden er van! \u00a0De short is gemaakt van een stretchy en zachte stof en biedt goede compressie. Door de stevige high waist band zal de short goed blijven zitten tijdens het sporten. Kortom, een echte musthave voor elke FITTgirl!\",\"breadcrumb\":{\"@id\":\"https:\/\/fittwear.nl\/product\/v-shape-scrunch-short-grey\/#breadcrumb\"},\"inLanguage\":\"fr-FR\",\"potentialAction\":[{\"@type\":\"ReadAction\",\"target\":[\"https:\/\/fittwear.nl\/product\/v-shape-scrunch-short-grey\/\"]}]},{\"@type\":\"ImageObject\",\"inLanguage\":\"fr-FR\",\"@id\":\"https:\/\/fittwear.nl\/product\/v-shape-scrunch-short-grey\/#primaryimage\",\"url\":\"https:\/\/fittwear.nl\/wp-content\/uploads\/2024\/06\/v-shape-bordeaux_Voorkant-onder_jpg_2.jpg\",\"contentUrl\":\"https:\/\/fittwear.nl\/wp-content\/uploads\/2024\/06\/v-shape-bordeaux_Voorkant-onder_jpg_2.jpg\",\"width\":1200,\"height\":1800},{\"@type\":\"BreadcrumbList\",\"@id\":\"https:\/\/fittwear.nl\/product\/v-shape-scrunch-short-grey\/#breadcrumb\",\"itemListElement\":[{\"@type\":\"ListItem\",\"position\":1,\"name\":\"Home\",\"item\":\"https:\/\/fittwear.nl\/\"},{\"@type\":\"ListItem\",\"position\":2,\"name\":\"Shop\",\"item\":\"https:\/\/fittwear.nl\/shop\/\"},{\"@type\":\"ListItem\",\"position\":3,\"name\":\"V-shape Scrunch Short Grey\"}]},{\"@type\":\"WebSite\",\"@id\":\"https:\/\/fittwear.nl\/#website\",\"url\":\"https:\/\/fittwear.nl\/\",\"name\":\"FITTwear.nl\",\"description\":\"Time to shine!\",\"publisher\":{\"@id\":\"https:\/\/fittwear.nl\/#organization\"},\"potentialAction\":[{\"@type\":\"SearchAction\",\"target\":{\"@type\":\"EntryPoint\",\"urlTemplate\":\"https:\/\/fittwear.nl\/?s={search_term_string}\"},\"query-input\":{\"@type\":\"PropertyValueSpecification\",\"valueRequired\":true,\"valueName\":\"search_term_string\"}}],\"inLanguage\":\"fr-FR\"},{\"@type\":\"Organization\",\"@id\":\"https:\/\/fittwear.nl\/#organization\",\"name\":\"FITTwear.nl\",\"url\":\"https:\/\/fittwear.nl\/\",\"logo\":{\"@type\":\"ImageObject\",\"inLanguage\":\"fr-FR\",\"@id\":\"https:\/\/fittwear.nl\/#\/schema\/logo\/image\/\",\"url\":\"https:\/\/fittwear.nl\/wp-content\/uploads\/2024\/07\/FITT-Logo-BeYOUtiful-website-homepage_Tekengebied-1-scaled.jpg\",\"contentUrl\":\"https:\/\/fittwear.nl\/wp-content\/uploads\/2024\/07\/FITT-Logo-BeYOUtiful-website-homepage_Tekengebied-1-scaled.jpg\",\"width\":2560,\"height\":599,\"caption\":\"FITTwear.nl\"},\"image\":{\"@id\":\"https:\/\/fittwear.nl\/#\/schema\/logo\/image\/\"}}]}<\/script>\n<!-- \/ Yoast SEO plugin. -->","yoast_head_json":{"title":"Short Scrunch en V Gris - FITTwear.fr","description":"Le scrunch est totalement \u00e0 la mode en ce moment, et nous l'adorons !  Le short est fabriqu\u00e9 dans un tissu extensible et doux et offre une bonne compression. Gr\u00e2ce \u00e0 la solide bande de taille haute, le short reste en place pendant l'exercice. Bref, un v\u00e9ritable must-have pour toutes les FITTgirl !","robots":{"index":"index","follow":"follow","max-snippet":"max-snippet:-1","max-image-preview":"max-image-preview:large","max-video-preview":"max-video-preview:-1"},"canonical":"https:\/\/fittwear.nl\/fr\/produit-2\/short-chouchou-en-v-gris\/","og_locale":"fr_FR","og_type":"article","og_title":"V-shape Scrunch Short Grey - FITTwear.nl","og_description":"Scrunch is helemaal de trend van nu, en wij houden er van! \u00a0De short is gemaakt van een stretchy en zachte stof en biedt goede compressie. Door de stevige high waist band zal de short goed blijven zitten tijdens het sporten. Kortom, een echte musthave voor elke FITTgirl!","og_url":"https:\/\/fittwear.nl\/fr\/produit-2\/short-chouchou-en-v-gris\/","og_site_name":"FITTwear.nl","article_modified_time":"2026-05-08T03:43:58+00:00","og_image":[{"width":1200,"height":1800,"url":"https:\/\/fittwear.nl\/wp-content\/uploads\/2024\/06\/v-shape-bordeaux_Voorkant-onder_jpg_2.jpg","type":"image\/jpeg"}],"twitter_card":"summary_large_image","twitter_misc":{"Dur\u00e9e de lecture estim\u00e9e":"1 minute"},"schema":{"@context":"https:\/\/schema.org","@graph":[{"@type":"WebPage","@id":"https:\/\/fittwear.nl\/product\/v-shape-scrunch-short-grey\/","url":"https:\/\/fittwear.nl\/product\/v-shape-scrunch-short-grey\/","name":"Short Scrunch en V Gris - FITTwear.fr","isPartOf":{"@id":"https:\/\/fittwear.nl\/#website"},"primaryImageOfPage":{"@id":"https:\/\/fittwear.nl\/product\/v-shape-scrunch-short-grey\/#primaryimage"},"image":{"@id":"https:\/\/fittwear.nl\/product\/v-shape-scrunch-short-grey\/#primaryimage"},"thumbnailUrl":"https:\/\/fittwear.nl\/wp-content\/uploads\/2024\/06\/v-shape-bordeaux_Voorkant-onder_jpg_2.jpg","datePublished":"2024-06-05T13:53:45+00:00","dateModified":"2026-05-08T03:43:58+00:00","description":"Le scrunch est totalement \u00e0 la mode en ce moment, et nous l'adorons !  Le short est fabriqu\u00e9 dans un tissu extensible et doux et offre une bonne compression. Gr\u00e2ce \u00e0 la solide bande de taille haute, le short reste en place pendant l'exercice. Bref, un v\u00e9ritable must-have pour toutes les FITTgirl !","breadcrumb":{"@id":"https:\/\/fittwear.nl\/product\/v-shape-scrunch-short-grey\/#breadcrumb"},"inLanguage":"fr-FR","potentialAction":[{"@type":"ReadAction","target":["https:\/\/fittwear.nl\/product\/v-shape-scrunch-short-grey\/"]}]},{"@type":"ImageObject","inLanguage":"fr-FR","@id":"https:\/\/fittwear.nl\/product\/v-shape-scrunch-short-grey\/#primaryimage","url":"https:\/\/fittwear.nl\/wp-content\/uploads\/2024\/06\/v-shape-bordeaux_Voorkant-onder_jpg_2.jpg","contentUrl":"https:\/\/fittwear.nl\/wp-content\/uploads\/2024\/06\/v-shape-bordeaux_Voorkant-onder_jpg_2.jpg","width":1200,"height":1800},{"@type":"BreadcrumbList","@id":"https:\/\/fittwear.nl\/product\/v-shape-scrunch-short-grey\/#breadcrumb","itemListElement":[{"@type":"ListItem","position":1,"name":"Home","item":"https:\/\/fittwear.nl\/"},{"@type":"ListItem","position":2,"name":"Shop","item":"https:\/\/fittwear.nl\/shop\/"},{"@type":"ListItem","position":3,"name":"V-shape Scrunch Short Grey"}]},{"@type":"WebSite","@id":"https:\/\/fittwear.nl\/#website","url":"https:\/\/fittwear.nl\/","name":"FITTwear.co.uk","description":"C'est le moment de briller !","publisher":{"@id":"https:\/\/fittwear.nl\/#organization"},"potentialAction":[{"@type":"SearchAction","target":{"@type":"EntryPoint","urlTemplate":"https:\/\/fittwear.nl\/?s={search_term_string}"},"query-input":{"@type":"PropertyValueSpecification","valueRequired":true,"valueName":"search_term_string"}}],"inLanguage":"fr-FR"},{"@type":"Organization","@id":"https:\/\/fittwear.nl\/#organization","name":"FITTwear.co.uk","url":"https:\/\/fittwear.nl\/","logo":{"@type":"ImageObject","inLanguage":"fr-FR","@id":"https:\/\/fittwear.nl\/#\/schema\/logo\/image\/","url":"https:\/\/fittwear.nl\/wp-content\/uploads\/2024\/07\/FITT-Logo-BeYOUtiful-website-homepage_Tekengebied-1-scaled.jpg","contentUrl":"https:\/\/fittwear.nl\/wp-content\/uploads\/2024\/07\/FITT-Logo-BeYOUtiful-website-homepage_Tekengebied-1-scaled.jpg","width":2560,"height":599,"caption":"FITTwear.nl"},"image":{"@id":"https:\/\/fittwear.nl\/#\/schema\/logo\/image\/"}}]}},"_links":{"self":[{"href":"https:\/\/fittwear.nl\/fr\/wp-json\/wp\/v2\/product\/93578","targetHints":{"allow":["GET"]}}],"collection":[{"href":"https:\/\/fittwear.nl\/fr\/wp-json\/wp\/v2\/product"}],"about":[{"href":"https:\/\/fittwear.nl\/fr\/wp-json\/wp\/v2\/types\/product"}],"wp:featuredmedia":[{"embeddable":true,"href":"https:\/\/fittwear.nl\/fr\/wp-json\/wp\/v2\/media\/94144"}],"wp:attachment":[{"href":"https:\/\/fittwear.nl\/fr\/wp-json\/wp\/v2\/media?parent=93578"}],"wp:term":[{"taxonomy":"product_brand","embeddable":true,"href":"https:\/\/fittwear.nl\/fr\/wp-json\/wp\/v2\/product_brand?post=93578"},{"taxonomy":"product_cat","embeddable":true,"href":"https:\/\/fittwear.nl\/fr\/wp-json\/wp\/v2\/product_cat?post=93578"},{"taxonomy":"product_tag","embeddable":true,"href":"https:\/\/fittwear.nl\/fr\/wp-json\/wp\/v2\/product_tag?post=93578"}],"curies":[{"name":"wp","href":"https:\/\/api.w.org\/{rel}","templated":true}]}}