{"id":96559,"date":"2024-08-16T13:15:25","date_gmt":"2024-08-16T11:15:25","guid":{"rendered":"https:\/\/fittwear.nl\/?post_type=product&#038;p=96559"},"modified":"2026-05-07T04:23:33","modified_gmt":"2026-05-07T02:23:33","slug":"smile-scrunch-short-rose","status":"publish","type":"product","link":"https:\/\/fittwear.nl\/fr\/product\/smile-scrunch-short-pink\/","title":{"rendered":"Short Smile Scrunch rose"},"content":{"rendered":"<p>&#8211; High Waist tailleband<\/p>\n\n\n\n<p>&#8211; Met scrunch en contourlijnen<\/p>\n\n\n\n<p>&#8211; Stevige stof geeft compressie<\/p>\n\n\n\n<p>- Mati\u00e8re extensible<\/p>\n\n\n\n<p>&#8211; Gestructureerde details aan onderzijde van de benen<\/p>\n\n\n\n<p>- Logo imprim\u00e9 au dos<\/p>\n\n\n\n<p>&#8211; Kleur: Pink<\/p>\n\n\n\n<p>&#8211; 87% Nylon, 13% Spandex<\/p>\n\n\n\n<p>- Lavable jusqu'\u00e0 30\u00b0.<\/p>\n\n\n\n<p>&#8211; Model Donna is 1.83cm en draagt maat M<\/p>","protected":false},"excerpt":{"rendered":"<p>Le short Smile Scrunch est un \u00e9l\u00e9ment essentiel de votre garde-robe sportive ! Avec son tissu super extensible, sa taille haute et ses lignes uniques de froncement et de contour, ce legging est parfait pour toutes les occasions. Le legging se moule sans effort \u00e0 votre corps et accentue vos courbes naturelles, ce qui vous permet d'\u00eatre toujours \u00e0 l'aise, que vous soyez \u00e0 la salle de sport, que vous fassiez une s\u00e9ance de yoga ou que vous compl\u00e9tiez simplement votre tenue de tous les jours. Gr\u00e2ce \u00e0 sa coupe ajust\u00e9e et \u00e0 ses lignes de contour d\u00e9taill\u00e9es, ce legging est non seulement confortable, mais aussi \u00e9l\u00e9gant. C'est l'alliance parfaite de la commodit\u00e9 et de la mode. Que vous optiez pour une s\u00e9ance d'entra\u00eenement intense ou un look d\u00e9contract\u00e9, le short Smile Scrunch vous offre une libert\u00e9 de mouvement, une commodit\u00e9, un look tendance et vous permet de continuer \u00e0 mener un style de vie heureux. Comment le porterez-vous ?<\/p>","protected":false},"featured_media":97942,"template":"","meta":{"_acf_changed":true},"product_brand":[],"product_cat":[63,4814,64,4285,93],"product_tag":[],"class_list":{"0":"post-96559","1":"product","2":"type-product","3":"status-publish","4":"has-post-thumbnail","6":"product_cat-curves","7":"product_cat-fitness","8":"product_cat-hardloopkleding","9":"product_cat-scrunch-shorts","10":"product_cat-shorts","12":"first","13":"instock","14":"taxable","15":"shipping-taxable","16":"purchasable","17":"product-type-variable","18":"has-default-attributes"},"acf":[],"yoast_head":"<!-- This site is optimized with the Yoast SEO plugin v27.1.1 - https:\/\/yoast.com\/product\/yoast-seo-wordpress\/ -->\n<title>Smile Scrunch Short Pink - FITTwear.nl<\/title>\n<meta name=\"description\" content=\"De Smile Scrunch Shortis een onmisbaar item in jouw sportgarderobe! Met zijn super stretchy stof, hoge tailleband en unieke scrunch- en contourlijnen is deze legging perfect voor iedere gelegenheid. De legging vormt zich moeiteloos naar je lichaam en accentueert je natuurlijke rondingen, waardoor je er altijd comfortabel bijloopt, of je nu in de sportschool staat, een yoga-sessie volgt of gewoon je dagelijkse outfit compleet maakt. Dankzij de aansluitende pasvorm en de gedetailleerde contourlijnen voelt deze legging niet alleen comfortabel aan, maar ziet hij er ook stijlvol uit. Het is de perfecte mix van gemak en fashion. Of je nu gaat voor een intensieve workout of een casual look, de Smile Scrunch Short biedt je bewegingsvrijheid, gemak, een trendy uitstraling en zorgt ervoor dat jij jouw happy lifestyle voort kan zetten. Hoe ga jij hem stylen?\" \/>\n<meta name=\"robots\" content=\"index, follow, max-snippet:-1, max-image-preview:large, max-video-preview:-1\" \/>\n<link rel=\"canonical\" href=\"https:\/\/fittwear.nl\/fr\/produit-2\/smile-scrunch-short-rose\/\" \/>\n<meta property=\"og:locale\" content=\"fr_FR\" \/>\n<meta property=\"og:type\" content=\"article\" \/>\n<meta property=\"og:title\" content=\"Smile Scrunch Short Pink - FITTwear.nl\" \/>\n<meta property=\"og:description\" content=\"De Smile Scrunch Shortis een onmisbaar item in jouw sportgarderobe! Met zijn super stretchy stof, hoge tailleband en unieke scrunch- en contourlijnen is deze legging perfect voor iedere gelegenheid. De legging vormt zich moeiteloos naar je lichaam en accentueert je natuurlijke rondingen, waardoor je er altijd comfortabel bijloopt, of je nu in de sportschool staat, een yoga-sessie volgt of gewoon je dagelijkse outfit compleet maakt. Dankzij de aansluitende pasvorm en de gedetailleerde contourlijnen voelt deze legging niet alleen comfortabel aan, maar ziet hij er ook stijlvol uit. Het is de perfecte mix van gemak en fashion. Of je nu gaat voor een intensieve workout of een casual look, de Smile Scrunch Short biedt je bewegingsvrijheid, gemak, een trendy uitstraling en zorgt ervoor dat jij jouw happy lifestyle voort kan zetten. Hoe ga jij hem stylen?\" \/>\n<meta property=\"og:url\" content=\"https:\/\/fittwear.nl\/fr\/produit-2\/smile-scrunch-short-rose\/\" \/>\n<meta property=\"og:site_name\" content=\"FITTwear.nl\" \/>\n<meta property=\"article:modified_time\" content=\"2026-05-07T02:23:33+00:00\" \/>\n<meta property=\"og:image\" content=\"https:\/\/fittwear.nl\/wp-content\/uploads\/2024\/08\/smile-short-roze_Voorkant-onder_jpg_3.jpg\" \/>\n\t<meta property=\"og:image:width\" content=\"1200\" \/>\n\t<meta property=\"og:image:height\" content=\"1800\" \/>\n\t<meta property=\"og:image:type\" content=\"image\/jpeg\" \/>\n<meta name=\"twitter:card\" content=\"summary_large_image\" \/>\n<meta name=\"twitter:label1\" content=\"Dur\u00e9e de lecture estim\u00e9e\" \/>\n\t<meta name=\"twitter:data1\" content=\"1 minute\" \/>\n<script type=\"application\/ld+json\" class=\"yoast-schema-graph\">{\"@context\":\"https:\/\/schema.org\",\"@graph\":[{\"@type\":\"WebPage\",\"@id\":\"https:\/\/fittwear.nl\/product\/smile-scrunch-short-pink\/\",\"url\":\"https:\/\/fittwear.nl\/product\/smile-scrunch-short-pink\/\",\"name\":\"Smile Scrunch Short Pink - FITTwear.nl\",\"isPartOf\":{\"@id\":\"https:\/\/fittwear.nl\/#website\"},\"primaryImageOfPage\":{\"@id\":\"https:\/\/fittwear.nl\/product\/smile-scrunch-short-pink\/#primaryimage\"},\"image\":{\"@id\":\"https:\/\/fittwear.nl\/product\/smile-scrunch-short-pink\/#primaryimage\"},\"thumbnailUrl\":\"https:\/\/fittwear.nl\/wp-content\/uploads\/2024\/08\/smile-short-roze_Voorkant-onder_jpg_3.jpg\",\"datePublished\":\"2024-08-16T11:15:25+00:00\",\"dateModified\":\"2026-05-07T02:23:33+00:00\",\"description\":\"De Smile Scrunch Shortis een onmisbaar item in jouw sportgarderobe! Met zijn super stretchy stof, hoge tailleband en unieke scrunch- en contourlijnen is deze legging perfect voor iedere gelegenheid. De legging vormt zich moeiteloos naar je lichaam en accentueert je natuurlijke rondingen, waardoor je er altijd comfortabel bijloopt, of je nu in de sportschool staat, een yoga-sessie volgt of gewoon je dagelijkse outfit compleet maakt. Dankzij de aansluitende pasvorm en de gedetailleerde contourlijnen voelt deze legging niet alleen comfortabel aan, maar ziet hij er ook stijlvol uit. Het is de perfecte mix van gemak en fashion. Of je nu gaat voor een intensieve workout of een casual look, de Smile Scrunch Short biedt je bewegingsvrijheid, gemak, een trendy uitstraling en zorgt ervoor dat jij jouw happy lifestyle voort kan zetten. Hoe ga jij hem stylen?\",\"breadcrumb\":{\"@id\":\"https:\/\/fittwear.nl\/product\/smile-scrunch-short-pink\/#breadcrumb\"},\"inLanguage\":\"fr-FR\",\"potentialAction\":[{\"@type\":\"ReadAction\",\"target\":[\"https:\/\/fittwear.nl\/product\/smile-scrunch-short-pink\/\"]}]},{\"@type\":\"ImageObject\",\"inLanguage\":\"fr-FR\",\"@id\":\"https:\/\/fittwear.nl\/product\/smile-scrunch-short-pink\/#primaryimage\",\"url\":\"https:\/\/fittwear.nl\/wp-content\/uploads\/2024\/08\/smile-short-roze_Voorkant-onder_jpg_3.jpg\",\"contentUrl\":\"https:\/\/fittwear.nl\/wp-content\/uploads\/2024\/08\/smile-short-roze_Voorkant-onder_jpg_3.jpg\",\"width\":1200,\"height\":1800},{\"@type\":\"BreadcrumbList\",\"@id\":\"https:\/\/fittwear.nl\/product\/smile-scrunch-short-pink\/#breadcrumb\",\"itemListElement\":[{\"@type\":\"ListItem\",\"position\":1,\"name\":\"Home\",\"item\":\"https:\/\/fittwear.nl\/\"},{\"@type\":\"ListItem\",\"position\":2,\"name\":\"Shop\",\"item\":\"https:\/\/fittwear.nl\/shop\/\"},{\"@type\":\"ListItem\",\"position\":3,\"name\":\"Smile Scrunch Short Pink\"}]},{\"@type\":\"WebSite\",\"@id\":\"https:\/\/fittwear.nl\/#website\",\"url\":\"https:\/\/fittwear.nl\/\",\"name\":\"FITTwear.nl\",\"description\":\"Time to shine!\",\"publisher\":{\"@id\":\"https:\/\/fittwear.nl\/#organization\"},\"potentialAction\":[{\"@type\":\"SearchAction\",\"target\":{\"@type\":\"EntryPoint\",\"urlTemplate\":\"https:\/\/fittwear.nl\/?s={search_term_string}\"},\"query-input\":{\"@type\":\"PropertyValueSpecification\",\"valueRequired\":true,\"valueName\":\"search_term_string\"}}],\"inLanguage\":\"fr-FR\"},{\"@type\":\"Organization\",\"@id\":\"https:\/\/fittwear.nl\/#organization\",\"name\":\"FITTwear.nl\",\"url\":\"https:\/\/fittwear.nl\/\",\"logo\":{\"@type\":\"ImageObject\",\"inLanguage\":\"fr-FR\",\"@id\":\"https:\/\/fittwear.nl\/#\/schema\/logo\/image\/\",\"url\":\"https:\/\/fittwear.nl\/wp-content\/uploads\/2024\/07\/FITT-Logo-BeYOUtiful-website-homepage_Tekengebied-1-scaled.jpg\",\"contentUrl\":\"https:\/\/fittwear.nl\/wp-content\/uploads\/2024\/07\/FITT-Logo-BeYOUtiful-website-homepage_Tekengebied-1-scaled.jpg\",\"width\":2560,\"height\":599,\"caption\":\"FITTwear.nl\"},\"image\":{\"@id\":\"https:\/\/fittwear.nl\/#\/schema\/logo\/image\/\"}}]}<\/script>\n<!-- \/ Yoast SEO plugin. -->","yoast_head_json":{"title":"Short Smile Scrunch Rose - FITTwear.fr","description":"Le short Smile Scrunch est un \u00e9l\u00e9ment essentiel de votre garde-robe sportive ! Avec son tissu super extensible, sa taille haute et ses lignes uniques de froncement et de contour, ce legging est parfait pour toutes les occasions. Le legging se moule sans effort \u00e0 votre corps et accentue vos courbes naturelles, ce qui vous permet d'\u00eatre toujours \u00e0 l'aise, que vous soyez \u00e0 la salle de sport, que vous fassiez une s\u00e9ance de yoga ou que vous compl\u00e9tiez simplement votre tenue de tous les jours. Gr\u00e2ce \u00e0 sa coupe ajust\u00e9e et \u00e0 ses lignes de contour d\u00e9taill\u00e9es, ce legging est non seulement confortable, mais aussi \u00e9l\u00e9gant. C'est l'alliance parfaite de la commodit\u00e9 et de la mode. Que vous optiez pour une s\u00e9ance d'entra\u00eenement intense ou un look d\u00e9contract\u00e9, le short Smile Scrunch vous offre une libert\u00e9 de mouvement, une commodit\u00e9, un look tendance et vous permet de continuer \u00e0 mener un style de vie heureux. Comment le porterez-vous ?","robots":{"index":"index","follow":"follow","max-snippet":"max-snippet:-1","max-image-preview":"max-image-preview:large","max-video-preview":"max-video-preview:-1"},"canonical":"https:\/\/fittwear.nl\/fr\/produit-2\/smile-scrunch-short-rose\/","og_locale":"fr_FR","og_type":"article","og_title":"Smile Scrunch Short Pink - FITTwear.nl","og_description":"De Smile Scrunch Shortis een onmisbaar item in jouw sportgarderobe! Met zijn super stretchy stof, hoge tailleband en unieke scrunch- en contourlijnen is deze legging perfect voor iedere gelegenheid. De legging vormt zich moeiteloos naar je lichaam en accentueert je natuurlijke rondingen, waardoor je er altijd comfortabel bijloopt, of je nu in de sportschool staat, een yoga-sessie volgt of gewoon je dagelijkse outfit compleet maakt. Dankzij de aansluitende pasvorm en de gedetailleerde contourlijnen voelt deze legging niet alleen comfortabel aan, maar ziet hij er ook stijlvol uit. Het is de perfecte mix van gemak en fashion. Of je nu gaat voor een intensieve workout of een casual look, de Smile Scrunch Short biedt je bewegingsvrijheid, gemak, een trendy uitstraling en zorgt ervoor dat jij jouw happy lifestyle voort kan zetten. Hoe ga jij hem stylen?","og_url":"https:\/\/fittwear.nl\/fr\/produit-2\/smile-scrunch-short-rose\/","og_site_name":"FITTwear.nl","article_modified_time":"2026-05-07T02:23:33+00:00","og_image":[{"width":1200,"height":1800,"url":"https:\/\/fittwear.nl\/wp-content\/uploads\/2024\/08\/smile-short-roze_Voorkant-onder_jpg_3.jpg","type":"image\/jpeg"}],"twitter_card":"summary_large_image","twitter_misc":{"Dur\u00e9e de lecture estim\u00e9e":"1 minute"},"schema":{"@context":"https:\/\/schema.org","@graph":[{"@type":"WebPage","@id":"https:\/\/fittwear.nl\/product\/smile-scrunch-short-pink\/","url":"https:\/\/fittwear.nl\/product\/smile-scrunch-short-pink\/","name":"Short Smile Scrunch Rose - FITTwear.fr","isPartOf":{"@id":"https:\/\/fittwear.nl\/#website"},"primaryImageOfPage":{"@id":"https:\/\/fittwear.nl\/product\/smile-scrunch-short-pink\/#primaryimage"},"image":{"@id":"https:\/\/fittwear.nl\/product\/smile-scrunch-short-pink\/#primaryimage"},"thumbnailUrl":"https:\/\/fittwear.nl\/wp-content\/uploads\/2024\/08\/smile-short-roze_Voorkant-onder_jpg_3.jpg","datePublished":"2024-08-16T11:15:25+00:00","dateModified":"2026-05-07T02:23:33+00:00","description":"Le short Smile Scrunch est un \u00e9l\u00e9ment essentiel de votre garde-robe sportive ! Avec son tissu super extensible, sa taille haute et ses lignes uniques de froncement et de contour, ce legging est parfait pour toutes les occasions. Le legging se moule sans effort \u00e0 votre corps et accentue vos courbes naturelles, ce qui vous permet d'\u00eatre toujours \u00e0 l'aise, que vous soyez \u00e0 la salle de sport, que vous fassiez une s\u00e9ance de yoga ou que vous compl\u00e9tiez simplement votre tenue de tous les jours. Gr\u00e2ce \u00e0 sa coupe ajust\u00e9e et \u00e0 ses lignes de contour d\u00e9taill\u00e9es, ce legging est non seulement confortable, mais aussi \u00e9l\u00e9gant. C'est l'alliance parfaite de la commodit\u00e9 et de la mode. Que vous optiez pour une s\u00e9ance d'entra\u00eenement intense ou un look d\u00e9contract\u00e9, le short Smile Scrunch vous offre une libert\u00e9 de mouvement, une commodit\u00e9, un look tendance et vous permet de continuer \u00e0 mener un style de vie heureux. Comment le porterez-vous ?","breadcrumb":{"@id":"https:\/\/fittwear.nl\/product\/smile-scrunch-short-pink\/#breadcrumb"},"inLanguage":"fr-FR","potentialAction":[{"@type":"ReadAction","target":["https:\/\/fittwear.nl\/product\/smile-scrunch-short-pink\/"]}]},{"@type":"ImageObject","inLanguage":"fr-FR","@id":"https:\/\/fittwear.nl\/product\/smile-scrunch-short-pink\/#primaryimage","url":"https:\/\/fittwear.nl\/wp-content\/uploads\/2024\/08\/smile-short-roze_Voorkant-onder_jpg_3.jpg","contentUrl":"https:\/\/fittwear.nl\/wp-content\/uploads\/2024\/08\/smile-short-roze_Voorkant-onder_jpg_3.jpg","width":1200,"height":1800},{"@type":"BreadcrumbList","@id":"https:\/\/fittwear.nl\/product\/smile-scrunch-short-pink\/#breadcrumb","itemListElement":[{"@type":"ListItem","position":1,"name":"Home","item":"https:\/\/fittwear.nl\/"},{"@type":"ListItem","position":2,"name":"Shop","item":"https:\/\/fittwear.nl\/shop\/"},{"@type":"ListItem","position":3,"name":"Smile Scrunch Short Pink"}]},{"@type":"WebSite","@id":"https:\/\/fittwear.nl\/#website","url":"https:\/\/fittwear.nl\/","name":"FITTwear.co.uk","description":"C'est le moment de briller !","publisher":{"@id":"https:\/\/fittwear.nl\/#organization"},"potentialAction":[{"@type":"SearchAction","target":{"@type":"EntryPoint","urlTemplate":"https:\/\/fittwear.nl\/?s={search_term_string}"},"query-input":{"@type":"PropertyValueSpecification","valueRequired":true,"valueName":"search_term_string"}}],"inLanguage":"fr-FR"},{"@type":"Organization","@id":"https:\/\/fittwear.nl\/#organization","name":"FITTwear.co.uk","url":"https:\/\/fittwear.nl\/","logo":{"@type":"ImageObject","inLanguage":"fr-FR","@id":"https:\/\/fittwear.nl\/#\/schema\/logo\/image\/","url":"https:\/\/fittwear.nl\/wp-content\/uploads\/2024\/07\/FITT-Logo-BeYOUtiful-website-homepage_Tekengebied-1-scaled.jpg","contentUrl":"https:\/\/fittwear.nl\/wp-content\/uploads\/2024\/07\/FITT-Logo-BeYOUtiful-website-homepage_Tekengebied-1-scaled.jpg","width":2560,"height":599,"caption":"FITTwear.nl"},"image":{"@id":"https:\/\/fittwear.nl\/#\/schema\/logo\/image\/"}}]}},"_links":{"self":[{"href":"https:\/\/fittwear.nl\/fr\/wp-json\/wp\/v2\/product\/96559","targetHints":{"allow":["GET"]}}],"collection":[{"href":"https:\/\/fittwear.nl\/fr\/wp-json\/wp\/v2\/product"}],"about":[{"href":"https:\/\/fittwear.nl\/fr\/wp-json\/wp\/v2\/types\/product"}],"wp:featuredmedia":[{"embeddable":true,"href":"https:\/\/fittwear.nl\/fr\/wp-json\/wp\/v2\/media\/97942"}],"wp:attachment":[{"href":"https:\/\/fittwear.nl\/fr\/wp-json\/wp\/v2\/media?parent=96559"}],"wp:term":[{"taxonomy":"product_brand","embeddable":true,"href":"https:\/\/fittwear.nl\/fr\/wp-json\/wp\/v2\/product_brand?post=96559"},{"taxonomy":"product_cat","embeddable":true,"href":"https:\/\/fittwear.nl\/fr\/wp-json\/wp\/v2\/product_cat?post=96559"},{"taxonomy":"product_tag","embeddable":true,"href":"https:\/\/fittwear.nl\/fr\/wp-json\/wp\/v2\/product_tag?post=96559"}],"curies":[{"name":"wp","href":"https:\/\/api.w.org\/{rel}","templated":true}]}}